{"id":3496,"date":"2021-11-08T16:28:30","date_gmt":"2021-11-08T16:28:30","guid":{"rendered":"https:\/\/asdevices.com\/about-us\/our-story\/"},"modified":"2024-01-19T19:19:22","modified_gmt":"2024-01-19T19:19:22","slug":"our-story","status":"publish","type":"page","link":"https:\/\/asdevices.com\/fr\/a-propos\/our-story\/","title":{"rendered":"Notre histoire"},"content":{"rendered":"\n<p>Chez ASDevices, nous sommes des ing\u00e9nieurs et des pionniers. Des inventeurs et des innovateurs. Des cr\u00e9ateurs, des personnalisateurs, des r\u00e9solveurs de probl\u00e8mes et des agents de changement.<\/p>\n\n\n\n<p>Nous sommes tout cela et bien plus encore, car nous accueillons la diversit\u00e9 et la cr\u00e9ativit\u00e9 sous toutes leurs formes. C&rsquo;est ainsi que nous parvenons \u00e0 voir au-del\u00e0 de ce qui est et \u00e0 envisager ce qui pourrait \u00eatre. C&rsquo;est ce qui nous fait sortir du lit le matin et nous aide \u00e0 passer la nuit de temps en temps. En d\u00e9finitive, nous aimons ce que nous faisons et n&rsquo;aimons rien de plus que de voir nos clients en b\u00e9n\u00e9ficier.<\/p>\n\n\n\n<div style=\"height:51px\" aria-hidden=\"true\" class=\"wp-block-spacer\"><\/div>\n\n\n\n<h2 class=\"wp-block-heading\">Comment tout a commenc\u00e9<\/h2>\n\n\n\n<p>C&rsquo;\u00e9tait au d\u00e9but des ann\u00e9es 1990. Yves Gamache (aujourd&rsquo;hui PDG d&rsquo;ASDevices) travaillait dans une usine de s\u00e9paration d&rsquo;air et trouvait que la technologie existante d&rsquo;analyse des gaz \u00e9tait insuffisante. Gr\u00e2ce \u00e0 une nouvelle m\u00e9thode invent\u00e9e par M. Gamache, l&rsquo;utilisation d&rsquo;un tube de perm\u00e9ation pour ajouter un niveau sp\u00e9cifique d&rsquo;eau au plasma afin qu&rsquo;il atteigne une stabilit\u00e9 in\u00e9gal\u00e9e, et un pi\u00e8ge \u00e0 tamis mol\u00e9culaire 3A, le K2000 est n\u00e9. Cette technologie r\u00e9volutionnaire a non seulement permis de r\u00e9soudre un probl\u00e8me courant \u00e0 l&rsquo;\u00e9poque &#8211; l&rsquo;interf\u00e9rence de l&rsquo;eau &#8211; mais a \u00e9galement jet\u00e9 les bases de ce qui allait devenir ASDevices.<\/p>\n\n\n\n<p>Voyons comment nous sommes pass\u00e9s d&rsquo;une nouvelle invention \u00e0 un leader de l&rsquo;industrie.<\/p>\n\n\n\n<div style=\"height:80px\" aria-hidden=\"true\" class=\"wp-block-spacer\"><\/div>\n\n\n<\/div> <!-- Close wrapper -->\n<div class=\"bk-timeline\">\n    <div class=\"wrapper-s\">\n        <h2>ASDevices au fil des ann\u00e9es<\/h2>                    <div class=\"timeline-item\">\n                <div class=\"year\">1992<\/div>\n                <div class=\"description\">\n                    <strong>Le K2000 : le premier analyseur N2 \u00e0 l&rsquo;\u00e9tat de trace<\/strong>\n                    <p>Yves Gamache bouleverse l&rsquo;industrie de l&rsquo;analyse des gaz et de la chromatographie en inventant le K2000, un petit analyseur de faible poids sup\u00e9rieur \u00e0 tous les instruments disponibles dans le commerce.<\/p>\n                <\/div>\n            <\/div>\n                    <div class=\"timeline-item\">\n                <div class=\"year\">1995<\/div>\n                <div class=\"description\">\n                    <strong>Le K2001 : un analyseur de nouvelle g\u00e9n\u00e9ration<\/strong>\n                    <p>Andr\u00e9 Fortier, associ\u00e9 de longue date d&rsquo;Yves Gamache, le rejoint pour cr\u00e9er Contr\u00f4le Analytique. L&rsquo;entreprise d\u00e9veloppera une s\u00e9rie de technologies r\u00e9volutionnaires, dont le K2001. Cet analyseur N2 est un succ\u00e8s mondial imm\u00e9diat et 30 ans plus tard, il est toujours la r\u00e9f\u00e9rence du march\u00e9.<\/p>\n                <\/div>\n            <\/div>\n                    <div class=\"timeline-item\">\n                <div class=\"year\">1997<\/div>\n                <div class=\"description\">\n                    <strong>Le K2002 : pour une limite de d\u00e9tection in\u00e9gal\u00e9e<\/strong>\n                    <p>Gr\u00e2ce \u00e0 une nouvelle conception, la limite de d\u00e9tection du K2001 est la meilleure de l&rsquo;industrie et devient le K2002. Gr\u00e2ce \u00e0 notre r\u00e9putation et \u00e0 notre exp\u00e9rience, le K2002 conna\u00eet un succ\u00e8s imm\u00e9diat dans l&rsquo;industrie des semi-conducteurs.<\/p>\n                <\/div>\n            <\/div>\n                    <div class=\"timeline-item\">\n                <div class=\"year\">1998<\/div>\n                <div class=\"description\">\n                    <strong>Le K3000 : le premier analyseur d&rsquo;argon brut fiable<\/strong>\n                    <p>Le premier du genre, le K3000, est lanc\u00e9 et r\u00e9volutionne lui aussi l&rsquo;industrie. La solution trouve sa place dans de nombreuses usines de semi-conducteurs dans le monde entier.<\/p>\n                <\/div>\n            <\/div>\n                    <div class=\"timeline-item\">\n                <div class=\"year\">2000<\/div>\n                <div class=\"description\">\n                    <strong>Le K4000: un syst\u00e8me GC de proc\u00e9d\u00e9s complet<\/strong>\n                    <p>Programm\u00e9 par Andr\u00e9 Lamontagne (aujourd&rsquo;hui pr\u00e9sident d&rsquo;ASDevices), le K4000 est le premier chromatographe de proc\u00e9d\u00e9 bas\u00e9 sur un d\u00e9tecteur d&rsquo;\u00e9mission plasma \u00e0 offrir une interface graphique compl\u00e8te et une chromatographie parall\u00e8le en temps r\u00e9el.<\/p>\n                <\/div>\n            <\/div>\n                    <div class=\"timeline-item\">\n                <div class=\"year\">2007<\/div>\n                <div class=\"description\">\n                    <strong>Analytical Flow Products<\/strong>\n                    <p>Contr\u00f4le Analytique est vendu \u00e0 Servomex, et l&rsquo;\u00e9quipe commence \u00e0 se concentrer sur le d\u00e9veloppement de nouvelles vannes innovantes, qui donneront naissance \u00e0 la soci\u00e9t\u00e9 Analytical Flow Products (AFP). <\/p>\n                <\/div>\n            <\/div>\n                    <div class=\"timeline-item\">\n                <div class=\"year\">2017<\/div>\n                <div class=\"description\">\n                    <strong>ASDevices prend son envol<\/strong>\n                    <p>AFP devient le principal fournisseur de vannes GC. Puis, en 2017, la soci\u00e9t\u00e9 est vendue et une nouvelle entit\u00e9 voit le jour &#8211; Analytical Sensing Devices (ASDevices). Bas\u00e9e \u00e0 Thetford, au Qu\u00e9bec, au Canada, ASDevices peut se pr\u00e9valoir de plus de trois d\u00e9cennies d&rsquo;exp\u00e9rience et d&rsquo;expertise en chromatographie en phase gazeuse et en analyse.<\/p>\n                <\/div>\n            <\/div>\n                    <div class=\"timeline-item\">\n                <div class=\"year\"><\/div>\n                <div class=\"description\">\n                    <strong>D\u00e9p\u00f4t de brevets pour prot\u00e9ger la propri\u00e9t\u00e9 intellectuelle d&rsquo;ASDevices<\/strong>\n                    <p>Pour prot\u00e9ger sa gamme croissante d&rsquo;innovations, l&rsquo;\u00e9quipe d&rsquo;ASDevices passe beaucoup de temps \u00e0 d\u00e9poser des brevets pour toutes ses technologies de base dans le monde entier.<\/p>\n                <\/div>\n            <\/div>\n                    <div class=\"timeline-item\">\n                <div class=\"year\"><\/div>\n                <div class=\"description\">\n                    <strong>Publication d&rsquo;un d\u00e9tecteur de d\u00e9charge \u00e0 plasma am\u00e9lior\u00e9 et \u00e9volutif (SePdd)<\/strong>\n                    <p>Un d\u00e9tecteur tr\u00e8s sensible avec des capacit\u00e9s de longueurs d&rsquo;onde multiples permet de nouvelles m\u00e9thodes de chromatographie.<\/p>\n                <\/div>\n            <\/div>\n                    <div class=\"timeline-item\">\n                <div class=\"year\">2018<\/div>\n                <div class=\"description\">\n                    <strong>Nouveau bureau \u00e0 Shanghai<\/strong>\n                    <p>Au fur et \u00e0 mesure de la croissance de l&rsquo;entreprise, un nouveau bureau de 1 000 m2 est ouvert en Chine. Ce site est dirig\u00e9 par Frank Zhu, ASDevices V-.P. Asie.<\/p>\n                <\/div>\n            <\/div>\n                    <div class=\"timeline-item\">\n                <div class=\"year\"><\/div>\n                <div class=\"description\">\n                    <strong>Publication de la technologie de la vanne d&rsquo;\u00e9tanch\u00e9it\u00e9 \u00e0 l\u00e8vre purg\u00e9e (PLSV)<\/strong>\n                    <p>Une technologie de purge unique \u00e9limine les fuites et fait de cette vanne la plus fiable et la plus durable du march\u00e9.<\/p>\n                <\/div>\n            <\/div>\n                    <div class=\"timeline-item\">\n                <div class=\"year\">2019<\/div>\n                <div class=\"description\">\n                    <strong>Nouveau bureau en Allemagne<\/strong>\n                    <p>L&rsquo;entreprise se d\u00e9veloppe en Europe.<\/p>\n                <\/div>\n            <\/div>\n                    <div class=\"timeline-item\">\n                <div class=\"year\">2020<\/div>\n                <div class=\"description\">\n                    <strong>Lancement de la solution d&rsquo;argon brut la plus rapide<\/strong>\n                    <p>Un analyseur d&rsquo;argon brut r\u00e9volutionnaire permet d&rsquo;obtenir des r\u00e9sultats 20 fois plus rapidement que tout ce qui existe sur le march\u00e9. Apr\u00e8s deux ans de d\u00e9veloppement et de validation par les principaux producteurs d&rsquo;argon, cette nouvelle technologie devient la r\u00e9f\u00e9rence pour am\u00e9liorer encore plus la r\u00e9cup\u00e9ration de l&rsquo;argon et r\u00e9duire la consommation d&rsquo;\u00e9nergie.<\/p>\n                <\/div>\n            <\/div>\n                    <div class=\"timeline-item\">\n                <div class=\"year\">2021<\/div>\n                <div class=\"description\">\n                    <strong>D\u00e9veloppement du tout premier analyseur GC d&rsquo;hydrog\u00e8ne de proc\u00e9d\u00e9s<\/strong>\n                    <p>Bas\u00e9e sur trois ann\u00e9es de recherche avec les fabricants d&rsquo;hydrog\u00e8ne, la premi\u00e8re solution de traitement au monde pour l&rsquo;analyse de la qualit\u00e9 de l&rsquo;hydrog\u00e8ne de qualit\u00e9 carburant ouvre la voie \u00e0 la transition vers l&rsquo;\u00e9nergie verte. Seule solution capable de mesurer le soufre \u00e0 l&rsquo;\u00e9tat d&rsquo;ultra-trace en dessous de 4 ppb sans concentrateur d&rsquo;\u00e9chantillon, elle constitue une v\u00e9ritable r\u00e9volution pour l&rsquo;industrie. La solution est inaugur\u00e9e \u00e0 l&rsquo;usine Sinopec de Yanshan, qui fournira l&rsquo;hydrog\u00e8ne pour les v\u00e9hicules utilis\u00e9s lors des Jeux olympiques d&rsquo;hiver de 2022.<\/p>\n                <\/div>\n            <\/div>\n                    <div class=\"timeline-item\">\n                <div class=\"year\">2022<\/div>\n                <div class=\"description\">\n                    <strong>Toujours innover<\/strong>\n                    <p>Aujourd&rsquo;hui, ASDevices est un leader international de la chromatographie en phase gazeuse et de l&rsquo;analyse des gaz, offrant des solutions robustes et fiables \u00e0 un large \u00e9ventail d&rsquo;industries. Notre obsession pour la R&#038;D, notre passion pour l&rsquo;innovation et notre volont\u00e9 de d\u00e9passer les attentes nous poussent \u00e0 nous efforcer d&rsquo;am\u00e9liorer les choses &#8211; chaque jour. Quelle sera la prochaine innovation ?<\/p>\n                <\/div>\n            <\/div>\n            <\/div>    \n<\/div>\n<div class=\"wrapper-s bk-wysiwyg\">\n\n\n<div style=\"height:60px\" aria-hidden=\"true\" class=\"wp-block-spacer\"><\/div>\n\n\n<div class=\"bk-banner-dark\">\n    <div class=\"wrapper-s\">\n        <h2>Quelle est la prochaine \u00e9tape ?<\/h2><p>Nous sommes motiv\u00e9s par l&rsquo;innovation. Nous aimons toujours travailler avec nos clients lorsqu&rsquo;ils ont un nouveau d\u00e9fi \u00e0 relever. Toutes nos technologies ont \u00e9t\u00e9 con\u00e7ues dans un but pr\u00e9cis : relever de nouveaux d\u00e9fis. Si vous ne trouvez pas de solution analytique, contactez l&rsquo;un de nos experts.<\/p>\n<div class=\"row\">\n<div class=\"item\"><a class=\"btn\" href=\"https:\/\/asdevices.com\/gcsolutions\/\">EN SAVOIR PLUS SUR NOS SOLUTIONS SUR MESURE<\/a><\/div>\n<div class=\"item\"><a class=\"btn\" href=\"https:\/\/asdevices.com\/contact\/\">Contactez nous<\/a><\/div>\n<\/div>\n    <\/div>\n<\/div>\n\n\n<p><\/p>\n","protected":false},"excerpt":{"rendered":"<p>Chez ASDevices, nous sommes des ing\u00e9nieurs et des pionniers. Des inventeurs et des innovateurs. Des cr\u00e9ateurs, des personnalisateurs, des r\u00e9solveurs de probl\u00e8mes et des agents de changement. Nous sommes tout cela et bien plus encore, car nous accueillons la diversit\u00e9 et la cr\u00e9ativit\u00e9 sous toutes leurs formes. C&rsquo;est ainsi que nous parvenons \u00e0 voir au-del\u00e0 [&hellip;]<\/p>\n","protected":false},"author":1,"featured_media":0,"parent":3364,"menu_order":0,"comment_status":"closed","ping_status":"closed","template":"template-story.php","meta":{"_acf_changed":false,"inline_featured_image":false,"footnotes":""},"class_list":["post-3496","page","type-page","status-publish","hentry"],"acf":[],"yoast_head":"<!-- This site is optimized with the Yoast SEO plugin v26.4 - https:\/\/yoast.com\/wordpress\/plugins\/seo\/ -->\n<title>Notre histoire - ASDevices<\/title>\n<meta name=\"description\" content=\"ASDevices offre des solutions analytiques robustes et de haute qualit\u00e9 dans le domaine de la chromatographie en phase gazeuse.\" \/>\n<meta name=\"robots\" content=\"index, follow, max-snippet:-1, max-image-preview:large, max-video-preview:-1\" \/>\n<link rel=\"canonical\" href=\"https:\/\/asdevices.com\/fr\/a-propos\/our-story\/\" \/>\n<meta property=\"og:locale\" content=\"fr_FR\" \/>\n<meta property=\"og:type\" content=\"article\" \/>\n<meta property=\"og:title\" content=\"Notre histoire - ASDevices\" \/>\n<meta property=\"og:description\" content=\"ASDevices offre des solutions analytiques robustes et de haute qualit\u00e9 dans le domaine de la chromatographie en phase gazeuse.\" \/>\n<meta property=\"og:url\" content=\"https:\/\/asdevices.com\/fr\/a-propos\/our-story\/\" \/>\n<meta property=\"og:site_name\" content=\"ASDevices\" \/>\n<meta property=\"article:modified_time\" content=\"2024-01-19T19:19:22+00:00\" \/>\n<meta property=\"og:image\" content=\"https:\/\/asdevices.com\/wp-content\/uploads\/2021\/12\/ogimage.jpg\" \/>\n\t<meta property=\"og:image:width\" content=\"1200\" \/>\n\t<meta property=\"og:image:height\" content=\"630\" \/>\n\t<meta property=\"og:image:type\" content=\"image\/jpeg\" \/>\n<meta name=\"twitter:card\" content=\"summary_large_image\" \/>\n<meta name=\"twitter:site\" content=\"@as_devices\" \/>\n<meta name=\"twitter:label1\" content=\"Dur\u00e9e de lecture estim\u00e9e\" \/>\n\t<meta name=\"twitter:data1\" content=\"1 minute\" \/>\n<script type=\"application\/ld+json\" class=\"yoast-schema-graph\">{\"@context\":\"https:\/\/schema.org\",\"@graph\":[{\"@type\":\"WebPage\",\"@id\":\"https:\/\/asdevices.com\/fr\/a-propos\/our-story\/\",\"url\":\"https:\/\/asdevices.com\/fr\/a-propos\/our-story\/\",\"name\":\"Notre histoire - ASDevices\",\"isPartOf\":{\"@id\":\"https:\/\/asdevices.com\/#website\"},\"datePublished\":\"2021-11-08T16:28:30+00:00\",\"dateModified\":\"2024-01-19T19:19:22+00:00\",\"description\":\"ASDevices offre des solutions analytiques robustes et de haute qualit\u00e9 dans le domaine de la chromatographie en phase gazeuse.\",\"breadcrumb\":{\"@id\":\"https:\/\/asdevices.com\/fr\/a-propos\/our-story\/#breadcrumb\"},\"inLanguage\":\"fr-FR\",\"potentialAction\":[{\"@type\":\"ReadAction\",\"target\":[\"https:\/\/asdevices.com\/fr\/a-propos\/our-story\/\"]}]},{\"@type\":\"BreadcrumbList\",\"@id\":\"https:\/\/asdevices.com\/fr\/a-propos\/our-story\/#breadcrumb\",\"itemListElement\":[{\"@type\":\"ListItem\",\"position\":1,\"name\":\"Home\",\"item\":\"https:\/\/asdevices.com\/fr\/\"},{\"@type\":\"ListItem\",\"position\":2,\"name\":\"\u00c0 propos de nous\",\"item\":\"https:\/\/asdevices.com\/fr\/a-propos\/\"},{\"@type\":\"ListItem\",\"position\":3,\"name\":\"Notre histoire\"}]},{\"@type\":\"WebSite\",\"@id\":\"https:\/\/asdevices.com\/#website\",\"url\":\"https:\/\/asdevices.com\/\",\"name\":\"ASDevices\",\"description\":\"\",\"publisher\":{\"@id\":\"https:\/\/asdevices.com\/#organization\"},\"potentialAction\":[{\"@type\":\"SearchAction\",\"target\":{\"@type\":\"EntryPoint\",\"urlTemplate\":\"https:\/\/asdevices.com\/?s={search_term_string}\"},\"query-input\":{\"@type\":\"PropertyValueSpecification\",\"valueRequired\":true,\"valueName\":\"search_term_string\"}}],\"inLanguage\":\"fr-FR\"},{\"@type\":\"Organization\",\"@id\":\"https:\/\/asdevices.com\/#organization\",\"name\":\"ASDevices\",\"url\":\"https:\/\/asdevices.com\/\",\"logo\":{\"@type\":\"ImageObject\",\"inLanguage\":\"fr-FR\",\"@id\":\"https:\/\/asdevices.com\/#\/schema\/logo\/image\/\",\"url\":\"http:\/\/cmt.a7d.mywebsitetransfer.com\/wp-content\/uploads\/2021\/12\/asdevices_logo.png\",\"contentUrl\":\"http:\/\/cmt.a7d.mywebsitetransfer.com\/wp-content\/uploads\/2021\/12\/asdevices_logo.png\",\"width\":370,\"height\":182,\"caption\":\"ASDevices\"},\"image\":{\"@id\":\"https:\/\/asdevices.com\/#\/schema\/logo\/image\/\"},\"sameAs\":[\"https:\/\/x.com\/as_devices\",\"https:\/\/www.linkedin.com\/company\/asdevices\/mycompany\/?viewAsMember=true\"]}]}<\/script>\n<!-- \/ Yoast SEO plugin. -->","yoast_head_json":{"title":"Notre histoire - ASDevices","description":"ASDevices offre des solutions analytiques robustes et de haute qualit\u00e9 dans le domaine de la chromatographie en phase gazeuse.","robots":{"index":"index","follow":"follow","max-snippet":"max-snippet:-1","max-image-preview":"max-image-preview:large","max-video-preview":"max-video-preview:-1"},"canonical":"https:\/\/asdevices.com\/fr\/a-propos\/our-story\/","og_locale":"fr_FR","og_type":"article","og_title":"Notre histoire - ASDevices","og_description":"ASDevices offre des solutions analytiques robustes et de haute qualit\u00e9 dans le domaine de la chromatographie en phase gazeuse.","og_url":"https:\/\/asdevices.com\/fr\/a-propos\/our-story\/","og_site_name":"ASDevices","article_modified_time":"2024-01-19T19:19:22+00:00","og_image":[{"width":1200,"height":630,"url":"https:\/\/asdevices.com\/wp-content\/uploads\/2021\/12\/ogimage.jpg","type":"image\/jpeg"}],"twitter_card":"summary_large_image","twitter_site":"@as_devices","twitter_misc":{"Dur\u00e9e de lecture estim\u00e9e":"1 minute"},"schema":{"@context":"https:\/\/schema.org","@graph":[{"@type":"WebPage","@id":"https:\/\/asdevices.com\/fr\/a-propos\/our-story\/","url":"https:\/\/asdevices.com\/fr\/a-propos\/our-story\/","name":"Notre histoire - ASDevices","isPartOf":{"@id":"https:\/\/asdevices.com\/#website"},"datePublished":"2021-11-08T16:28:30+00:00","dateModified":"2024-01-19T19:19:22+00:00","description":"ASDevices offre des solutions analytiques robustes et de haute qualit\u00e9 dans le domaine de la chromatographie en phase gazeuse.","breadcrumb":{"@id":"https:\/\/asdevices.com\/fr\/a-propos\/our-story\/#breadcrumb"},"inLanguage":"fr-FR","potentialAction":[{"@type":"ReadAction","target":["https:\/\/asdevices.com\/fr\/a-propos\/our-story\/"]}]},{"@type":"BreadcrumbList","@id":"https:\/\/asdevices.com\/fr\/a-propos\/our-story\/#breadcrumb","itemListElement":[{"@type":"ListItem","position":1,"name":"Home","item":"https:\/\/asdevices.com\/fr\/"},{"@type":"ListItem","position":2,"name":"\u00c0 propos de nous","item":"https:\/\/asdevices.com\/fr\/a-propos\/"},{"@type":"ListItem","position":3,"name":"Notre histoire"}]},{"@type":"WebSite","@id":"https:\/\/asdevices.com\/#website","url":"https:\/\/asdevices.com\/","name":"ASDevices","description":"","publisher":{"@id":"https:\/\/asdevices.com\/#organization"},"potentialAction":[{"@type":"SearchAction","target":{"@type":"EntryPoint","urlTemplate":"https:\/\/asdevices.com\/?s={search_term_string}"},"query-input":{"@type":"PropertyValueSpecification","valueRequired":true,"valueName":"search_term_string"}}],"inLanguage":"fr-FR"},{"@type":"Organization","@id":"https:\/\/asdevices.com\/#organization","name":"ASDevices","url":"https:\/\/asdevices.com\/","logo":{"@type":"ImageObject","inLanguage":"fr-FR","@id":"https:\/\/asdevices.com\/#\/schema\/logo\/image\/","url":"http:\/\/cmt.a7d.mywebsitetransfer.com\/wp-content\/uploads\/2021\/12\/asdevices_logo.png","contentUrl":"http:\/\/cmt.a7d.mywebsitetransfer.com\/wp-content\/uploads\/2021\/12\/asdevices_logo.png","width":370,"height":182,"caption":"ASDevices"},"image":{"@id":"https:\/\/asdevices.com\/#\/schema\/logo\/image\/"},"sameAs":["https:\/\/x.com\/as_devices","https:\/\/www.linkedin.com\/company\/asdevices\/mycompany\/?viewAsMember=true"]}]}},"_links":{"self":[{"href":"https:\/\/asdevices.com\/fr\/wp-json\/wp\/v2\/pages\/3496","targetHints":{"allow":["GET"]}}],"collection":[{"href":"https:\/\/asdevices.com\/fr\/wp-json\/wp\/v2\/pages"}],"about":[{"href":"https:\/\/asdevices.com\/fr\/wp-json\/wp\/v2\/types\/page"}],"author":[{"embeddable":true,"href":"https:\/\/asdevices.com\/fr\/wp-json\/wp\/v2\/users\/1"}],"replies":[{"embeddable":true,"href":"https:\/\/asdevices.com\/fr\/wp-json\/wp\/v2\/comments?post=3496"}],"version-history":[{"count":2,"href":"https:\/\/asdevices.com\/fr\/wp-json\/wp\/v2\/pages\/3496\/revisions"}],"predecessor-version":[{"id":3500,"href":"https:\/\/asdevices.com\/fr\/wp-json\/wp\/v2\/pages\/3496\/revisions\/3500"}],"up":[{"embeddable":true,"href":"https:\/\/asdevices.com\/fr\/wp-json\/wp\/v2\/pages\/3364"}],"wp:attachment":[{"href":"https:\/\/asdevices.com\/fr\/wp-json\/wp\/v2\/media?parent=3496"}],"curies":[{"name":"wp","href":"https:\/\/api.w.org\/{rel}","templated":true}]}}