{"id":3492,"date":"2021-11-09T14:58:25","date_gmt":"2021-11-09T14:58:25","guid":{"rendered":"https:\/\/asdevices.com\/about-us\/our-patents\/"},"modified":"2024-01-19T18:42:24","modified_gmt":"2024-01-19T18:42:24","slug":"our-patents","status":"publish","type":"page","link":"https:\/\/asdevices.com\/fr\/a-propos\/our-patents\/","title":{"rendered":"Nos brevets"},"content":{"rendered":"","protected":false},"excerpt":{"rendered":"","protected":false},"author":1,"featured_media":0,"parent":3364,"menu_order":0,"comment_status":"closed","ping_status":"closed","template":"template-patents.php","meta":{"_acf_changed":false,"inline_featured_image":false,"footnotes":""},"class_list":["post-3492","page","type-page","status-publish","hentry"],"acf":[],"yoast_head":"<!-- This site is optimized with the Yoast SEO plugin v26.4 - https:\/\/yoast.com\/wordpress\/plugins\/seo\/ -->\n<title>Nos brevets - ASDevices<\/title>\n<meta name=\"description\" content=\"D\u00e9couvrez nos multiples brevets dans le domaine de la chromatographie en phase gazeuse, bas\u00e9s sur plus de 30 ans d&#039;exp\u00e9rience.\" \/>\n<meta name=\"robots\" content=\"index, follow, max-snippet:-1, max-image-preview:large, max-video-preview:-1\" \/>\n<link rel=\"canonical\" href=\"https:\/\/asdevices.com\/fr\/a-propos\/our-patents\/\" \/>\n<meta property=\"og:locale\" content=\"fr_FR\" \/>\n<meta property=\"og:type\" content=\"article\" \/>\n<meta property=\"og:title\" content=\"Nos brevets - ASDevices\" \/>\n<meta property=\"og:description\" content=\"D\u00e9couvrez nos multiples brevets dans le domaine de la chromatographie en phase gazeuse, bas\u00e9s sur plus de 30 ans d&#039;exp\u00e9rience.\" \/>\n<meta property=\"og:url\" content=\"https:\/\/asdevices.com\/fr\/a-propos\/our-patents\/\" \/>\n<meta property=\"og:site_name\" content=\"ASDevices\" \/>\n<meta property=\"article:modified_time\" content=\"2024-01-19T18:42:24+00:00\" \/>\n<meta property=\"og:image\" content=\"https:\/\/asdevices.com\/wp-content\/uploads\/2021\/12\/ogimage.jpg\" \/>\n\t<meta property=\"og:image:width\" content=\"1200\" \/>\n\t<meta property=\"og:image:height\" content=\"630\" \/>\n\t<meta property=\"og:image:type\" content=\"image\/jpeg\" \/>\n<meta name=\"twitter:card\" content=\"summary_large_image\" \/>\n<meta name=\"twitter:site\" content=\"@as_devices\" \/>\n<script type=\"application\/ld+json\" class=\"yoast-schema-graph\">{\"@context\":\"https:\/\/schema.org\",\"@graph\":[{\"@type\":\"WebPage\",\"@id\":\"https:\/\/asdevices.com\/fr\/a-propos\/our-patents\/\",\"url\":\"https:\/\/asdevices.com\/fr\/a-propos\/our-patents\/\",\"name\":\"Nos brevets - ASDevices\",\"isPartOf\":{\"@id\":\"https:\/\/asdevices.com\/#website\"},\"datePublished\":\"2021-11-09T14:58:25+00:00\",\"dateModified\":\"2024-01-19T18:42:24+00:00\",\"description\":\"D\u00e9couvrez nos multiples brevets dans le domaine de la chromatographie en phase gazeuse, bas\u00e9s sur plus de 30 ans d'exp\u00e9rience.\",\"breadcrumb\":{\"@id\":\"https:\/\/asdevices.com\/fr\/a-propos\/our-patents\/#breadcrumb\"},\"inLanguage\":\"fr-FR\",\"potentialAction\":[{\"@type\":\"ReadAction\",\"target\":[\"https:\/\/asdevices.com\/fr\/a-propos\/our-patents\/\"]}]},{\"@type\":\"BreadcrumbList\",\"@id\":\"https:\/\/asdevices.com\/fr\/a-propos\/our-patents\/#breadcrumb\",\"itemListElement\":[{\"@type\":\"ListItem\",\"position\":1,\"name\":\"Home\",\"item\":\"https:\/\/asdevices.com\/fr\/\"},{\"@type\":\"ListItem\",\"position\":2,\"name\":\"\u00c0 propos de nous\",\"item\":\"https:\/\/asdevices.com\/fr\/a-propos\/\"},{\"@type\":\"ListItem\",\"position\":3,\"name\":\"Nos brevets\"}]},{\"@type\":\"WebSite\",\"@id\":\"https:\/\/asdevices.com\/#website\",\"url\":\"https:\/\/asdevices.com\/\",\"name\":\"ASDevices\",\"description\":\"\",\"publisher\":{\"@id\":\"https:\/\/asdevices.com\/#organization\"},\"potentialAction\":[{\"@type\":\"SearchAction\",\"target\":{\"@type\":\"EntryPoint\",\"urlTemplate\":\"https:\/\/asdevices.com\/?s={search_term_string}\"},\"query-input\":{\"@type\":\"PropertyValueSpecification\",\"valueRequired\":true,\"valueName\":\"search_term_string\"}}],\"inLanguage\":\"fr-FR\"},{\"@type\":\"Organization\",\"@id\":\"https:\/\/asdevices.com\/#organization\",\"name\":\"ASDevices\",\"url\":\"https:\/\/asdevices.com\/\",\"logo\":{\"@type\":\"ImageObject\",\"inLanguage\":\"fr-FR\",\"@id\":\"https:\/\/asdevices.com\/#\/schema\/logo\/image\/\",\"url\":\"http:\/\/cmt.a7d.mywebsitetransfer.com\/wp-content\/uploads\/2021\/12\/asdevices_logo.png\",\"contentUrl\":\"http:\/\/cmt.a7d.mywebsitetransfer.com\/wp-content\/uploads\/2021\/12\/asdevices_logo.png\",\"width\":370,\"height\":182,\"caption\":\"ASDevices\"},\"image\":{\"@id\":\"https:\/\/asdevices.com\/#\/schema\/logo\/image\/\"},\"sameAs\":[\"https:\/\/x.com\/as_devices\",\"https:\/\/www.linkedin.com\/company\/asdevices\/mycompany\/?viewAsMember=true\"]}]}<\/script>\n<!-- \/ Yoast SEO plugin. -->","yoast_head_json":{"title":"Nos brevets - ASDevices","description":"D\u00e9couvrez nos multiples brevets dans le domaine de la chromatographie en phase gazeuse, bas\u00e9s sur plus de 30 ans d'exp\u00e9rience.","robots":{"index":"index","follow":"follow","max-snippet":"max-snippet:-1","max-image-preview":"max-image-preview:large","max-video-preview":"max-video-preview:-1"},"canonical":"https:\/\/asdevices.com\/fr\/a-propos\/our-patents\/","og_locale":"fr_FR","og_type":"article","og_title":"Nos brevets - ASDevices","og_description":"D\u00e9couvrez nos multiples brevets dans le domaine de la chromatographie en phase gazeuse, bas\u00e9s sur plus de 30 ans d'exp\u00e9rience.","og_url":"https:\/\/asdevices.com\/fr\/a-propos\/our-patents\/","og_site_name":"ASDevices","article_modified_time":"2024-01-19T18:42:24+00:00","og_image":[{"width":1200,"height":630,"url":"https:\/\/asdevices.com\/wp-content\/uploads\/2021\/12\/ogimage.jpg","type":"image\/jpeg"}],"twitter_card":"summary_large_image","twitter_site":"@as_devices","schema":{"@context":"https:\/\/schema.org","@graph":[{"@type":"WebPage","@id":"https:\/\/asdevices.com\/fr\/a-propos\/our-patents\/","url":"https:\/\/asdevices.com\/fr\/a-propos\/our-patents\/","name":"Nos brevets - ASDevices","isPartOf":{"@id":"https:\/\/asdevices.com\/#website"},"datePublished":"2021-11-09T14:58:25+00:00","dateModified":"2024-01-19T18:42:24+00:00","description":"D\u00e9couvrez nos multiples brevets dans le domaine de la chromatographie en phase gazeuse, bas\u00e9s sur plus de 30 ans d'exp\u00e9rience.","breadcrumb":{"@id":"https:\/\/asdevices.com\/fr\/a-propos\/our-patents\/#breadcrumb"},"inLanguage":"fr-FR","potentialAction":[{"@type":"ReadAction","target":["https:\/\/asdevices.com\/fr\/a-propos\/our-patents\/"]}]},{"@type":"BreadcrumbList","@id":"https:\/\/asdevices.com\/fr\/a-propos\/our-patents\/#breadcrumb","itemListElement":[{"@type":"ListItem","position":1,"name":"Home","item":"https:\/\/asdevices.com\/fr\/"},{"@type":"ListItem","position":2,"name":"\u00c0 propos de nous","item":"https:\/\/asdevices.com\/fr\/a-propos\/"},{"@type":"ListItem","position":3,"name":"Nos brevets"}]},{"@type":"WebSite","@id":"https:\/\/asdevices.com\/#website","url":"https:\/\/asdevices.com\/","name":"ASDevices","description":"","publisher":{"@id":"https:\/\/asdevices.com\/#organization"},"potentialAction":[{"@type":"SearchAction","target":{"@type":"EntryPoint","urlTemplate":"https:\/\/asdevices.com\/?s={search_term_string}"},"query-input":{"@type":"PropertyValueSpecification","valueRequired":true,"valueName":"search_term_string"}}],"inLanguage":"fr-FR"},{"@type":"Organization","@id":"https:\/\/asdevices.com\/#organization","name":"ASDevices","url":"https:\/\/asdevices.com\/","logo":{"@type":"ImageObject","inLanguage":"fr-FR","@id":"https:\/\/asdevices.com\/#\/schema\/logo\/image\/","url":"http:\/\/cmt.a7d.mywebsitetransfer.com\/wp-content\/uploads\/2021\/12\/asdevices_logo.png","contentUrl":"http:\/\/cmt.a7d.mywebsitetransfer.com\/wp-content\/uploads\/2021\/12\/asdevices_logo.png","width":370,"height":182,"caption":"ASDevices"},"image":{"@id":"https:\/\/asdevices.com\/#\/schema\/logo\/image\/"},"sameAs":["https:\/\/x.com\/as_devices","https:\/\/www.linkedin.com\/company\/asdevices\/mycompany\/?viewAsMember=true"]}]}},"_links":{"self":[{"href":"https:\/\/asdevices.com\/fr\/wp-json\/wp\/v2\/pages\/3492","targetHints":{"allow":["GET"]}}],"collection":[{"href":"https:\/\/asdevices.com\/fr\/wp-json\/wp\/v2\/pages"}],"about":[{"href":"https:\/\/asdevices.com\/fr\/wp-json\/wp\/v2\/types\/page"}],"author":[{"embeddable":true,"href":"https:\/\/asdevices.com\/fr\/wp-json\/wp\/v2\/users\/1"}],"replies":[{"embeddable":true,"href":"https:\/\/asdevices.com\/fr\/wp-json\/wp\/v2\/comments?post=3492"}],"version-history":[{"count":1,"href":"https:\/\/asdevices.com\/fr\/wp-json\/wp\/v2\/pages\/3492\/revisions"}],"predecessor-version":[{"id":3494,"href":"https:\/\/asdevices.com\/fr\/wp-json\/wp\/v2\/pages\/3492\/revisions\/3494"}],"up":[{"embeddable":true,"href":"https:\/\/asdevices.com\/fr\/wp-json\/wp\/v2\/pages\/3364"}],"wp:attachment":[{"href":"https:\/\/asdevices.com\/fr\/wp-json\/wp\/v2\/media?parent=3492"}],"curies":[{"name":"wp","href":"https:\/\/api.w.org\/{rel}","templated":true}]}}