{"id":3481,"date":"2021-11-24T18:04:12","date_gmt":"2021-11-24T18:04:12","guid":{"rendered":"https:\/\/asdevices.com\/products\/detectors\/"},"modified":"2024-01-19T20:00:16","modified_gmt":"2024-01-19T20:00:16","slug":"detectors","status":"publish","type":"page","link":"https:\/\/asdevices.com\/fr\/products\/detectors\/","title":{"rendered":"D\u00e9tecteurs"},"content":{"rendered":"<div class=\"bk-inter-hero \">\n    <div class=\"wrapper-s\">\n                    <span class=\"breadcrumbs\"><!-- Breadcrumb NavXT 7.4.1 -->\n<span property=\"itemListElement\" typeof=\"ListItem\"><a property=\"item\" typeof=\"WebPage\" title=\"Go to ASDevices.\" href=\"https:\/\/asdevices.com\/fr\/\" class=\"home\" ><span property=\"name\">ASDevices<\/span><\/a><meta property=\"position\" content=\"1\"><\/span> <i>&gt; <\/i><span property=\"itemListElement\" typeof=\"ListItem\"><a property=\"item\" typeof=\"WebPage\" title=\"Go to \u00c0 propos de nous.\" href=\"https:\/\/asdevices.com\/fr\/a-propos\/\" class=\"post post-page\" ><span property=\"name\">\u00c0 propos de nous<\/span><\/a><meta property=\"position\" content=\"2\"><\/span> <i>&gt; <\/i><span property=\"itemListElement\" typeof=\"ListItem\"><a property=\"item\" typeof=\"WebPage\" title=\"Go to Nos nouvelles.\" href=\"https:\/\/asdevices.com\/fr\/a-propos\/our-news\/\" class=\"post-root post post-post\" aria-current=\"page\"><span property=\"name\">Nos nouvelles<\/span><\/a><meta property=\"position\" content=\"3\"><\/span><\/span>\n                            <div class=\"image\">\n                                                                                        <img decoding=\"async\" src=\"https:\/\/asdevices.com\/wp-content\/uploads\/2021\/12\/detector_hero-3.jpg\" alt=\"\">\n                                                                        <\/div>\n                        <div class=\"content\">\n            <span class=\"sup-title\">D\u00e9tecteurs<\/span>            <h1>Quand l&rsquo;innovation rencontre <strong>la performance<\/strong> <\/h1>            <p>Nous proposons plusieurs d\u00e9tecteurs standard et des technologies qui nous sont propres, avec des capteurs d\u00e9velopp\u00e9s pour \u00eatre robustes et tr\u00e8s performants. Bien que nos d\u00e9tecteurs sont optimis\u00e9s pour les plateformes GC d&rsquo;ASDevices, ils fonctionnent tout aussi bien sur n&rsquo;importe quelle plateforme GC.<\/p>                    <\/div>\n            <\/div>\n<\/div>\n\n<div class=\"bk-grid-icons\">\n    <div class=\"wrapper-s\">\n        <h2>Pourquoi <strong>choisir<\/strong> nos produits ?<\/h2>                    <div class=\"grid\">\n                                    <div class=\"item\">\n                        <img decoding=\"async\" src=\"https:\/\/asdevices.com\/wp-content\/uploads\/2021\/11\/innovation.svg\" alt=\"\">                        <span>Pr\u00eat \u00e0 l&#8217;emploi<\/span>                        <p>Compatible avec toutes les plateformes GC<\/p>                    <\/div>\n                                    <div class=\"item\">\n                        <img decoding=\"async\" src=\"https:\/\/asdevices.com\/wp-content\/uploads\/2021\/11\/robust-1.svg\" alt=\"\">                        <span>Plus robustes<\/span>                        <p>Con\u00e7u et soutenu par des experts<\/p>                    <\/div>\n                                    <div class=\"item\">\n                        <img decoding=\"async\" src=\"https:\/\/asdevices.com\/wp-content\/uploads\/2021\/11\/performance.svg\" alt=\"\">                        <span>Haute performance<\/span>                        <p>Des r\u00e9sultats pr\u00e9cis et reproductibles<\/p>                    <\/div>\n                                    <div class=\"item\">\n                        <img decoding=\"async\" src=\"https:\/\/asdevices.com\/wp-content\/uploads\/2021\/11\/quality.svg\" alt=\"\">                        <span>Haute qualit\u00e9 et durabilit\u00e9<\/span>                        <p>Faible co\u00fbt de propri\u00e9t\u00e9<\/p>                    <\/div>\n                            <\/div>\n            <\/div>\n<\/div>\n\n<div class=\"bk-prod-full-w\">\n    <div class=\"wrapper-s\">\n        <h2>Nos <strong>d\u00e9tecteurs<\/strong><\/h2>        <div class=\"grid\">\n                        <div class=\"item\">\n                                <div class=\"image\">\n                    <img decoding=\"async\" src=\"https:\/\/asdevices.com\/wp-content\/uploads\/2021\/11\/MiniSePdd_FondTransparent-580x380.jpg\" alt=\"\">\n                <\/div>\n                                <div class=\"content\">\n                    <h3 class=\"\">D\u00e9tecteur Mini SePdd<\/h3>\n                                        <div class=\"row\">\n                        <div class=\"cl\">\n                            <p>Compact mais puissant, notre d\u00e9tecteur de d\u00e9charge plasma am\u00e9lior\u00e9e (Epd) d&rsquo;entr\u00e9e de gamme offre des performances in\u00e9gal\u00e9es pour des applications simples.<\/p>\n<ul>\n<li>Version \u00e0 longueur d&rsquo;onde unique<\/li>\n<li>Interface de signal analogique<\/li>\n<li>Alternative aux DID, PDHID, FID, TCD, FPD et SCD<\/li>\n<\/ul>\n<br>\n                                                            <a href=\"https:\/\/asdevices.com\/fr\/produits\/mini-sepdd\/\" class=\"btn\">En savoir plus<\/a>\n                                                    <\/div>\n                                            <\/div>\n                <\/div>\n            <\/div>\n                        <div class=\"item\">\n                                <div class=\"image\">\n                    <img decoding=\"async\" src=\"https:\/\/asdevices.com\/wp-content\/uploads\/2021\/11\/web_IMG9235-580x380.jpg\" alt=\"\">\n                <\/div>\n                                <div class=\"content\">\n                    <h3 class=\"\">D\u00e9tecteur eFID<\/h3>\n                                        <div class=\"row\">\n                        <div class=\"cl\">\n                            <p>Notre d\u00e9tecteur \u00e0 ionisation de flamme tr\u00e8s sensible et robuste<\/p>\n<ul>\n<li>LOD &lt; 10 ppb CH4 (1 ppb avec l&rsquo;algorithme eLOD)<\/li>\n<li>Faible bruit et faible d\u00e9rive gr\u00e2ce \u00e0 notre \u00e9lectrom\u00e8tre eSense<\/li>\n<li>Entr\u00e9e pour colonne capillaire et \u00e0 garnissage<\/li>\n<li>Extinction de la flamme et auto-inflammation avec notre logiciel ASDSense GC<\/li>\n<\/ul>\n<br>\n                                                            <a href=\"https:\/\/asdevices.com\/fr\/produits\/efid\/\" class=\"btn\">En savoir plus<\/a>\n                                                    <\/div>\n                                            <\/div>\n                <\/div>\n            <\/div>\n                        <div class=\"item\">\n                                <div class=\"image\">\n                    <img decoding=\"async\" src=\"https:\/\/asdevices.com\/wp-content\/uploads\/2021\/11\/TCD_r_IMG5225-1-580x380.jpg\" alt=\"\">\n                <\/div>\n                                <div class=\"content\">\n                    <h3 class=\"\">D\u00e9tecteur TCD<\/h3>\n                                        <div class=\"row\">\n                        <div class=\"cl\">\n                            <p>Notre d\u00e9tecteur TCD diff\u00e9rentiel de haute qualit\u00e9 et de haute performance<\/p>\n<ul>\n<li>Conception du TCD diff\u00e9rentiel<\/li>\n<li>Conception d&rsquo;un amplificateur propri\u00e9taire de haute qualit\u00e9<\/li>\n<\/ul>\n<br>\n                                                            <a href=\"https:\/\/asdevices.com\/fr\/produits\/tcd\/\" class=\"btn\">En savoir plus<\/a>\n                                                    <\/div>\n                                            <\/div>\n                <\/div>\n            <\/div>\n                        <div class=\"item\">\n                                <div class=\"image\">\n                    <img decoding=\"async\" src=\"https:\/\/asdevices.com\/wp-content\/uploads\/2021\/10\/SePdd-s-580x380.png\" alt=\"\">\n                <\/div>\n                                <div class=\"content\">\n                    <h3 class=\"\">SePdd<\/h3>\n                                        <div class=\"row\">\n                        <div class=\"cl\">\n                            <p>Bas\u00e9 sur notre technologie de d\u00e9charge plasma am\u00e9lior\u00e9e (Epd), notre SePdd permet de nouvelles m\u00e9thodes de chromatographie.<\/p>\n<ul>\n<li>D\u00e9tecteur \u00e0 haute sensibilit\u00e9<\/li>\n<li>Possibilit\u00e9 d&rsquo;utiliser plusieurs longueurs d&rsquo;onde<\/li>\n<li>Aliment\u00e9 par le module CPM<\/li>\n<li>Alternative aux DID, PDHID, FID, TCD, FPD et SCD<\/li>\n<\/ul>\n<br>\n                                                            <a href=\"https:\/\/asdevices.com\/fr\/produits\/sepdd\/\" class=\"btn\">En savoir plus<\/a>\n                                                    <\/div>\n                                            <\/div>\n                <\/div>\n            <\/div>\n                    <\/div>\n    <\/div>\n<\/div>\n\n<div class=\"bk-img-text-cta  \">\n    <div class=\"wrapper-s\">\n        <h2>Des performance am\u00e9lior\u00e9es par <strong>notre CPM<\/strong><\/h2>        <div class=\"grid\">\n            <div class=\"item image\">\n                <img decoding=\"async\" src=\"https:\/\/asdevices.com\/wp-content\/uploads\/2021\/12\/CPM-large.png\" alt=\"\">            <\/div>\n            <div class=\"item content\">\n                <p>Nos 30 ann\u00e9es d&rsquo;exp\u00e9rience dans le d\u00e9veloppement d&rsquo;appareils \u00e9lectroniques analogiques et num\u00e9riques haut de gamme ont \u00e9t\u00e9 mises \u00e0 profit pour cr\u00e9er notre CPM (Chromatographic Processing Module). Con\u00e7u pour s&rsquo;interfacer avec la plupart des types de d\u00e9tecteurs GC, il offre un conditionnement de signal analogique haut de gamme ainsi qu&rsquo;un traitement de signal num\u00e9rique avanc\u00e9.<\/p>\n<p><strong>Caract\u00e9ristiques :<\/strong><\/p>\n<ul>\n<li>4x ADC simultan\u00e9 et synchrone 24 bits, 50 kHz<\/li>\n<li>Traitement avanc\u00e9 des signaux bas\u00e9 sur un processeur ARM \u00e0 grande vitesse avec RTOS<\/li>\n<li>Algorithme d&rsquo;apprentissage qui am\u00e9liore le SNR<\/li>\n<li>Fabriqu\u00e9 \u00e0 partir de composants \u00e9lectroniques haut de gamme pour la qualit\u00e9 et la performance<\/li>\n<\/ul>\n                <a class=\"btn\" target=\"\" href=\"http:\/\/asdevices.com\/products\/chromatographic-processing-module-cpm\/\">En savoir plus sur CPM<\/a>            <\/div>\n        <\/div>\n    <\/div>\n<\/div>\n\n<div class=\"bk-banner-dark\">\n    <div class=\"wrapper-s\">\n        <h2>Parlez \u00e0 un expert<\/h2><p>Avec plus de 30 ans d&rsquo;exp\u00e9rience dans le domaine de la chromatographie en phase gazeuse, nos experts peuvent vous aider \u00e0 trouver la solution id\u00e9ale pour l&rsquo;analyse des gaz. Qu&rsquo;il s&rsquo;agisse de choisir les bons produits parmi notre vaste gamme d&rsquo;appareils ou de concevoir un produit sur mesure, nous travaillons en \u00e9troite collaboration avec nos clients pour r\u00e9pondre \u00e0 tous leurs besoins en mati\u00e8re de chromatographie en phase gazeuse.<\/p>\n<a class=\"btn\" target=\"\" href=\"https:\/\/www.asdevices.com\/talk-to-one-of-our-experts\/\">Contactez-nous<\/a>    <\/div>\n<\/div>","protected":false},"excerpt":{"rendered":"","protected":false},"author":1,"featured_media":1862,"parent":3358,"menu_order":0,"comment_status":"closed","ping_status":"closed","template":"","meta":{"_acf_changed":false,"inline_featured_image":false,"footnotes":""},"class_list":["post-3481","page","type-page","status-publish","has-post-thumbnail","hentry"],"acf":[],"yoast_head":"<!-- This site is optimized with the Yoast SEO plugin v26.4 - https:\/\/yoast.com\/wordpress\/plugins\/seo\/ -->\n<title>D\u00e9tecteurs - ASDevices<\/title>\n<meta name=\"description\" content=\"D\u00e9tecteurs \u00e0 d\u00e9charge de plasma, robustes et tr\u00e8s sensibles, pour l&#039;analyse de l&#039;hydrog\u00e8ne, des semi-conducteurs et des gaz industriels.\" \/>\n<meta name=\"robots\" content=\"index, follow, max-snippet:-1, max-image-preview:large, max-video-preview:-1\" \/>\n<link rel=\"canonical\" href=\"https:\/\/asdevices.com\/products\/detectors\/\" \/>\n<meta property=\"og:locale\" content=\"fr_FR\" \/>\n<meta property=\"og:type\" content=\"article\" \/>\n<meta property=\"og:title\" content=\"D\u00e9tecteurs - ASDevices\" \/>\n<meta property=\"og:description\" content=\"D\u00e9tecteurs \u00e0 d\u00e9charge de plasma, robustes et tr\u00e8s sensibles, pour l&#039;analyse de l&#039;hydrog\u00e8ne, des semi-conducteurs et des gaz industriels.\" \/>\n<meta property=\"og:url\" content=\"https:\/\/asdevices.com\/products\/detectors\/\" \/>\n<meta property=\"og:site_name\" content=\"ASDevices\" \/>\n<meta property=\"article:modified_time\" content=\"2024-01-19T20:00:16+00:00\" \/>\n<meta property=\"og:image\" content=\"https:\/\/asdevices.com\/wp-content\/uploads\/2021\/11\/sepdd_small2.jpg\" \/>\n\t<meta property=\"og:image:width\" content=\"622\" \/>\n\t<meta property=\"og:image:height\" content=\"444\" \/>\n\t<meta property=\"og:image:type\" content=\"image\/jpeg\" \/>\n<meta name=\"twitter:card\" content=\"summary_large_image\" \/>\n<meta name=\"twitter:site\" content=\"@as_devices\" \/>\n<script type=\"application\/ld+json\" class=\"yoast-schema-graph\">{\"@context\":\"https:\/\/schema.org\",\"@graph\":[{\"@type\":\"WebPage\",\"@id\":\"https:\/\/asdevices.com\/products\/detectors\/\",\"url\":\"https:\/\/asdevices.com\/products\/detectors\/\",\"name\":\"D\u00e9tecteurs - ASDevices\",\"isPartOf\":{\"@id\":\"https:\/\/asdevices.com\/#website\"},\"primaryImageOfPage\":{\"@id\":\"https:\/\/asdevices.com\/products\/detectors\/#primaryimage\"},\"image\":{\"@id\":\"https:\/\/asdevices.com\/products\/detectors\/#primaryimage\"},\"thumbnailUrl\":\"https:\/\/asdevices.com\/wp-content\/uploads\/2021\/11\/sepdd_small2.jpg\",\"datePublished\":\"2021-11-24T18:04:12+00:00\",\"dateModified\":\"2024-01-19T20:00:16+00:00\",\"description\":\"D\u00e9tecteurs \u00e0 d\u00e9charge de plasma, robustes et tr\u00e8s sensibles, pour l'analyse de l'hydrog\u00e8ne, des semi-conducteurs et des gaz industriels.\",\"breadcrumb\":{\"@id\":\"https:\/\/asdevices.com\/products\/detectors\/#breadcrumb\"},\"inLanguage\":\"fr-FR\",\"potentialAction\":[{\"@type\":\"ReadAction\",\"target\":[\"https:\/\/asdevices.com\/products\/detectors\/\"]}]},{\"@type\":\"ImageObject\",\"inLanguage\":\"fr-FR\",\"@id\":\"https:\/\/asdevices.com\/products\/detectors\/#primaryimage\",\"url\":\"https:\/\/asdevices.com\/wp-content\/uploads\/2021\/11\/sepdd_small2.jpg\",\"contentUrl\":\"https:\/\/asdevices.com\/wp-content\/uploads\/2021\/11\/sepdd_small2.jpg\",\"width\":622,\"height\":444},{\"@type\":\"BreadcrumbList\",\"@id\":\"https:\/\/asdevices.com\/products\/detectors\/#breadcrumb\",\"itemListElement\":[{\"@type\":\"ListItem\",\"position\":1,\"name\":\"Home\",\"item\":\"https:\/\/asdevices.com\/fr\/\"},{\"@type\":\"ListItem\",\"position\":2,\"name\":\"Produits\",\"item\":\"https:\/\/asdevices.com\/products\/\"},{\"@type\":\"ListItem\",\"position\":3,\"name\":\"D\u00e9tecteurs\"}]},{\"@type\":\"WebSite\",\"@id\":\"https:\/\/asdevices.com\/#website\",\"url\":\"https:\/\/asdevices.com\/\",\"name\":\"ASDevices\",\"description\":\"\",\"publisher\":{\"@id\":\"https:\/\/asdevices.com\/#organization\"},\"potentialAction\":[{\"@type\":\"SearchAction\",\"target\":{\"@type\":\"EntryPoint\",\"urlTemplate\":\"https:\/\/asdevices.com\/?s={search_term_string}\"},\"query-input\":{\"@type\":\"PropertyValueSpecification\",\"valueRequired\":true,\"valueName\":\"search_term_string\"}}],\"inLanguage\":\"fr-FR\"},{\"@type\":\"Organization\",\"@id\":\"https:\/\/asdevices.com\/#organization\",\"name\":\"ASDevices\",\"url\":\"https:\/\/asdevices.com\/\",\"logo\":{\"@type\":\"ImageObject\",\"inLanguage\":\"fr-FR\",\"@id\":\"https:\/\/asdevices.com\/#\/schema\/logo\/image\/\",\"url\":\"http:\/\/cmt.a7d.mywebsitetransfer.com\/wp-content\/uploads\/2021\/12\/asdevices_logo.png\",\"contentUrl\":\"http:\/\/cmt.a7d.mywebsitetransfer.com\/wp-content\/uploads\/2021\/12\/asdevices_logo.png\",\"width\":370,\"height\":182,\"caption\":\"ASDevices\"},\"image\":{\"@id\":\"https:\/\/asdevices.com\/#\/schema\/logo\/image\/\"},\"sameAs\":[\"https:\/\/x.com\/as_devices\",\"https:\/\/www.linkedin.com\/company\/asdevices\/mycompany\/?viewAsMember=true\"]}]}<\/script>\n<!-- \/ Yoast SEO plugin. -->","yoast_head_json":{"title":"D\u00e9tecteurs - ASDevices","description":"D\u00e9tecteurs \u00e0 d\u00e9charge de plasma, robustes et tr\u00e8s sensibles, pour l'analyse de l'hydrog\u00e8ne, des semi-conducteurs et des gaz industriels.","robots":{"index":"index","follow":"follow","max-snippet":"max-snippet:-1","max-image-preview":"max-image-preview:large","max-video-preview":"max-video-preview:-1"},"canonical":"https:\/\/asdevices.com\/products\/detectors\/","og_locale":"fr_FR","og_type":"article","og_title":"D\u00e9tecteurs - ASDevices","og_description":"D\u00e9tecteurs \u00e0 d\u00e9charge de plasma, robustes et tr\u00e8s sensibles, pour l'analyse de l'hydrog\u00e8ne, des semi-conducteurs et des gaz industriels.","og_url":"https:\/\/asdevices.com\/products\/detectors\/","og_site_name":"ASDevices","article_modified_time":"2024-01-19T20:00:16+00:00","og_image":[{"width":622,"height":444,"url":"https:\/\/asdevices.com\/wp-content\/uploads\/2021\/11\/sepdd_small2.jpg","type":"image\/jpeg"}],"twitter_card":"summary_large_image","twitter_site":"@as_devices","schema":{"@context":"https:\/\/schema.org","@graph":[{"@type":"WebPage","@id":"https:\/\/asdevices.com\/products\/detectors\/","url":"https:\/\/asdevices.com\/products\/detectors\/","name":"D\u00e9tecteurs - ASDevices","isPartOf":{"@id":"https:\/\/asdevices.com\/#website"},"primaryImageOfPage":{"@id":"https:\/\/asdevices.com\/products\/detectors\/#primaryimage"},"image":{"@id":"https:\/\/asdevices.com\/products\/detectors\/#primaryimage"},"thumbnailUrl":"https:\/\/asdevices.com\/wp-content\/uploads\/2021\/11\/sepdd_small2.jpg","datePublished":"2021-11-24T18:04:12+00:00","dateModified":"2024-01-19T20:00:16+00:00","description":"D\u00e9tecteurs \u00e0 d\u00e9charge de plasma, robustes et tr\u00e8s sensibles, pour l'analyse de l'hydrog\u00e8ne, des semi-conducteurs et des gaz industriels.","breadcrumb":{"@id":"https:\/\/asdevices.com\/products\/detectors\/#breadcrumb"},"inLanguage":"fr-FR","potentialAction":[{"@type":"ReadAction","target":["https:\/\/asdevices.com\/products\/detectors\/"]}]},{"@type":"ImageObject","inLanguage":"fr-FR","@id":"https:\/\/asdevices.com\/products\/detectors\/#primaryimage","url":"https:\/\/asdevices.com\/wp-content\/uploads\/2021\/11\/sepdd_small2.jpg","contentUrl":"https:\/\/asdevices.com\/wp-content\/uploads\/2021\/11\/sepdd_small2.jpg","width":622,"height":444},{"@type":"BreadcrumbList","@id":"https:\/\/asdevices.com\/products\/detectors\/#breadcrumb","itemListElement":[{"@type":"ListItem","position":1,"name":"Home","item":"https:\/\/asdevices.com\/fr\/"},{"@type":"ListItem","position":2,"name":"Produits","item":"https:\/\/asdevices.com\/products\/"},{"@type":"ListItem","position":3,"name":"D\u00e9tecteurs"}]},{"@type":"WebSite","@id":"https:\/\/asdevices.com\/#website","url":"https:\/\/asdevices.com\/","name":"ASDevices","description":"","publisher":{"@id":"https:\/\/asdevices.com\/#organization"},"potentialAction":[{"@type":"SearchAction","target":{"@type":"EntryPoint","urlTemplate":"https:\/\/asdevices.com\/?s={search_term_string}"},"query-input":{"@type":"PropertyValueSpecification","valueRequired":true,"valueName":"search_term_string"}}],"inLanguage":"fr-FR"},{"@type":"Organization","@id":"https:\/\/asdevices.com\/#organization","name":"ASDevices","url":"https:\/\/asdevices.com\/","logo":{"@type":"ImageObject","inLanguage":"fr-FR","@id":"https:\/\/asdevices.com\/#\/schema\/logo\/image\/","url":"http:\/\/cmt.a7d.mywebsitetransfer.com\/wp-content\/uploads\/2021\/12\/asdevices_logo.png","contentUrl":"http:\/\/cmt.a7d.mywebsitetransfer.com\/wp-content\/uploads\/2021\/12\/asdevices_logo.png","width":370,"height":182,"caption":"ASDevices"},"image":{"@id":"https:\/\/asdevices.com\/#\/schema\/logo\/image\/"},"sameAs":["https:\/\/x.com\/as_devices","https:\/\/www.linkedin.com\/company\/asdevices\/mycompany\/?viewAsMember=true"]}]}},"_links":{"self":[{"href":"https:\/\/asdevices.com\/fr\/wp-json\/wp\/v2\/pages\/3481","targetHints":{"allow":["GET"]}}],"collection":[{"href":"https:\/\/asdevices.com\/fr\/wp-json\/wp\/v2\/pages"}],"about":[{"href":"https:\/\/asdevices.com\/fr\/wp-json\/wp\/v2\/types\/page"}],"author":[{"embeddable":true,"href":"https:\/\/asdevices.com\/fr\/wp-json\/wp\/v2\/users\/1"}],"replies":[{"embeddable":true,"href":"https:\/\/asdevices.com\/fr\/wp-json\/wp\/v2\/comments?post=3481"}],"version-history":[{"count":4,"href":"https:\/\/asdevices.com\/fr\/wp-json\/wp\/v2\/pages\/3481\/revisions"}],"predecessor-version":[{"id":3486,"href":"https:\/\/asdevices.com\/fr\/wp-json\/wp\/v2\/pages\/3481\/revisions\/3486"}],"up":[{"embeddable":true,"href":"https:\/\/asdevices.com\/fr\/wp-json\/wp\/v2\/pages\/3358"}],"wp:featuredmedia":[{"embeddable":true,"href":"https:\/\/asdevices.com\/fr\/wp-json\/wp\/v2\/media\/1862"}],"wp:attachment":[{"href":"https:\/\/asdevices.com\/fr\/wp-json\/wp\/v2\/media?parent=3481"}],"curies":[{"name":"wp","href":"https:\/\/api.w.org\/{rel}","templated":true}]}}