{"id":3461,"date":"2021-11-25T19:58:55","date_gmt":"2021-11-25T19:58:55","guid":{"rendered":"https:\/\/asdevices.com\/products\/gc-platforms\/"},"modified":"2024-01-19T19:59:41","modified_gmt":"2024-01-19T19:59:41","slug":"gc-platforms","status":"publish","type":"page","link":"https:\/\/asdevices.com\/fr\/products\/gc-platforms\/","title":{"rendered":"Plateformes GC"},"content":{"rendered":"<div class=\"bk-inter-hero \">\n    <div class=\"wrapper-s\">\n                    <span class=\"breadcrumbs\"><!-- Breadcrumb NavXT 7.4.1 -->\n<span property=\"itemListElement\" typeof=\"ListItem\"><a property=\"item\" typeof=\"WebPage\" title=\"Go to ASDevices.\" href=\"https:\/\/asdevices.com\/fr\/\" class=\"home\" ><span property=\"name\">ASDevices<\/span><\/a><meta property=\"position\" content=\"1\"><\/span> <i>&gt; <\/i><span property=\"itemListElement\" typeof=\"ListItem\"><a property=\"item\" typeof=\"WebPage\" title=\"Go to \u00c0 propos de nous.\" href=\"https:\/\/asdevices.com\/fr\/a-propos\/\" class=\"post post-page\" ><span property=\"name\">\u00c0 propos de nous<\/span><\/a><meta property=\"position\" content=\"2\"><\/span> <i>&gt; <\/i><span property=\"itemListElement\" typeof=\"ListItem\"><a property=\"item\" typeof=\"WebPage\" title=\"Go to Nos nouvelles.\" href=\"https:\/\/asdevices.com\/fr\/a-propos\/our-news\/\" class=\"post-root post post-post\" aria-current=\"page\"><span property=\"name\">Nos nouvelles<\/span><\/a><meta property=\"position\" content=\"3\"><\/span><\/span>\n                            <div class=\"image\">\n                                                                                        <img decoding=\"async\" src=\"https:\/\/asdevices.com\/wp-content\/uploads\/2021\/12\/gc_platfs.jpg\" alt=\"\">\n                                                                        <\/div>\n                        <div class=\"content\">\n            <span class=\"sup-title\">PLATEFORMES GC<\/span>            <h1>Plateformes GC <strong>innovantes,<\/strong> facile \u00e0 configurer <\/h1>            <p>Nous avons d\u00e9velopp\u00e9 quatre plateformes GC innovantes pour les int\u00e9grateurs, toutes avec la m\u00eame philosophie : facilit\u00e9 de configuration, robustesse et modularit\u00e9. Cela signifie que vous pouvez s\u00e9lectionner la plateforme dont vous avez besoin en fonction des exigences sp\u00e9cifiques de votre application. <\/p>                    <\/div>\n            <\/div>\n<\/div>\n\n<div class=\"bk-column-dots\" style=\"padding-bottom:0\">\n    <div class=\"wrapper-s\">\n                <h2>Con\u00e7u pour r\u00e9pondre \u00e0 vos  <strong>exigences sp\u00e9cifiques<\/strong><\/h2>        <p><img loading=\"lazy\" decoding=\"async\" class=\"alignnone size-full wp-image-1756\" src=\"http:\/\/asdevices.com\/wp-content\/uploads\/2021\/12\/platforms.jpg\" alt=\"\" width=\"1236\" height=\"369\" srcset=\"https:\/\/asdevices.com\/wp-content\/uploads\/2021\/12\/platforms.jpg 1236w, https:\/\/asdevices.com\/wp-content\/uploads\/2021\/12\/platforms-300x90.jpg 300w, https:\/\/asdevices.com\/wp-content\/uploads\/2021\/12\/platforms-1024x306.jpg 1024w, https:\/\/asdevices.com\/wp-content\/uploads\/2021\/12\/platforms-768x229.jpg 768w\" sizes=\"auto, (max-width: 1236px) 100vw, 1236px\" \/><\/p>\n            <\/div>\n<\/div>\n\n<div class=\"bk-grid-icons\">\n    <div class=\"wrapper-s\">\n        <h2>Pourquoi choisir nos <strong>plateformes GC ?<\/strong><\/h2>                    <div class=\"grid\">\n                                    <div class=\"item\">\n                        <img decoding=\"async\" src=\"https:\/\/asdevices.com\/wp-content\/uploads\/2021\/11\/plugandplay.svg\" alt=\"\">                        <span>Pr\u00eat \u00e0 l&#8217;emploi<\/span>                                            <\/div>\n                                    <div class=\"item\">\n                        <img decoding=\"async\" src=\"https:\/\/asdevices.com\/wp-content\/uploads\/2021\/12\/easytoconfigure.png\" alt=\"\">                        <span>Facile \u00e0 configurer<\/span>                        <p>sans travaux m\u00e9caniques<\/p>                    <\/div>\n                                    <div class=\"item\">\n                        <img decoding=\"async\" src=\"https:\/\/asdevices.com\/wp-content\/uploads\/2021\/11\/ModularConcept394x258.png\" alt=\"\">                        <span>Architecture \u00e9lectronique modulaire<\/span>                        <p>prenez seulement les modules n\u00e9cessaires<\/p>                    <\/div>\n                                    <div class=\"item\">\n                        <img decoding=\"async\" src=\"https:\/\/asdevices.com\/wp-content\/uploads\/2021\/11\/robust-1.svg\" alt=\"\">                        <span>Conception industrielle robuste<\/span>                                            <\/div>\n                                    <div class=\"item\">\n                        <img decoding=\"async\" src=\"https:\/\/asdevices.com\/wp-content\/uploads\/2021\/11\/IlotReady394x258.png\" alt=\"\">                        <span>Pr\u00eat pour l&rsquo;IIoT<\/span>                                            <\/div>\n                            <\/div>\n            <\/div>\n<\/div>\n\n<div class=\"bk-prod-full-w\">\n    <div class=\"wrapper-s\">\n        <h2>Nos <strong>plateformes GC<\/strong><\/h2>        <div class=\"grid\">\n                        <div class=\"item\">\n                                <div class=\"image\">\n                    <img decoding=\"async\" src=\"https:\/\/asdevices.com\/wp-content\/uploads\/2021\/11\/iMOvMain-Menu_r_IMG4741-scaled.jpg\" alt=\"\">\n                <\/div>\n                                <div class=\"content\">\n                    <h3 class=\"\">iMOv<\/h3>\n                                        <div class=\"row\">\n                        <div class=\"cl\">\n                            <p>Une conception modulaire en instance de brevet permettant d&rsquo;optimiser les applications les plus exigeantes.<\/p>\n<ul>\n<li>Conception modulaire des zones thermiques<\/li>\n<li>Jusqu&rsquo;\u00e0 6 zones thermiques pouvant \u00eatre configur\u00e9es en fours isothermes, \u00e0 rampe ou LTM<\/li>\n<li>Jusqu&rsquo;\u00e0 2 d\u00e9tecteurs<\/li>\n<li>Montage en rack ou sur table<\/li>\n<li>Logiciel ASDSense avec grand \u00e9cran tactile<\/li>\n<\/ul>\n<br>\n                                                            <a href=\"https:\/\/asdevices.com\/fr\/produits\/imov\/\" class=\"btn\">En savoir plus<\/a>\n                                                    <\/div>\n                                            <\/div>\n                <\/div>\n            <\/div>\n                        <div class=\"item\">\n                                <div class=\"image\">\n                    <img decoding=\"async\" src=\"https:\/\/asdevices.com\/wp-content\/uploads\/2021\/11\/MiniiMov-580x380.png\" alt=\"\">\n                <\/div>\n                                <div class=\"content\">\n                    <h3 class=\"\">miniMOv<\/h3>\n                                        <div class=\"row\">\n                        <div class=\"cl\">\n                            <p>Compact, \u00e9conomique et puissant, il s&rsquo;agit de la derni\u00e8re innovation dans le domaine des plates-formes GC de paillasse.<\/p>\n<ul>\n<li>Facile \u00e0 configurer<\/li>\n<li>Un four \u00e0 rampe<\/li>\n<li>Une zone thermiqu<\/li>\n<li>Jusqu&rsquo;\u00e0 2 d\u00e9tecteurs<\/li>\n<li>Jusqu&rsquo;\u00e0 3 vannes GC<\/li>\n<li>Diverses entr\u00e9es GC et accessoires disponibles<\/li>\n<\/ul>\n<br>\n                                                            <a href=\"https:\/\/asdevices.com\/fr\/produits\/minimov\/\" class=\"btn\">En savoir plus<\/a>\n                                                    <\/div>\n                                            <\/div>\n                <\/div>\n            <\/div>\n                        <div class=\"item\">\n                                <div class=\"image\">\n                    <img decoding=\"async\" src=\"https:\/\/asdevices.com\/wp-content\/uploads\/2021\/11\/GCSense_KA6000_r_IMG4746-Main-Menu-Generic-scaled.jpg\" alt=\"\">\n                <\/div>\n                                <div class=\"content\">\n                    <h3 class=\"\">GCSense<\/h3>\n                                        <div class=\"row\">\n                        <div class=\"cl\">\n                            <p>Polyvalente et facile \u00e0 configurer, cette plateforme est un rack 19 pouces de haute qualit\u00e9.<\/p>\n<ul>\n<li>Jusqu&rsquo;\u00e0 4 fours isothermes<\/li>\n<li>Jusqu&rsquo;\u00e0 2 d\u00e9tecteurs<\/li>\n<li>Logiciel ASDSense avec grand \u00e9cran tactile<\/li>\n<\/ul>\n<br>\n                                                            <a href=\"https:\/\/asdevices.com\/fr\/produits\/gcsense\/\" class=\"btn\">En savoir plus<\/a>\n                                                    <\/div>\n                                            <\/div>\n                <\/div>\n            <\/div>\n                        <div class=\"item\">\n                                <div class=\"image\">\n                    <img decoding=\"async\" src=\"https:\/\/asdevices.com\/wp-content\/uploads\/2021\/11\/MiniGCSenses-580x380.png\" alt=\"\">\n                <\/div>\n                                <div class=\"content\">\n                    <h3 class=\"\">miniGCSense<\/h3>\n                                        <div class=\"row\">\n                        <div class=\"cl\">\n                            <p>Con\u00e7ue pour les applications n\u00e9cessitant une plateforme GC compacte et puissante<\/p>\n<ul>\n<li>Plate-forme ultra-compacte 3U<\/li>\n<li>Jusqu&rsquo;\u00e0 2 zones thermiques<\/li>\n<li>Un d\u00e9tecteur<\/li>\n<li>Logiciel ASDSense avec \u00e9cran tactile<\/li>\n<\/ul>\n<br>\n                                                            <a href=\"https:\/\/asdevices.com\/fr\/produits\/minigcsense\/\" class=\"btn\">En savoir plus<\/a>\n                                                    <\/div>\n                                            <\/div>\n                <\/div>\n            <\/div>\n                    <\/div>\n    <\/div>\n<\/div>\n\n<div class=\"bk-img-text-cta  \">\n    <div class=\"wrapper-s\">\n        <h2>Propuls\u00e9s par <strong>un logiciel innovant<\/strong><\/h2>        <div class=\"grid\">\n            <div class=\"item image\">\n                <img decoding=\"async\" src=\"https:\/\/asdevices.com\/wp-content\/uploads\/2021\/12\/Software-large.png\" alt=\"\">            <\/div>\n            <div class=\"item content\">\n                <p>Notre logiciel ASDSense fonctionne sur toutes nos plateformes GC OEM. Il est con\u00e7u pour \u00eatre robuste, pour une utilisation 24 heures sur 24 et 7 jours sur 7, avec des fonctions d&rsquo;analyse de donn\u00e9es comparables \u00e0 celles d&rsquo;un laboratoire. De plus, il est intuitif et dot\u00e9 de fonctions telles que de multiples algorithmes innovants de traitement du signal, ce qui en fait le logiciel de chromatographie en phase gazeuse le plus puissant et le plus polyvalent.<\/p>\n<p class=\"no-margin\"><strong>Caract\u00e9ristiques<\/strong><\/p>\n<ul>\n<li>Bas\u00e9 sur un syst\u00e8me d&rsquo;exploitation industriel en temps r\u00e9el<\/li>\n<li>Con\u00e7u sur la base d&rsquo;une redondance logicielle pour la fiabilit\u00e9<\/li>\n<li>Fonctions innovantes de traitement du signal<\/li>\n<li>Capacit\u00e9 multi-m\u00e9thodes avec synchronisation automatique du syst\u00e8me d&rsquo;\u00e9chantillonnage<\/li>\n<li>Capacit\u00e9 d&rsquo;analyse des donn\u00e9es int\u00e9gr\u00e9e<\/li>\n<\/ul>\n                <a class=\"btn\" target=\"\" href=\"http:\/\/asdevices.com\/products\/software\/\">EN SAVOIR PLUS SUR ASDSENSE<\/a>            <\/div>\n        <\/div>\n    <\/div>\n<\/div>\n\n<div class=\"bk-img-text-cta  \">\n    <div class=\"wrapper-s\">\n        <h2>Module de traitement chromatographique int\u00e9gr\u00e9<\/h2>        <div class=\"grid\">\n            <div class=\"item image\">\n                <img decoding=\"async\" src=\"https:\/\/asdevices.com\/wp-content\/uploads\/2021\/12\/CPM-large.png\" alt=\"\">            <\/div>\n            <div class=\"item content\">\n                <p>Con\u00e7u pour s&rsquo;interfacer avec la plupart des types de d\u00e9tecteurs GC, le module de traitement chromatographique (CPM) est int\u00e9gr\u00e9 \u00e0 toutes nos plateformes. Offrant un conditionnement de signal analogique haut de gamme et un traitement num\u00e9rique avanc\u00e9 du signal, le module peut \u00e9galement \u00eatre utilis\u00e9 de mani\u00e8re autonome pour d\u00e9velopper une m\u00e9thode GC simple ou pour mettre \u00e0 niveau un ancien GC.<\/p>\n<p class=\"no-margin\"><b>Caract\u00e9ristiques<\/b><\/p>\n<ul>\n<li>4x ADC simultan\u00e9 et synchrone 24 bits, 50 kHz<\/li>\n<li>Traitement avanc\u00e9 des signaux bas\u00e9 sur un processeur ARM \u00e0 grande vitesse avec RTOS<\/li>\n<li>Algorithme d&rsquo;apprentissage qui am\u00e9liore le SNR<\/li>\n<li>Bas\u00e9 sur des composants \u00e9lectroniques haut de gamme pour la qualit\u00e9 et la performance<\/li>\n<\/ul>\n                            <\/div>\n        <\/div>\n    <\/div>\n<\/div>\n\n<div class=\"bk-banner-dark\">\n    <div class=\"wrapper-s\">\n        <h2>Parlez \u00e0 un expert<\/h2><p>Avec plus de 30 ans d&rsquo;exp\u00e9rience dans le domaine de la chromatographie en phase gazeuse, nos experts peuvent vous aider \u00e0 trouver la solution id\u00e9ale pour l&rsquo;analyse des gaz. Qu&rsquo;il s&rsquo;agisse de choisir les bons produits parmi notre vaste gamme d&rsquo;appareils ou de concevoir un produit sur mesure, nous travaillons en \u00e9troite collaboration avec nos clients pour r\u00e9pondre \u00e0 tous leurs besoins en mati\u00e8re de chromatographie en phase gazeuse.<\/p>\n<a class=\"btn\" target=\"\" href=\"https:\/\/www.asdevices.com\/talk-to-one-of-our-experts\/\">Contactez-nous<\/a>    <\/div>\n<\/div>","protected":false},"excerpt":{"rendered":"","protected":false},"author":1,"featured_media":1257,"parent":3358,"menu_order":0,"comment_status":"closed","ping_status":"closed","template":"","meta":{"_acf_changed":false,"inline_featured_image":false,"footnotes":""},"class_list":["post-3461","page","type-page","status-publish","has-post-thumbnail","hentry"],"acf":[],"yoast_head":"<!-- This site is optimized with the Yoast SEO plugin v26.4 - https:\/\/yoast.com\/wordpress\/plugins\/seo\/ -->\n<title>Plateformes GC - ASDevices<\/title>\n<meta name=\"description\" content=\"Analyseurs de gaz compacts brevet\u00e9s ultra pr\u00e9cis, tr\u00e8s performants et robustes pour les semi-conducteurs, l&#039;hydrog\u00e8ne et les gaz industriels.\" \/>\n<meta name=\"robots\" content=\"index, follow, max-snippet:-1, max-image-preview:large, max-video-preview:-1\" \/>\n<link rel=\"canonical\" href=\"https:\/\/asdevices.com\/products\/gc-platforms\/\" \/>\n<meta property=\"og:locale\" content=\"fr_FR\" \/>\n<meta property=\"og:type\" content=\"article\" \/>\n<meta property=\"og:title\" content=\"Plateformes GC - ASDevices\" \/>\n<meta property=\"og:description\" content=\"Analyseurs de gaz compacts brevet\u00e9s ultra pr\u00e9cis, tr\u00e8s performants et robustes pour les semi-conducteurs, l&#039;hydrog\u00e8ne et les gaz industriels.\" \/>\n<meta property=\"og:url\" content=\"https:\/\/asdevices.com\/products\/gc-platforms\/\" \/>\n<meta property=\"og:site_name\" content=\"ASDevices\" \/>\n<meta property=\"article:modified_time\" content=\"2024-01-19T19:59:41+00:00\" \/>\n<meta property=\"og:image\" content=\"https:\/\/asdevices.com\/wp-content\/uploads\/2021\/12\/gc_platfs.jpg\" \/>\n\t<meta property=\"og:image:width\" content=\"720\" \/>\n\t<meta property=\"og:image:height\" content=\"698\" \/>\n\t<meta property=\"og:image:type\" content=\"image\/jpeg\" \/>\n<meta name=\"twitter:card\" content=\"summary_large_image\" \/>\n<meta name=\"twitter:site\" content=\"@as_devices\" \/>\n<script type=\"application\/ld+json\" class=\"yoast-schema-graph\">{\"@context\":\"https:\/\/schema.org\",\"@graph\":[{\"@type\":\"WebPage\",\"@id\":\"https:\/\/asdevices.com\/products\/gc-platforms\/\",\"url\":\"https:\/\/asdevices.com\/products\/gc-platforms\/\",\"name\":\"Plateformes GC - ASDevices\",\"isPartOf\":{\"@id\":\"https:\/\/asdevices.com\/#website\"},\"primaryImageOfPage\":{\"@id\":\"https:\/\/asdevices.com\/products\/gc-platforms\/#primaryimage\"},\"image\":{\"@id\":\"https:\/\/asdevices.com\/products\/gc-platforms\/#primaryimage\"},\"thumbnailUrl\":\"https:\/\/asdevices.com\/wp-content\/uploads\/2021\/12\/gc_platfs.jpg\",\"datePublished\":\"2021-11-25T19:58:55+00:00\",\"dateModified\":\"2024-01-19T19:59:41+00:00\",\"description\":\"Analyseurs de gaz compacts brevet\u00e9s ultra pr\u00e9cis, tr\u00e8s performants et robustes pour les semi-conducteurs, l'hydrog\u00e8ne et les gaz industriels.\",\"breadcrumb\":{\"@id\":\"https:\/\/asdevices.com\/products\/gc-platforms\/#breadcrumb\"},\"inLanguage\":\"fr-FR\",\"potentialAction\":[{\"@type\":\"ReadAction\",\"target\":[\"https:\/\/asdevices.com\/products\/gc-platforms\/\"]}]},{\"@type\":\"ImageObject\",\"inLanguage\":\"fr-FR\",\"@id\":\"https:\/\/asdevices.com\/products\/gc-platforms\/#primaryimage\",\"url\":\"https:\/\/asdevices.com\/wp-content\/uploads\/2021\/12\/gc_platfs.jpg\",\"contentUrl\":\"https:\/\/asdevices.com\/wp-content\/uploads\/2021\/12\/gc_platfs.jpg\",\"width\":720,\"height\":698},{\"@type\":\"BreadcrumbList\",\"@id\":\"https:\/\/asdevices.com\/products\/gc-platforms\/#breadcrumb\",\"itemListElement\":[{\"@type\":\"ListItem\",\"position\":1,\"name\":\"Home\",\"item\":\"https:\/\/asdevices.com\/fr\/\"},{\"@type\":\"ListItem\",\"position\":2,\"name\":\"Produits\",\"item\":\"https:\/\/asdevices.com\/products\/\"},{\"@type\":\"ListItem\",\"position\":3,\"name\":\"Plateformes GC\"}]},{\"@type\":\"WebSite\",\"@id\":\"https:\/\/asdevices.com\/#website\",\"url\":\"https:\/\/asdevices.com\/\",\"name\":\"ASDevices\",\"description\":\"\",\"publisher\":{\"@id\":\"https:\/\/asdevices.com\/#organization\"},\"potentialAction\":[{\"@type\":\"SearchAction\",\"target\":{\"@type\":\"EntryPoint\",\"urlTemplate\":\"https:\/\/asdevices.com\/?s={search_term_string}\"},\"query-input\":{\"@type\":\"PropertyValueSpecification\",\"valueRequired\":true,\"valueName\":\"search_term_string\"}}],\"inLanguage\":\"fr-FR\"},{\"@type\":\"Organization\",\"@id\":\"https:\/\/asdevices.com\/#organization\",\"name\":\"ASDevices\",\"url\":\"https:\/\/asdevices.com\/\",\"logo\":{\"@type\":\"ImageObject\",\"inLanguage\":\"fr-FR\",\"@id\":\"https:\/\/asdevices.com\/#\/schema\/logo\/image\/\",\"url\":\"http:\/\/cmt.a7d.mywebsitetransfer.com\/wp-content\/uploads\/2021\/12\/asdevices_logo.png\",\"contentUrl\":\"http:\/\/cmt.a7d.mywebsitetransfer.com\/wp-content\/uploads\/2021\/12\/asdevices_logo.png\",\"width\":370,\"height\":182,\"caption\":\"ASDevices\"},\"image\":{\"@id\":\"https:\/\/asdevices.com\/#\/schema\/logo\/image\/\"},\"sameAs\":[\"https:\/\/x.com\/as_devices\",\"https:\/\/www.linkedin.com\/company\/asdevices\/mycompany\/?viewAsMember=true\"]}]}<\/script>\n<!-- \/ Yoast SEO plugin. -->","yoast_head_json":{"title":"Plateformes GC - ASDevices","description":"Analyseurs de gaz compacts brevet\u00e9s ultra pr\u00e9cis, tr\u00e8s performants et robustes pour les semi-conducteurs, l'hydrog\u00e8ne et les gaz industriels.","robots":{"index":"index","follow":"follow","max-snippet":"max-snippet:-1","max-image-preview":"max-image-preview:large","max-video-preview":"max-video-preview:-1"},"canonical":"https:\/\/asdevices.com\/products\/gc-platforms\/","og_locale":"fr_FR","og_type":"article","og_title":"Plateformes GC - ASDevices","og_description":"Analyseurs de gaz compacts brevet\u00e9s ultra pr\u00e9cis, tr\u00e8s performants et robustes pour les semi-conducteurs, l'hydrog\u00e8ne et les gaz industriels.","og_url":"https:\/\/asdevices.com\/products\/gc-platforms\/","og_site_name":"ASDevices","article_modified_time":"2024-01-19T19:59:41+00:00","og_image":[{"width":720,"height":698,"url":"https:\/\/asdevices.com\/wp-content\/uploads\/2021\/12\/gc_platfs.jpg","type":"image\/jpeg"}],"twitter_card":"summary_large_image","twitter_site":"@as_devices","schema":{"@context":"https:\/\/schema.org","@graph":[{"@type":"WebPage","@id":"https:\/\/asdevices.com\/products\/gc-platforms\/","url":"https:\/\/asdevices.com\/products\/gc-platforms\/","name":"Plateformes GC - ASDevices","isPartOf":{"@id":"https:\/\/asdevices.com\/#website"},"primaryImageOfPage":{"@id":"https:\/\/asdevices.com\/products\/gc-platforms\/#primaryimage"},"image":{"@id":"https:\/\/asdevices.com\/products\/gc-platforms\/#primaryimage"},"thumbnailUrl":"https:\/\/asdevices.com\/wp-content\/uploads\/2021\/12\/gc_platfs.jpg","datePublished":"2021-11-25T19:58:55+00:00","dateModified":"2024-01-19T19:59:41+00:00","description":"Analyseurs de gaz compacts brevet\u00e9s ultra pr\u00e9cis, tr\u00e8s performants et robustes pour les semi-conducteurs, l'hydrog\u00e8ne et les gaz industriels.","breadcrumb":{"@id":"https:\/\/asdevices.com\/products\/gc-platforms\/#breadcrumb"},"inLanguage":"fr-FR","potentialAction":[{"@type":"ReadAction","target":["https:\/\/asdevices.com\/products\/gc-platforms\/"]}]},{"@type":"ImageObject","inLanguage":"fr-FR","@id":"https:\/\/asdevices.com\/products\/gc-platforms\/#primaryimage","url":"https:\/\/asdevices.com\/wp-content\/uploads\/2021\/12\/gc_platfs.jpg","contentUrl":"https:\/\/asdevices.com\/wp-content\/uploads\/2021\/12\/gc_platfs.jpg","width":720,"height":698},{"@type":"BreadcrumbList","@id":"https:\/\/asdevices.com\/products\/gc-platforms\/#breadcrumb","itemListElement":[{"@type":"ListItem","position":1,"name":"Home","item":"https:\/\/asdevices.com\/fr\/"},{"@type":"ListItem","position":2,"name":"Produits","item":"https:\/\/asdevices.com\/products\/"},{"@type":"ListItem","position":3,"name":"Plateformes GC"}]},{"@type":"WebSite","@id":"https:\/\/asdevices.com\/#website","url":"https:\/\/asdevices.com\/","name":"ASDevices","description":"","publisher":{"@id":"https:\/\/asdevices.com\/#organization"},"potentialAction":[{"@type":"SearchAction","target":{"@type":"EntryPoint","urlTemplate":"https:\/\/asdevices.com\/?s={search_term_string}"},"query-input":{"@type":"PropertyValueSpecification","valueRequired":true,"valueName":"search_term_string"}}],"inLanguage":"fr-FR"},{"@type":"Organization","@id":"https:\/\/asdevices.com\/#organization","name":"ASDevices","url":"https:\/\/asdevices.com\/","logo":{"@type":"ImageObject","inLanguage":"fr-FR","@id":"https:\/\/asdevices.com\/#\/schema\/logo\/image\/","url":"http:\/\/cmt.a7d.mywebsitetransfer.com\/wp-content\/uploads\/2021\/12\/asdevices_logo.png","contentUrl":"http:\/\/cmt.a7d.mywebsitetransfer.com\/wp-content\/uploads\/2021\/12\/asdevices_logo.png","width":370,"height":182,"caption":"ASDevices"},"image":{"@id":"https:\/\/asdevices.com\/#\/schema\/logo\/image\/"},"sameAs":["https:\/\/x.com\/as_devices","https:\/\/www.linkedin.com\/company\/asdevices\/mycompany\/?viewAsMember=true"]}]}},"_links":{"self":[{"href":"https:\/\/asdevices.com\/fr\/wp-json\/wp\/v2\/pages\/3461","targetHints":{"allow":["GET"]}}],"collection":[{"href":"https:\/\/asdevices.com\/fr\/wp-json\/wp\/v2\/pages"}],"about":[{"href":"https:\/\/asdevices.com\/fr\/wp-json\/wp\/v2\/types\/page"}],"author":[{"embeddable":true,"href":"https:\/\/asdevices.com\/fr\/wp-json\/wp\/v2\/users\/1"}],"replies":[{"embeddable":true,"href":"https:\/\/asdevices.com\/fr\/wp-json\/wp\/v2\/comments?post=3461"}],"version-history":[{"count":4,"href":"https:\/\/asdevices.com\/fr\/wp-json\/wp\/v2\/pages\/3461\/revisions"}],"predecessor-version":[{"id":3466,"href":"https:\/\/asdevices.com\/fr\/wp-json\/wp\/v2\/pages\/3461\/revisions\/3466"}],"up":[{"embeddable":true,"href":"https:\/\/asdevices.com\/fr\/wp-json\/wp\/v2\/pages\/3358"}],"wp:featuredmedia":[{"embeddable":true,"href":"https:\/\/asdevices.com\/fr\/wp-json\/wp\/v2\/media\/1257"}],"wp:attachment":[{"href":"https:\/\/asdevices.com\/fr\/wp-json\/wp\/v2\/media?parent=3461"}],"curies":[{"name":"wp","href":"https:\/\/api.w.org\/{rel}","templated":true}]}}