{"id":3451,"date":"2021-12-15T19:19:43","date_gmt":"2021-12-15T19:19:43","guid":{"rendered":"https:\/\/asdevices.com\/talk-to-one-of-our-experts\/"},"modified":"2024-01-19T19:54:50","modified_gmt":"2024-01-19T19:54:50","slug":"talk-to-one-of-our-experts","status":"publish","type":"page","link":"https:\/\/asdevices.com\/fr\/talk-to-one-of-our-experts\/","title":{"rendered":"Parlez \u00e0 l&rsquo;un de nos experts"},"content":{"rendered":"\n<div class=\"contact-form\">\n<div class=\"form-container\">\n\n<div class=\"wpcf7 no-js\" id=\"wpcf7-f1542-o1\" lang=\"\" dir=\"ltr\" data-wpcf7-id=\"1542\">\n<div class=\"screen-reader-response\"><p role=\"status\" aria-live=\"polite\" aria-atomic=\"true\"><\/p> <ul><\/ul><\/div>\n<form action=\"\/fr\/wp-json\/wp\/v2\/pages\/3451#wpcf7-f1542-o1\" method=\"post\" class=\"wpcf7-form init\" aria-label=\"Formulaire de contact\" novalidate=\"novalidate\" data-status=\"init\">\n<fieldset class=\"hidden-fields-container\"><input type=\"hidden\" name=\"_wpcf7\" value=\"1542\" \/><input type=\"hidden\" name=\"_wpcf7_version\" value=\"6.1.3\" \/><input type=\"hidden\" name=\"_wpcf7_locale\" value=\"\" \/><input type=\"hidden\" name=\"_wpcf7_unit_tag\" value=\"wpcf7-f1542-o1\" \/><input type=\"hidden\" name=\"_wpcf7_container_post\" value=\"0\" \/><input type=\"hidden\" name=\"_wpcf7_posted_data_hash\" value=\"\" \/><input type=\"hidden\" name=\"_wpcf7_recaptcha_response\" value=\"\" \/>\n<\/fieldset>\n<div class=\"field-container\">\n\t<p><span class=\"wpcf7-form-control-wrap\" data-name=\"first-name\"><input size=\"40\" maxlength=\"400\" class=\"wpcf7-form-control wpcf7-text wpcf7-validates-as-required\" aria-required=\"true\" aria-invalid=\"false\" value=\"\" type=\"text\" name=\"first-name\" \/><\/span>\n\t<\/p>\n<\/div>\n<div class=\"field-container\">\n\t<p><span class=\"wpcf7-form-control-wrap\" data-name=\"last-name\"><input size=\"40\" maxlength=\"400\" class=\"wpcf7-form-control wpcf7-text wpcf7-validates-as-required\" aria-required=\"true\" aria-invalid=\"false\" value=\"\" type=\"text\" name=\"last-name\" \/><\/span>\n\t<\/p>\n<\/div>\n<div class=\"field-container\">\n\t<p><span class=\"wpcf7-form-control-wrap\" data-name=\"title\"><input size=\"40\" maxlength=\"400\" class=\"wpcf7-form-control wpcf7-text\" aria-invalid=\"false\" value=\"\" type=\"text\" name=\"title\" \/><\/span>\n\t<\/p>\n<\/div>\n<div class=\"field-container\">\n\t<p><span class=\"wpcf7-form-control-wrap\" data-name=\"company\"><input size=\"40\" maxlength=\"400\" class=\"wpcf7-form-control wpcf7-text\" aria-invalid=\"false\" value=\"\" type=\"text\" name=\"company\" \/><\/span>\n\t<\/p>\n<\/div>\n<div class=\"field-container\">\n\t<p><span class=\"wpcf7-form-control-wrap\" data-name=\"tel-num\"><input size=\"40\" maxlength=\"400\" class=\"wpcf7-form-control wpcf7-tel wpcf7-text wpcf7-validates-as-tel\" aria-invalid=\"false\" value=\"\" type=\"tel\" name=\"tel-num\" \/><\/span>\n\t<\/p>\n<\/div>\n<div class=\"field-container\">\n\t<p><span class=\"wpcf7-form-control-wrap\" data-name=\"email\"><input size=\"40\" maxlength=\"400\" class=\"wpcf7-form-control wpcf7-email wpcf7-validates-as-required wpcf7-text wpcf7-validates-as-email\" aria-required=\"true\" aria-invalid=\"false\" value=\"\" type=\"email\" name=\"email\" \/><\/span>\n\t<\/p>\n<\/div>\n<p><span class=\"wpcf7-form-control-wrap\" data-name=\"region\"><select class=\"wpcf7-form-control wpcf7-select form-control\" aria-invalid=\"false\" name=\"region\"><option value=\"Where are you located?\">Where are you located?<\/option><option value=\"Montreal\">Montreal<\/option><option value=\"Toronto\">Toronto<\/option><option value=\"Vancouver\">Vancouver<\/option><\/select><\/span>\n<\/p>\n<div class=\"grad\">\n\t<p><strong>Please tell us more about your specific needs:<\/strong>\n\t<\/p>\n\t<div class=\"field-container\">\n\t\t<p><span class=\"wpcf7-form-control-wrap\" data-name=\"pressure-range\"><input size=\"40\" maxlength=\"400\" class=\"wpcf7-form-control wpcf7-text\" aria-invalid=\"false\" value=\"\" type=\"text\" name=\"pressure-range\" \/><\/span>\n\t\t<\/p>\n\t<\/div>\n\t<div class=\"field-container\">\n\t\t<p><span class=\"wpcf7-form-control-wrap\" data-name=\"matrix-gas\"><input size=\"40\" maxlength=\"400\" class=\"wpcf7-form-control wpcf7-text\" aria-invalid=\"false\" value=\"\" type=\"text\" name=\"matrix-gas\" \/><\/span>\n\t\t<\/p>\n\t<\/div>\n\t<p class=\"inter\">Measurement Items:\n\t<\/p>\n\t<div class=\"field-container\">\n\t\t<p><span class=\"wpcf7-form-control-wrap\" data-name=\"analytes-detected\"><input size=\"40\" maxlength=\"400\" class=\"wpcf7-form-control wpcf7-text\" aria-invalid=\"false\" value=\"\" type=\"text\" name=\"analytes-detected\" \/><\/span>\n\t\t<\/p>\n\t<\/div>\n\t<div class=\"field-container\">\n\t\t<p><span class=\"wpcf7-form-control-wrap\" data-name=\"requested-range\"><input size=\"40\" maxlength=\"400\" class=\"wpcf7-form-control wpcf7-text\" aria-invalid=\"false\" value=\"\" type=\"text\" name=\"requested-range\" \/><\/span>\n\t\t<\/p>\n\t<\/div>\n\t<div class=\"field-container\">\n\t\t<p><span class=\"wpcf7-form-control-wrap\" data-name=\"requested-lod\"><input size=\"40\" maxlength=\"400\" class=\"wpcf7-form-control wpcf7-text\" aria-invalid=\"false\" value=\"\" type=\"text\" name=\"requested-lod\" \/><\/span>\n\t\t<\/p>\n\t<\/div>\n\t<div class=\"field-container\">\n\t\t<p><span class=\"wpcf7-form-control-wrap\" data-name=\"impuritires\"><input size=\"40\" maxlength=\"400\" class=\"wpcf7-form-control wpcf7-text\" aria-invalid=\"false\" value=\"\" type=\"text\" name=\"impuritires\" \/><\/span><i>For example, Hydrocarbon, Heavy metal, Corrosive, etc.<\/i>\n\t\t<\/p>\n\t<\/div>\n\t<div class=\"field-container\">\n\t\t<p><span class=\"wpcf7-form-control-wrap\" data-name=\"comments\"><textarea cols=\"40\" rows=\"10\" maxlength=\"2000\" class=\"wpcf7-form-control wpcf7-textarea\" aria-invalid=\"false\" name=\"comments\"><\/textarea><\/span>\n\t\t<\/p>\n\t<\/div>\n\t<p><input class=\"wpcf7-form-control wpcf7-submit has-spinner\" type=\"submit\" value=\"Send\" \/>\n\t<\/p>\n<\/div><div class=\"wpcf7-response-output\" aria-hidden=\"true\"><\/div>\n<\/form>\n<\/div>\n\n<\/div>\n<\/div>\n","protected":false},"excerpt":{"rendered":"","protected":false},"author":1,"featured_media":1923,"parent":0,"menu_order":0,"comment_status":"closed","ping_status":"closed","template":"template-experts-form.php","meta":{"_acf_changed":false,"inline_featured_image":false,"footnotes":""},"class_list":["post-3451","page","type-page","status-publish","has-post-thumbnail","hentry"],"acf":[],"yoast_head":"<!-- This site is optimized with the Yoast SEO plugin v26.4 - https:\/\/yoast.com\/wordpress\/plugins\/seo\/ -->\n<title>Parlez \u00e0 l&#039;un de nos experts - ASDevices<\/title>\n<meta name=\"description\" content=\"Contactez nos experts en analyse des gaz pour r\u00e9pondre \u00e0 vos questions sur l&#039;analyse de la puret\u00e9 des gaz industriels ou en laboratoire.\" \/>\n<meta name=\"robots\" content=\"index, follow, max-snippet:-1, max-image-preview:large, max-video-preview:-1\" \/>\n<link rel=\"canonical\" href=\"https:\/\/asdevices.com\/talk-to-one-of-our-experts\/\" \/>\n<meta property=\"og:locale\" content=\"fr_FR\" \/>\n<meta property=\"og:type\" content=\"article\" \/>\n<meta property=\"og:title\" content=\"Parlez \u00e0 l&#039;un de nos experts - ASDevices\" \/>\n<meta property=\"og:description\" content=\"Contactez nos experts en analyse des gaz pour r\u00e9pondre \u00e0 vos questions sur l&#039;analyse de la puret\u00e9 des gaz industriels ou en laboratoire.\" \/>\n<meta property=\"og:url\" content=\"https:\/\/asdevices.com\/talk-to-one-of-our-experts\/\" \/>\n<meta property=\"og:site_name\" content=\"ASDevices\" \/>\n<meta property=\"article:modified_time\" content=\"2024-01-19T19:54:50+00:00\" \/>\n<meta property=\"og:image\" content=\"https:\/\/asdevices.com\/wp-content\/uploads\/2021\/12\/ogimage.jpg\" \/>\n\t<meta property=\"og:image:width\" content=\"1200\" \/>\n\t<meta property=\"og:image:height\" content=\"630\" \/>\n\t<meta property=\"og:image:type\" content=\"image\/jpeg\" \/>\n<meta name=\"twitter:card\" content=\"summary_large_image\" \/>\n<meta name=\"twitter:site\" content=\"@as_devices\" \/>\n<script type=\"application\/ld+json\" class=\"yoast-schema-graph\">{\"@context\":\"https:\/\/schema.org\",\"@graph\":[{\"@type\":\"WebPage\",\"@id\":\"https:\/\/asdevices.com\/talk-to-one-of-our-experts\/\",\"url\":\"https:\/\/asdevices.com\/talk-to-one-of-our-experts\/\",\"name\":\"Parlez \u00e0 l'un de nos experts - ASDevices\",\"isPartOf\":{\"@id\":\"https:\/\/asdevices.com\/#website\"},\"primaryImageOfPage\":{\"@id\":\"https:\/\/asdevices.com\/talk-to-one-of-our-experts\/#primaryimage\"},\"image\":{\"@id\":\"https:\/\/asdevices.com\/talk-to-one-of-our-experts\/#primaryimage\"},\"thumbnailUrl\":\"https:\/\/asdevices.com\/wp-content\/uploads\/2021\/12\/ogimage.jpg\",\"datePublished\":\"2021-12-15T19:19:43+00:00\",\"dateModified\":\"2024-01-19T19:54:50+00:00\",\"description\":\"Contactez nos experts en analyse des gaz pour r\u00e9pondre \u00e0 vos questions sur l'analyse de la puret\u00e9 des gaz industriels ou en laboratoire.\",\"breadcrumb\":{\"@id\":\"https:\/\/asdevices.com\/talk-to-one-of-our-experts\/#breadcrumb\"},\"inLanguage\":\"fr-FR\",\"potentialAction\":[{\"@type\":\"ReadAction\",\"target\":[\"https:\/\/asdevices.com\/talk-to-one-of-our-experts\/\"]}]},{\"@type\":\"ImageObject\",\"inLanguage\":\"fr-FR\",\"@id\":\"https:\/\/asdevices.com\/talk-to-one-of-our-experts\/#primaryimage\",\"url\":\"https:\/\/asdevices.com\/wp-content\/uploads\/2021\/12\/ogimage.jpg\",\"contentUrl\":\"https:\/\/asdevices.com\/wp-content\/uploads\/2021\/12\/ogimage.jpg\",\"width\":1200,\"height\":630},{\"@type\":\"BreadcrumbList\",\"@id\":\"https:\/\/asdevices.com\/talk-to-one-of-our-experts\/#breadcrumb\",\"itemListElement\":[{\"@type\":\"ListItem\",\"position\":1,\"name\":\"Home\",\"item\":\"https:\/\/asdevices.com\/fr\/\"},{\"@type\":\"ListItem\",\"position\":2,\"name\":\"Parlez \u00e0 l&#8217;un de nos experts\"}]},{\"@type\":\"WebSite\",\"@id\":\"https:\/\/asdevices.com\/#website\",\"url\":\"https:\/\/asdevices.com\/\",\"name\":\"ASDevices\",\"description\":\"\",\"publisher\":{\"@id\":\"https:\/\/asdevices.com\/#organization\"},\"potentialAction\":[{\"@type\":\"SearchAction\",\"target\":{\"@type\":\"EntryPoint\",\"urlTemplate\":\"https:\/\/asdevices.com\/?s={search_term_string}\"},\"query-input\":{\"@type\":\"PropertyValueSpecification\",\"valueRequired\":true,\"valueName\":\"search_term_string\"}}],\"inLanguage\":\"fr-FR\"},{\"@type\":\"Organization\",\"@id\":\"https:\/\/asdevices.com\/#organization\",\"name\":\"ASDevices\",\"url\":\"https:\/\/asdevices.com\/\",\"logo\":{\"@type\":\"ImageObject\",\"inLanguage\":\"fr-FR\",\"@id\":\"https:\/\/asdevices.com\/#\/schema\/logo\/image\/\",\"url\":\"http:\/\/cmt.a7d.mywebsitetransfer.com\/wp-content\/uploads\/2021\/12\/asdevices_logo.png\",\"contentUrl\":\"http:\/\/cmt.a7d.mywebsitetransfer.com\/wp-content\/uploads\/2021\/12\/asdevices_logo.png\",\"width\":370,\"height\":182,\"caption\":\"ASDevices\"},\"image\":{\"@id\":\"https:\/\/asdevices.com\/#\/schema\/logo\/image\/\"},\"sameAs\":[\"https:\/\/x.com\/as_devices\",\"https:\/\/www.linkedin.com\/company\/asdevices\/mycompany\/?viewAsMember=true\"]}]}<\/script>\n<!-- \/ Yoast SEO plugin. -->","yoast_head_json":{"title":"Parlez \u00e0 l'un de nos experts - ASDevices","description":"Contactez nos experts en analyse des gaz pour r\u00e9pondre \u00e0 vos questions sur l'analyse de la puret\u00e9 des gaz industriels ou en laboratoire.","robots":{"index":"index","follow":"follow","max-snippet":"max-snippet:-1","max-image-preview":"max-image-preview:large","max-video-preview":"max-video-preview:-1"},"canonical":"https:\/\/asdevices.com\/talk-to-one-of-our-experts\/","og_locale":"fr_FR","og_type":"article","og_title":"Parlez \u00e0 l'un de nos experts - ASDevices","og_description":"Contactez nos experts en analyse des gaz pour r\u00e9pondre \u00e0 vos questions sur l'analyse de la puret\u00e9 des gaz industriels ou en laboratoire.","og_url":"https:\/\/asdevices.com\/talk-to-one-of-our-experts\/","og_site_name":"ASDevices","article_modified_time":"2024-01-19T19:54:50+00:00","og_image":[{"width":1200,"height":630,"url":"https:\/\/asdevices.com\/wp-content\/uploads\/2021\/12\/ogimage.jpg","type":"image\/jpeg"}],"twitter_card":"summary_large_image","twitter_site":"@as_devices","schema":{"@context":"https:\/\/schema.org","@graph":[{"@type":"WebPage","@id":"https:\/\/asdevices.com\/talk-to-one-of-our-experts\/","url":"https:\/\/asdevices.com\/talk-to-one-of-our-experts\/","name":"Parlez \u00e0 l'un de nos experts - ASDevices","isPartOf":{"@id":"https:\/\/asdevices.com\/#website"},"primaryImageOfPage":{"@id":"https:\/\/asdevices.com\/talk-to-one-of-our-experts\/#primaryimage"},"image":{"@id":"https:\/\/asdevices.com\/talk-to-one-of-our-experts\/#primaryimage"},"thumbnailUrl":"https:\/\/asdevices.com\/wp-content\/uploads\/2021\/12\/ogimage.jpg","datePublished":"2021-12-15T19:19:43+00:00","dateModified":"2024-01-19T19:54:50+00:00","description":"Contactez nos experts en analyse des gaz pour r\u00e9pondre \u00e0 vos questions sur l'analyse de la puret\u00e9 des gaz industriels ou en laboratoire.","breadcrumb":{"@id":"https:\/\/asdevices.com\/talk-to-one-of-our-experts\/#breadcrumb"},"inLanguage":"fr-FR","potentialAction":[{"@type":"ReadAction","target":["https:\/\/asdevices.com\/talk-to-one-of-our-experts\/"]}]},{"@type":"ImageObject","inLanguage":"fr-FR","@id":"https:\/\/asdevices.com\/talk-to-one-of-our-experts\/#primaryimage","url":"https:\/\/asdevices.com\/wp-content\/uploads\/2021\/12\/ogimage.jpg","contentUrl":"https:\/\/asdevices.com\/wp-content\/uploads\/2021\/12\/ogimage.jpg","width":1200,"height":630},{"@type":"BreadcrumbList","@id":"https:\/\/asdevices.com\/talk-to-one-of-our-experts\/#breadcrumb","itemListElement":[{"@type":"ListItem","position":1,"name":"Home","item":"https:\/\/asdevices.com\/fr\/"},{"@type":"ListItem","position":2,"name":"Parlez \u00e0 l&#8217;un de nos experts"}]},{"@type":"WebSite","@id":"https:\/\/asdevices.com\/#website","url":"https:\/\/asdevices.com\/","name":"ASDevices","description":"","publisher":{"@id":"https:\/\/asdevices.com\/#organization"},"potentialAction":[{"@type":"SearchAction","target":{"@type":"EntryPoint","urlTemplate":"https:\/\/asdevices.com\/?s={search_term_string}"},"query-input":{"@type":"PropertyValueSpecification","valueRequired":true,"valueName":"search_term_string"}}],"inLanguage":"fr-FR"},{"@type":"Organization","@id":"https:\/\/asdevices.com\/#organization","name":"ASDevices","url":"https:\/\/asdevices.com\/","logo":{"@type":"ImageObject","inLanguage":"fr-FR","@id":"https:\/\/asdevices.com\/#\/schema\/logo\/image\/","url":"http:\/\/cmt.a7d.mywebsitetransfer.com\/wp-content\/uploads\/2021\/12\/asdevices_logo.png","contentUrl":"http:\/\/cmt.a7d.mywebsitetransfer.com\/wp-content\/uploads\/2021\/12\/asdevices_logo.png","width":370,"height":182,"caption":"ASDevices"},"image":{"@id":"https:\/\/asdevices.com\/#\/schema\/logo\/image\/"},"sameAs":["https:\/\/x.com\/as_devices","https:\/\/www.linkedin.com\/company\/asdevices\/mycompany\/?viewAsMember=true"]}]}},"_links":{"self":[{"href":"https:\/\/asdevices.com\/fr\/wp-json\/wp\/v2\/pages\/3451","targetHints":{"allow":["GET"]}}],"collection":[{"href":"https:\/\/asdevices.com\/fr\/wp-json\/wp\/v2\/pages"}],"about":[{"href":"https:\/\/asdevices.com\/fr\/wp-json\/wp\/v2\/types\/page"}],"author":[{"embeddable":true,"href":"https:\/\/asdevices.com\/fr\/wp-json\/wp\/v2\/users\/1"}],"replies":[{"embeddable":true,"href":"https:\/\/asdevices.com\/fr\/wp-json\/wp\/v2\/comments?post=3451"}],"version-history":[{"count":1,"href":"https:\/\/asdevices.com\/fr\/wp-json\/wp\/v2\/pages\/3451\/revisions"}],"predecessor-version":[{"id":3453,"href":"https:\/\/asdevices.com\/fr\/wp-json\/wp\/v2\/pages\/3451\/revisions\/3453"}],"wp:featuredmedia":[{"embeddable":true,"href":"https:\/\/asdevices.com\/fr\/wp-json\/wp\/v2\/media\/1923"}],"wp:attachment":[{"href":"https:\/\/asdevices.com\/fr\/wp-json\/wp\/v2\/media?parent=3451"}],"curies":[{"name":"wp","href":"https:\/\/api.w.org\/{rel}","templated":true}]}}