{"id":3429,"date":"2021-11-10T13:30:10","date_gmt":"2021-11-10T13:30:10","guid":{"rendered":"https:\/\/asdevices.com\/channel-partners\/"},"modified":"2024-01-19T19:56:41","modified_gmt":"2024-01-19T19:56:41","slug":"channel-partners","status":"publish","type":"page","link":"https:\/\/asdevices.com\/fr\/channel-partners\/","title":{"rendered":"Partenaires distributeurs"},"content":{"rendered":"<div class=\"bk-inter-hero \">\n    <div class=\"wrapper-s\">\n                    <span class=\"breadcrumbs\"><!-- Breadcrumb NavXT 7.4.1 -->\n<span property=\"itemListElement\" typeof=\"ListItem\"><a property=\"item\" typeof=\"WebPage\" title=\"Go to ASDevices.\" href=\"https:\/\/asdevices.com\/fr\/\" class=\"home\" ><span property=\"name\">ASDevices<\/span><\/a><meta property=\"position\" content=\"1\"><\/span> <i>&gt; <\/i><span property=\"itemListElement\" typeof=\"ListItem\"><a property=\"item\" typeof=\"WebPage\" title=\"Go to \u00c0 propos de nous.\" href=\"https:\/\/asdevices.com\/fr\/a-propos\/\" class=\"post post-page\" ><span property=\"name\">\u00c0 propos de nous<\/span><\/a><meta property=\"position\" content=\"2\"><\/span> <i>&gt; <\/i><span property=\"itemListElement\" typeof=\"ListItem\"><a property=\"item\" typeof=\"WebPage\" title=\"Go to Nos nouvelles.\" href=\"https:\/\/asdevices.com\/fr\/a-propos\/our-news\/\" class=\"post-root post post-post\" aria-current=\"page\"><span property=\"name\">Nos nouvelles<\/span><\/a><meta property=\"position\" content=\"3\"><\/span><\/span>\n                            <div class=\"image\">\n                                                                                        <img decoding=\"async\" src=\"https:\/\/asdevices.com\/wp-content\/uploads\/2021\/12\/channel_hero.png\" alt=\"\">\n                                                                        <\/div>\n                        <div class=\"content\">\n            <span class=\"sup-title\">Partenaires distributeurs<\/span>            <h1>Nous recherchons des partenaires de distribution d\u00e9sirant <strong>quelque chose de diff\u00e9rent<\/strong>. <\/h1>            <p>Si vous \u00eates un int\u00e9grateur GC, un ing\u00e9nieur, un scientifique ou un chimiste ayant fait ses preuves &#8211; et une aversion av\u00e9r\u00e9e pour le statu quo &#8211; nous aimerions faire votre connaissance.<\/p>                    <\/div>\n        <a href=\".bk-center-text\" class=\"goto\"><\/a>    <\/div>\n<\/div>\n\n<div class=\"bk-center-text\">\n    <div class=\"wrapper-ss\">\n        <p><img loading=\"lazy\" decoding=\"async\" class=\"alignnone size-full wp-image-829\" src=\"http:\/\/asdevices.com\/wp-content\/uploads\/2021\/12\/hands.png\" alt=\"\" width=\"269\" height=\"189\" \/><\/p>\n<p>&nbsp;<\/p>\n<h2>Quel est notre type?<\/h2>\n<p>Les personnes obs\u00e9d\u00e9es par l&rsquo;innovation, pour qui il est toujours possible de s&rsquo;am\u00e9liorer et \u00ab\u00a0c&rsquo;est impossible\u00a0\u00bb est un point de d\u00e9part et non une ligne d&rsquo;arriv\u00e9e.<\/p>\n<p>Si votre id\u00e9e d&rsquo;un travail accompli consiste \u00e0 obtenir des r\u00e9sultats concrets et \u00e0 f\u00e9liciter un client ravi, parlons-en.<\/p>\n    <\/div>\n<\/div>\n\n<div class=\"bk-center-text\">\n    <div class=\"wrapper-ss\">\n        <br \/>\n<h2>What\u2019s in it for you<\/h2>\n<div class=\"wrapper blocks\">\n<div class=\"info-block\">\n<div class=\"item\">\n                <strong>Collaborate with some of the world\u2019s leading experts in your field<\/strong>\n            <\/div>\n<div class=\"item\">\n                <strong>Leverage and develop the\u00a0most reliable, highest-quality products on the\u00a0market<\/strong>\n            <\/div>\n<div class=\"item\">\n                <strong>Be part of a constant flow of innovation that\u2019s made its mark for over three\u00a0decades<\/strong>\n            <\/div>\n<div class=\"item\">\n                <strong>Join a team that welcomes creativity and new ideas to help deliver verifiable, quantifiable results<\/strong>\n            <\/div>\n<\/p><\/div>\n<p>        <a href=\"https:\/\/www.asdevices.com\/about-us\/\" class=\"btn\">Learn more about asdevices<\/a>\n    <\/div>\n    <\/div>\n<\/div>\n\n<div class=\"bk-grid-components\">\n    <div class=\"wrapper-s\">\n        <h2>We have all the <strong>components<\/strong> you need!<\/h2>        <p><strong>Don&rsquo;t see it here?<\/strong> <a href=\"#\">Challenge us!<\/a><\/p>                <div class=\"grid\">\n            <a class=\"item\" href=\"https:\/\/asdevices.com\/fr\/categorie-produit\/detecteurs\/\">\n                    <img decoding=\"async\" src=\"https:\/\/asdevices.com\/wp-content\/uploads\/2021\/10\/SePdd-604px-396px-580x380.png\" alt=\"https:\/\/asdevices.com\/wp-content\/uploads\/2021\/10\/SePdd-604px-396px.png\"><span>D\u00e9tecteurs<\/span>\n                <\/a><\/li><a class=\"item\" href=\"https:\/\/asdevices.com\/fr\/categorie-produit\/plateformes-gc\/\">\n                    <img decoding=\"async\" src=\"https:\/\/asdevices.com\/wp-content\/uploads\/2021\/11\/web_IMG9204-580x380.jpg\" alt=\"https:\/\/asdevices.com\/wp-content\/uploads\/2021\/11\/web_IMG9204.jpg\"><span>Plateformes GC<\/span>\n                <\/a><\/li><a class=\"item\" href=\"https:\/\/asdevices.com\/fr\/categorie-produit\/gc-valves-fr\/\">\n                    <img decoding=\"async\" src=\"https:\/\/asdevices.com\/wp-content\/uploads\/2021\/11\/web_IMG9232-580x380.jpg\" alt=\"https:\/\/asdevices.com\/wp-content\/uploads\/2021\/11\/web_IMG9232.jpg\"><span>Vannes GC et HPLC<\/span>\n                <\/a><\/li><a class=\"item\" href=\"https:\/\/asdevices.com\/fr\/categorie-produit\/colonnes-gc\/\">\n                    <img decoding=\"async\" src=\"https:\/\/asdevices.com\/wp-content\/uploads\/2021\/11\/web_IMG0045-580x380.jpg\" alt=\"https:\/\/asdevices.com\/wp-content\/uploads\/2021\/11\/web_IMG0045.jpg\"><span>Colonnes GC<\/span>\n                <\/a><\/li><a class=\"item\" href=\"https:\/\/asdevices.com\/fr\/categorie-produit\/accesoires-de-support\/\">\n                    <img decoding=\"async\" src=\"https:\/\/asdevices.com\/wp-content\/uploads\/2021\/11\/GasCalibrationSystem_r_IMG5180-interface-580x380.jpg\" alt=\"https:\/\/asdevices.com\/wp-content\/uploads\/2021\/11\/GasCalibrationSystem_r_IMG5180-interface.jpg\"><span>Accesoires de support<\/span>\n                <\/a><\/li><a class=\"item\" href=\"https:\/\/asdevices.com\/fr\/categorie-produit\/tubes-et-raccords\/\">\n                    <img decoding=\"async\" src=\"https:\/\/asdevices.com\/wp-content\/uploads\/2021\/12\/web_IMG9242-580x380.jpg\" alt=\"https:\/\/asdevices.com\/wp-content\/uploads\/2021\/12\/web_IMG9242.jpg\"><span>Tubes et raccords<\/span>\n                <\/a><\/li><a class=\"item\" href=\"https:\/\/asdevices.com\/fr\/categorie-produit\/purifiers-fr\/\">\n                    <img decoding=\"async\" src=\"https:\/\/asdevices.com\/wp-content\/uploads\/2021\/11\/web_IMG0074-580x380.jpg\" alt=\"https:\/\/asdevices.com\/wp-content\/uploads\/2021\/11\/web_IMG0074.jpg\"><span>Purificateurs<\/span>\n                <\/a><\/li><a class=\"item\" href=\"https:\/\/asdevices.com\/fr\/categorie-produit\/products-under-development-fr\/\">\n                    <img decoding=\"async\" src=\"https:\/\/asdevices.com\/wp-content\/uploads\/2021\/11\/FePID_r-580x380.jpg\" alt=\"https:\/\/asdevices.com\/wp-content\/uploads\/2021\/11\/FePID_r.jpg\"><span>Produits en d\u00e9veloppement<\/span>\n                <\/a><\/li>        <\/div>\n                        <a class=\"btn\" target=\"\" href=\"http:\/\/asdevices.com\/products\/\">Learn about our products<\/a>    <\/div>\n<\/div>\n\n\n<div class=\"gradient-down\">\n\n\n<div class=\"bk-center-text\">\n    <div class=\"wrapper-ss\">\n        <h2>Don\u2019t just take our word for it<\/h2>\n<p>We\u2019ve gotten where we are today by focusing entirely on our clients. That includes listening to their needs, their expectations, their challenges \u2013 and their praise. Here are a few choice words.<\/p>\n    <\/div>\n<\/div>\n\n<div class=\"bk-img-text-cta  team\">\n    <div class=\"wrapper-s\">\n                <div class=\"grid\">\n            <div class=\"item image\">\n                <img decoding=\"async\" src=\"https:\/\/asdevices.com\/wp-content\/uploads\/2021\/12\/antelia.png\" alt=\"\">            <\/div>\n            <div class=\"item content\">\n                <p>We have been working with ASDevices since the beginning. We know, from many years, the team behind ASDevices and the level of innovation and expertise they can bring. As Antelia has always been an innovator and a provider of high-quality solutions, it was natural for us to work with them. Using their modular GC platforms, high quality detectors and valves, we have been able to quickly configure GC solutions for our customers.<\/p>\n<h3>\n<p class=\"no-margin\">Christian Clerc<\/p>\n<div class=\"sub-title\">Antelia, France<\/div>\n<\/h3>\n                            <\/div>\n        <\/div>\n    <\/div>\n<\/div>\n\n\n<\/div>\n\n\n<div class=\"bk-center-text\">\n    <div class=\"wrapper-ss\">\n        <h2>Ready to join our team?<\/h2>\n<p>Fill in this form and we\u2019ll contact you as soon as possible.<\/p>\n<div class=\"contact-form\">\n<div class=\"form-container\" data-lang=\"en\">\n\n<div class=\"wpcf7 no-js\" id=\"wpcf7-f86-o1\" lang=\"\" dir=\"ltr\" data-wpcf7-id=\"86\">\n<div class=\"screen-reader-response\"><p role=\"status\" aria-live=\"polite\" aria-atomic=\"true\"><\/p> <ul><\/ul><\/div>\n<form action=\"\/fr\/wp-json\/wp\/v2\/pages\/3429#wpcf7-f86-o1\" method=\"post\" class=\"wpcf7-form init\" aria-label=\"Formulaire de contact\" novalidate=\"novalidate\" data-status=\"init\">\n<fieldset class=\"hidden-fields-container\"><input type=\"hidden\" name=\"_wpcf7\" value=\"86\" \/><input type=\"hidden\" name=\"_wpcf7_version\" value=\"6.1.3\" \/><input type=\"hidden\" name=\"_wpcf7_locale\" value=\"\" \/><input type=\"hidden\" name=\"_wpcf7_unit_tag\" value=\"wpcf7-f86-o1\" \/><input type=\"hidden\" name=\"_wpcf7_container_post\" value=\"0\" \/><input type=\"hidden\" name=\"_wpcf7_posted_data_hash\" value=\"\" \/><input type=\"hidden\" name=\"_wpcf7_recaptcha_response\" value=\"\" \/>\n<\/fieldset>\n<div class=\"row\">\n\t<div class=\"column\">\n\t\t<div class=\"field-container\">\n\t\t\t<p><span class=\"wpcf7-form-control-wrap\" data-name=\"first-name\"><input size=\"40\" maxlength=\"400\" class=\"wpcf7-form-control wpcf7-text wpcf7-validates-as-required\" aria-required=\"true\" aria-invalid=\"false\" value=\"\" type=\"text\" name=\"first-name\" \/><\/span>\n\t\t\t<\/p>\n\t\t<\/div>\n\t<\/div>\n\t<div class=\"column\">\n\t\t<div class=\"field-container\">\n\t\t\t<p><span class=\"wpcf7-form-control-wrap\" data-name=\"last-name\"><input size=\"40\" maxlength=\"400\" class=\"wpcf7-form-control wpcf7-text wpcf7-validates-as-required\" aria-required=\"true\" aria-invalid=\"false\" value=\"\" type=\"text\" name=\"last-name\" \/><\/span>\n\t\t\t<\/p>\n\t\t<\/div>\n\t<\/div>\n<\/div>\n<div class=\"row\">\n\t<div class=\"column\">\n\t\t<div class=\"field-container\">\n\t\t\t<p><span class=\"wpcf7-form-control-wrap\" data-name=\"email\"><input size=\"40\" maxlength=\"400\" class=\"wpcf7-form-control wpcf7-email wpcf7-validates-as-required wpcf7-text wpcf7-validates-as-email\" aria-required=\"true\" aria-invalid=\"false\" value=\"\" type=\"email\" name=\"email\" \/><\/span>\n\t\t\t<\/p>\n\t\t<\/div>\n\t<\/div>\n\t<div class=\"column\">\n\t\t<div class=\"field-container\">\n\t\t\t<p><span class=\"wpcf7-form-control-wrap\" data-name=\"tel-num\"><input size=\"40\" maxlength=\"400\" class=\"wpcf7-form-control wpcf7-tel wpcf7-text wpcf7-validates-as-tel\" aria-invalid=\"false\" value=\"\" type=\"tel\" name=\"tel-num\" \/><\/span>\n\t\t\t<\/p>\n\t\t<\/div>\n\t<\/div>\n<\/div>\n<div class=\"row\">\n\t<div class=\"column\">\n\t\t<div class=\"field-container\">\n\t\t\t<p><span class=\"wpcf7-form-control-wrap\" data-name=\"company\"><input size=\"40\" maxlength=\"400\" class=\"wpcf7-form-control wpcf7-text\" aria-invalid=\"false\" value=\"\" type=\"text\" name=\"company\" \/><\/span>\n\t\t\t<\/p>\n\t\t<\/div>\n\t<\/div>\n\t<div class=\"column\">\n\t\t<p><span class=\"wpcf7-form-control-wrap\" data-name=\"region\"><select class=\"wpcf7-form-control wpcf7-select form-control\" aria-invalid=\"false\" name=\"region\"><option value=\"Region\">Region<\/option><option value=\"Montreal\">Montreal<\/option><option value=\"Toronto\">Toronto<\/option><option value=\"Vancouver\">Vancouver<\/option><\/select><\/span>\n\t\t<\/p>\n\t<\/div>\n<\/div>\n<div class=\"field-container\">\n\t<p><span class=\"wpcf7-form-control-wrap\" data-name=\"comments\"><textarea cols=\"40\" rows=\"10\" maxlength=\"2000\" class=\"wpcf7-form-control wpcf7-textarea\" aria-invalid=\"false\" name=\"comments\"><\/textarea><\/span>\n\t<\/p>\n<\/div>\n<p><input class=\"wpcf7-form-control wpcf7-submit has-spinner\" type=\"submit\" value=\"Send\" \/>\n<\/p><div class=\"wpcf7-response-output\" aria-hidden=\"true\"><\/div>\n<\/form>\n<\/div>\n\n<\/div>\n<\/div>\n    <\/div>\n<\/div>\n\n\n<p><\/p>\n","protected":false},"excerpt":{"rendered":"","protected":false},"author":1,"featured_media":0,"parent":0,"menu_order":0,"comment_status":"closed","ping_status":"closed","template":"","meta":{"_acf_changed":false,"inline_featured_image":false,"footnotes":""},"class_list":["post-3429","page","type-page","status-publish","hentry"],"acf":[],"yoast_head":"<!-- This site is optimized with the Yoast SEO plugin v26.4 - https:\/\/yoast.com\/wordpress\/plugins\/seo\/ -->\n<title>Partenaires distributeurs - ASDevices<\/title>\n<meta name=\"description\" content=\"ASDevices is an international leader in the design of gas analysis technologies and devices for process and laboratory gases. We offer robust, high-quality analytical solutions backed by 30 years of GC innovation and over 160 patents worldwide.\" \/>\n<meta name=\"robots\" content=\"index, follow, max-snippet:-1, max-image-preview:large, max-video-preview:-1\" \/>\n<link rel=\"canonical\" href=\"https:\/\/asdevices.com\/channel-partners\/\" \/>\n<meta property=\"og:locale\" content=\"fr_FR\" \/>\n<meta property=\"og:type\" content=\"article\" \/>\n<meta property=\"og:title\" content=\"Partenaires distributeurs - ASDevices\" \/>\n<meta property=\"og:description\" content=\"ASDevices is an international leader in the design of gas analysis technologies and devices for process and laboratory gases. We offer robust, high-quality analytical solutions backed by 30 years of GC innovation and over 160 patents worldwide.\" \/>\n<meta property=\"og:url\" content=\"https:\/\/asdevices.com\/channel-partners\/\" \/>\n<meta property=\"og:site_name\" content=\"ASDevices\" \/>\n<meta property=\"article:modified_time\" content=\"2024-01-19T19:56:41+00:00\" \/>\n<meta property=\"og:image\" content=\"https:\/\/asdevices.com\/wp-content\/uploads\/2021\/12\/ogimage.jpg\" \/>\n\t<meta property=\"og:image:width\" content=\"1200\" \/>\n\t<meta property=\"og:image:height\" content=\"630\" \/>\n\t<meta property=\"og:image:type\" content=\"image\/jpeg\" \/>\n<meta name=\"twitter:card\" content=\"summary_large_image\" \/>\n<meta name=\"twitter:site\" content=\"@as_devices\" \/>\n<script type=\"application\/ld+json\" class=\"yoast-schema-graph\">{\"@context\":\"https:\/\/schema.org\",\"@graph\":[{\"@type\":\"WebPage\",\"@id\":\"https:\/\/asdevices.com\/channel-partners\/\",\"url\":\"https:\/\/asdevices.com\/channel-partners\/\",\"name\":\"Partenaires distributeurs - ASDevices\",\"isPartOf\":{\"@id\":\"https:\/\/asdevices.com\/#website\"},\"datePublished\":\"2021-11-10T13:30:10+00:00\",\"dateModified\":\"2024-01-19T19:56:41+00:00\",\"description\":\"ASDevices is an international leader in the design of gas analysis technologies and devices for process and laboratory gases. We offer robust, high-quality analytical solutions backed by 30 years of GC innovation and over 160 patents worldwide.\",\"breadcrumb\":{\"@id\":\"https:\/\/asdevices.com\/channel-partners\/#breadcrumb\"},\"inLanguage\":\"fr-FR\",\"potentialAction\":[{\"@type\":\"ReadAction\",\"target\":[\"https:\/\/asdevices.com\/channel-partners\/\"]}]},{\"@type\":\"BreadcrumbList\",\"@id\":\"https:\/\/asdevices.com\/channel-partners\/#breadcrumb\",\"itemListElement\":[{\"@type\":\"ListItem\",\"position\":1,\"name\":\"Home\",\"item\":\"https:\/\/asdevices.com\/fr\/\"},{\"@type\":\"ListItem\",\"position\":2,\"name\":\"Partenaires distributeurs\"}]},{\"@type\":\"WebSite\",\"@id\":\"https:\/\/asdevices.com\/#website\",\"url\":\"https:\/\/asdevices.com\/\",\"name\":\"ASDevices\",\"description\":\"\",\"publisher\":{\"@id\":\"https:\/\/asdevices.com\/#organization\"},\"potentialAction\":[{\"@type\":\"SearchAction\",\"target\":{\"@type\":\"EntryPoint\",\"urlTemplate\":\"https:\/\/asdevices.com\/?s={search_term_string}\"},\"query-input\":{\"@type\":\"PropertyValueSpecification\",\"valueRequired\":true,\"valueName\":\"search_term_string\"}}],\"inLanguage\":\"fr-FR\"},{\"@type\":\"Organization\",\"@id\":\"https:\/\/asdevices.com\/#organization\",\"name\":\"ASDevices\",\"url\":\"https:\/\/asdevices.com\/\",\"logo\":{\"@type\":\"ImageObject\",\"inLanguage\":\"fr-FR\",\"@id\":\"https:\/\/asdevices.com\/#\/schema\/logo\/image\/\",\"url\":\"http:\/\/cmt.a7d.mywebsitetransfer.com\/wp-content\/uploads\/2021\/12\/asdevices_logo.png\",\"contentUrl\":\"http:\/\/cmt.a7d.mywebsitetransfer.com\/wp-content\/uploads\/2021\/12\/asdevices_logo.png\",\"width\":370,\"height\":182,\"caption\":\"ASDevices\"},\"image\":{\"@id\":\"https:\/\/asdevices.com\/#\/schema\/logo\/image\/\"},\"sameAs\":[\"https:\/\/x.com\/as_devices\",\"https:\/\/www.linkedin.com\/company\/asdevices\/mycompany\/?viewAsMember=true\"]}]}<\/script>\n<!-- \/ Yoast SEO plugin. -->","yoast_head_json":{"title":"Partenaires distributeurs - ASDevices","description":"ASDevices is an international leader in the design of gas analysis technologies and devices for process and laboratory gases. We offer robust, high-quality analytical solutions backed by 30 years of GC innovation and over 160 patents worldwide.","robots":{"index":"index","follow":"follow","max-snippet":"max-snippet:-1","max-image-preview":"max-image-preview:large","max-video-preview":"max-video-preview:-1"},"canonical":"https:\/\/asdevices.com\/channel-partners\/","og_locale":"fr_FR","og_type":"article","og_title":"Partenaires distributeurs - ASDevices","og_description":"ASDevices is an international leader in the design of gas analysis technologies and devices for process and laboratory gases. We offer robust, high-quality analytical solutions backed by 30 years of GC innovation and over 160 patents worldwide.","og_url":"https:\/\/asdevices.com\/channel-partners\/","og_site_name":"ASDevices","article_modified_time":"2024-01-19T19:56:41+00:00","og_image":[{"width":1200,"height":630,"url":"https:\/\/asdevices.com\/wp-content\/uploads\/2021\/12\/ogimage.jpg","type":"image\/jpeg"}],"twitter_card":"summary_large_image","twitter_site":"@as_devices","schema":{"@context":"https:\/\/schema.org","@graph":[{"@type":"WebPage","@id":"https:\/\/asdevices.com\/channel-partners\/","url":"https:\/\/asdevices.com\/channel-partners\/","name":"Partenaires distributeurs - ASDevices","isPartOf":{"@id":"https:\/\/asdevices.com\/#website"},"datePublished":"2021-11-10T13:30:10+00:00","dateModified":"2024-01-19T19:56:41+00:00","description":"ASDevices is an international leader in the design of gas analysis technologies and devices for process and laboratory gases. We offer robust, high-quality analytical solutions backed by 30 years of GC innovation and over 160 patents worldwide.","breadcrumb":{"@id":"https:\/\/asdevices.com\/channel-partners\/#breadcrumb"},"inLanguage":"fr-FR","potentialAction":[{"@type":"ReadAction","target":["https:\/\/asdevices.com\/channel-partners\/"]}]},{"@type":"BreadcrumbList","@id":"https:\/\/asdevices.com\/channel-partners\/#breadcrumb","itemListElement":[{"@type":"ListItem","position":1,"name":"Home","item":"https:\/\/asdevices.com\/fr\/"},{"@type":"ListItem","position":2,"name":"Partenaires distributeurs"}]},{"@type":"WebSite","@id":"https:\/\/asdevices.com\/#website","url":"https:\/\/asdevices.com\/","name":"ASDevices","description":"","publisher":{"@id":"https:\/\/asdevices.com\/#organization"},"potentialAction":[{"@type":"SearchAction","target":{"@type":"EntryPoint","urlTemplate":"https:\/\/asdevices.com\/?s={search_term_string}"},"query-input":{"@type":"PropertyValueSpecification","valueRequired":true,"valueName":"search_term_string"}}],"inLanguage":"fr-FR"},{"@type":"Organization","@id":"https:\/\/asdevices.com\/#organization","name":"ASDevices","url":"https:\/\/asdevices.com\/","logo":{"@type":"ImageObject","inLanguage":"fr-FR","@id":"https:\/\/asdevices.com\/#\/schema\/logo\/image\/","url":"http:\/\/cmt.a7d.mywebsitetransfer.com\/wp-content\/uploads\/2021\/12\/asdevices_logo.png","contentUrl":"http:\/\/cmt.a7d.mywebsitetransfer.com\/wp-content\/uploads\/2021\/12\/asdevices_logo.png","width":370,"height":182,"caption":"ASDevices"},"image":{"@id":"https:\/\/asdevices.com\/#\/schema\/logo\/image\/"},"sameAs":["https:\/\/x.com\/as_devices","https:\/\/www.linkedin.com\/company\/asdevices\/mycompany\/?viewAsMember=true"]}]}},"_links":{"self":[{"href":"https:\/\/asdevices.com\/fr\/wp-json\/wp\/v2\/pages\/3429","targetHints":{"allow":["GET"]}}],"collection":[{"href":"https:\/\/asdevices.com\/fr\/wp-json\/wp\/v2\/pages"}],"about":[{"href":"https:\/\/asdevices.com\/fr\/wp-json\/wp\/v2\/types\/page"}],"author":[{"embeddable":true,"href":"https:\/\/asdevices.com\/fr\/wp-json\/wp\/v2\/users\/1"}],"replies":[{"embeddable":true,"href":"https:\/\/asdevices.com\/fr\/wp-json\/wp\/v2\/comments?post=3429"}],"version-history":[{"count":3,"href":"https:\/\/asdevices.com\/fr\/wp-json\/wp\/v2\/pages\/3429\/revisions"}],"predecessor-version":[{"id":3434,"href":"https:\/\/asdevices.com\/fr\/wp-json\/wp\/v2\/pages\/3429\/revisions\/3434"}],"wp:attachment":[{"href":"https:\/\/asdevices.com\/fr\/wp-json\/wp\/v2\/media?parent=3429"}],"curies":[{"name":"wp","href":"https:\/\/api.w.org\/{rel}","templated":true}]}}