{"id":3418,"date":"2021-12-20T19:43:32","date_gmt":"2021-12-20T19:43:32","guid":{"rendered":"https:\/\/asdevices.com\/privacy-and-terms-of-use\/"},"modified":"2024-01-19T19:54:13","modified_gmt":"2024-01-19T19:54:13","slug":"privacy-and-terms-of-use","status":"publish","type":"page","link":"https:\/\/asdevices.com\/fr\/privacy-and-terms-of-use\/","title":{"rendered":"Vie priv\u00e9e et conditions d&rsquo;utilisation"},"content":{"rendered":"\n<p><strong>CLAUSE DE NON-RESPONSABILIT\u00c9<\/strong><\/p>\n\n\n\n<p>Les informations figurant sur ce site web proviennent de sources fiables et sont exactes au moment o\u00f9 elles sont publi\u00e9es sur le site web. Toutefois, les informations sont fournies \u00ab\u00a0en l&rsquo;\u00e9tat\u00a0\u00bb sans aucune garantie expresse ou implicite de quelque nature que ce soit. ASDevices et ses fournisseurs ne garantissent pas l&rsquo;exactitude, l&rsquo;exhaustivit\u00e9 ou l&rsquo;actualit\u00e9 des informations et se r\u00e9servent le droit de les modifier \u00e0 tout moment sans pr\u00e9avis. ASDevices et ses fournisseurs ne peuvent en aucun cas \u00eatre tenus responsables de quelque dommage que ce soit, y compris, mais sans s&rsquo;y limiter, les dommages pour manque \u00e0 gagner, interruption d&rsquo;activit\u00e9, perte d&rsquo;informations et de donn\u00e9es, r\u00e9sultant de l&rsquo;utilisation ou de l&rsquo;impossibilit\u00e9 d&rsquo;utiliser ce site Web et les informations qu&rsquo;il contient, m\u00eame si ASDevices a \u00e9t\u00e9 inform\u00e9e de la possibilit\u00e9 de tels dommages.<\/p>\n\n\n\n<p><strong>DROITS D&rsquo;AUTEUR<\/strong><\/p>\n\n\n\n<p>ASDevices poss\u00e8de et conserve les droits d&rsquo;auteur sur les documents contenus dans ce site. Sauf autorisation contraire d&rsquo;ASDevices, personne n&rsquo;est autoris\u00e9 \u00e0 reproduire en tout ou en partie, sous quelque forme que ce soit, les informations trouv\u00e9es sur les sites Web d&rsquo;ASDevices. Vous pouvez t\u00e9l\u00e9charger une copie des documents sur un seul ordinateur pour votre usage personnel et non commercial, \u00e0 condition que toutes les informations relatives aux droits d&rsquo;auteur et autres avis de propri\u00e9t\u00e9 soient conserv\u00e9s intacts.<\/p>\n\n\n\n<p><strong>LIENS VERS DES SITES TIERS<\/strong><\/p>\n\n\n\n<p>Les liens vers des sites tiers ne sont fournis que pour votre commodit\u00e9 et ne signifient pas qu&rsquo;ASDevices approuve ces sites. ASDevices ne peut \u00eatre tenu responsable des informations et documents trouv\u00e9s sur des sites contr\u00f4l\u00e9s ou exploit\u00e9s en dehors de son domaine, y compris de l&rsquo;assurance de l&rsquo;exactitude de ces informations.<\/p>\n\n\n\n<p><strong>POLITIQUE DE CONFIDENTIALIT\u00c9<\/strong><\/p>\n\n\n\n<p>ASDevices respecte la vie priv\u00e9e des visiteurs de www.asdevices.com et ne partage aucune information personnelle avec des tiers. ASDevices n&rsquo;assume aucune responsabilit\u00e9 quant \u00e0 la politique de confidentialit\u00e9 des sites web auxquels un utilisateur peut acc\u00e9der par l&rsquo;interm\u00e9diaire de ce site web.<\/p>\n","protected":false},"excerpt":{"rendered":"<p>CLAUSE DE NON-RESPONSABILIT\u00c9 Les informations figurant sur ce site web proviennent de sources fiables et sont exactes au moment o\u00f9 elles sont publi\u00e9es sur le site web. Toutefois, les informations sont fournies \u00ab\u00a0en l&rsquo;\u00e9tat\u00a0\u00bb sans aucune garantie expresse ou implicite de quelque nature que ce soit. ASDevices et ses fournisseurs ne garantissent pas l&rsquo;exactitude, l&rsquo;exhaustivit\u00e9 [&hellip;]<\/p>\n","protected":false},"author":1,"featured_media":0,"parent":0,"menu_order":0,"comment_status":"closed","ping_status":"closed","template":"template-wysiwyg.php","meta":{"_acf_changed":false,"inline_featured_image":false,"footnotes":""},"class_list":["post-3418","page","type-page","status-publish","hentry"],"acf":[],"yoast_head":"<!-- This site is optimized with the Yoast SEO plugin v26.4 - https:\/\/yoast.com\/wordpress\/plugins\/seo\/ -->\n<title>Vie priv\u00e9e et conditions d&#039;utilisation - ASDevices<\/title>\n<meta name=\"description\" content=\"ASDevices offre des solutions analytiques robustes et de haute qualit\u00e9 dans le domaine de la chromatographie en phase gazeuse.\" \/>\n<meta name=\"robots\" content=\"index, follow, max-snippet:-1, max-image-preview:large, max-video-preview:-1\" \/>\n<link rel=\"canonical\" href=\"https:\/\/asdevices.com\/privacy-and-terms-of-use\/\" \/>\n<meta property=\"og:locale\" content=\"fr_FR\" \/>\n<meta property=\"og:type\" content=\"article\" \/>\n<meta property=\"og:title\" content=\"Vie priv\u00e9e et conditions d&#039;utilisation - ASDevices\" \/>\n<meta property=\"og:description\" content=\"ASDevices offre des solutions analytiques robustes et de haute qualit\u00e9 dans le domaine de la chromatographie en phase gazeuse.\" \/>\n<meta property=\"og:url\" content=\"https:\/\/asdevices.com\/privacy-and-terms-of-use\/\" \/>\n<meta property=\"og:site_name\" content=\"ASDevices\" \/>\n<meta property=\"article:modified_time\" content=\"2024-01-19T19:54:13+00:00\" \/>\n<meta property=\"og:image\" content=\"https:\/\/asdevices.com\/wp-content\/uploads\/2021\/12\/ogimage.jpg\" \/>\n\t<meta property=\"og:image:width\" content=\"1200\" \/>\n\t<meta property=\"og:image:height\" content=\"630\" \/>\n\t<meta property=\"og:image:type\" content=\"image\/jpeg\" \/>\n<meta name=\"twitter:card\" content=\"summary_large_image\" \/>\n<meta name=\"twitter:site\" content=\"@as_devices\" \/>\n<script type=\"application\/ld+json\" class=\"yoast-schema-graph\">{\"@context\":\"https:\/\/schema.org\",\"@graph\":[{\"@type\":\"WebPage\",\"@id\":\"https:\/\/asdevices.com\/privacy-and-terms-of-use\/\",\"url\":\"https:\/\/asdevices.com\/privacy-and-terms-of-use\/\",\"name\":\"Vie priv\u00e9e et conditions d'utilisation - ASDevices\",\"isPartOf\":{\"@id\":\"https:\/\/asdevices.com\/#website\"},\"datePublished\":\"2021-12-20T19:43:32+00:00\",\"dateModified\":\"2024-01-19T19:54:13+00:00\",\"description\":\"ASDevices offre des solutions analytiques robustes et de haute qualit\u00e9 dans le domaine de la chromatographie en phase gazeuse.\",\"breadcrumb\":{\"@id\":\"https:\/\/asdevices.com\/privacy-and-terms-of-use\/#breadcrumb\"},\"inLanguage\":\"fr-FR\",\"potentialAction\":[{\"@type\":\"ReadAction\",\"target\":[\"https:\/\/asdevices.com\/privacy-and-terms-of-use\/\"]}]},{\"@type\":\"BreadcrumbList\",\"@id\":\"https:\/\/asdevices.com\/privacy-and-terms-of-use\/#breadcrumb\",\"itemListElement\":[{\"@type\":\"ListItem\",\"position\":1,\"name\":\"Home\",\"item\":\"https:\/\/asdevices.com\/fr\/\"},{\"@type\":\"ListItem\",\"position\":2,\"name\":\"Vie priv\u00e9e et conditions d&#8217;utilisation\"}]},{\"@type\":\"WebSite\",\"@id\":\"https:\/\/asdevices.com\/#website\",\"url\":\"https:\/\/asdevices.com\/\",\"name\":\"ASDevices\",\"description\":\"\",\"publisher\":{\"@id\":\"https:\/\/asdevices.com\/#organization\"},\"potentialAction\":[{\"@type\":\"SearchAction\",\"target\":{\"@type\":\"EntryPoint\",\"urlTemplate\":\"https:\/\/asdevices.com\/?s={search_term_string}\"},\"query-input\":{\"@type\":\"PropertyValueSpecification\",\"valueRequired\":true,\"valueName\":\"search_term_string\"}}],\"inLanguage\":\"fr-FR\"},{\"@type\":\"Organization\",\"@id\":\"https:\/\/asdevices.com\/#organization\",\"name\":\"ASDevices\",\"url\":\"https:\/\/asdevices.com\/\",\"logo\":{\"@type\":\"ImageObject\",\"inLanguage\":\"fr-FR\",\"@id\":\"https:\/\/asdevices.com\/#\/schema\/logo\/image\/\",\"url\":\"http:\/\/cmt.a7d.mywebsitetransfer.com\/wp-content\/uploads\/2021\/12\/asdevices_logo.png\",\"contentUrl\":\"http:\/\/cmt.a7d.mywebsitetransfer.com\/wp-content\/uploads\/2021\/12\/asdevices_logo.png\",\"width\":370,\"height\":182,\"caption\":\"ASDevices\"},\"image\":{\"@id\":\"https:\/\/asdevices.com\/#\/schema\/logo\/image\/\"},\"sameAs\":[\"https:\/\/x.com\/as_devices\",\"https:\/\/www.linkedin.com\/company\/asdevices\/mycompany\/?viewAsMember=true\"]}]}<\/script>\n<!-- \/ Yoast SEO plugin. -->","yoast_head_json":{"title":"Vie priv\u00e9e et conditions d'utilisation - ASDevices","description":"ASDevices offre des solutions analytiques robustes et de haute qualit\u00e9 dans le domaine de la chromatographie en phase gazeuse.","robots":{"index":"index","follow":"follow","max-snippet":"max-snippet:-1","max-image-preview":"max-image-preview:large","max-video-preview":"max-video-preview:-1"},"canonical":"https:\/\/asdevices.com\/privacy-and-terms-of-use\/","og_locale":"fr_FR","og_type":"article","og_title":"Vie priv\u00e9e et conditions d'utilisation - ASDevices","og_description":"ASDevices offre des solutions analytiques robustes et de haute qualit\u00e9 dans le domaine de la chromatographie en phase gazeuse.","og_url":"https:\/\/asdevices.com\/privacy-and-terms-of-use\/","og_site_name":"ASDevices","article_modified_time":"2024-01-19T19:54:13+00:00","og_image":[{"width":1200,"height":630,"url":"https:\/\/asdevices.com\/wp-content\/uploads\/2021\/12\/ogimage.jpg","type":"image\/jpeg"}],"twitter_card":"summary_large_image","twitter_site":"@as_devices","schema":{"@context":"https:\/\/schema.org","@graph":[{"@type":"WebPage","@id":"https:\/\/asdevices.com\/privacy-and-terms-of-use\/","url":"https:\/\/asdevices.com\/privacy-and-terms-of-use\/","name":"Vie priv\u00e9e et conditions d'utilisation - ASDevices","isPartOf":{"@id":"https:\/\/asdevices.com\/#website"},"datePublished":"2021-12-20T19:43:32+00:00","dateModified":"2024-01-19T19:54:13+00:00","description":"ASDevices offre des solutions analytiques robustes et de haute qualit\u00e9 dans le domaine de la chromatographie en phase gazeuse.","breadcrumb":{"@id":"https:\/\/asdevices.com\/privacy-and-terms-of-use\/#breadcrumb"},"inLanguage":"fr-FR","potentialAction":[{"@type":"ReadAction","target":["https:\/\/asdevices.com\/privacy-and-terms-of-use\/"]}]},{"@type":"BreadcrumbList","@id":"https:\/\/asdevices.com\/privacy-and-terms-of-use\/#breadcrumb","itemListElement":[{"@type":"ListItem","position":1,"name":"Home","item":"https:\/\/asdevices.com\/fr\/"},{"@type":"ListItem","position":2,"name":"Vie priv\u00e9e et conditions d&#8217;utilisation"}]},{"@type":"WebSite","@id":"https:\/\/asdevices.com\/#website","url":"https:\/\/asdevices.com\/","name":"ASDevices","description":"","publisher":{"@id":"https:\/\/asdevices.com\/#organization"},"potentialAction":[{"@type":"SearchAction","target":{"@type":"EntryPoint","urlTemplate":"https:\/\/asdevices.com\/?s={search_term_string}"},"query-input":{"@type":"PropertyValueSpecification","valueRequired":true,"valueName":"search_term_string"}}],"inLanguage":"fr-FR"},{"@type":"Organization","@id":"https:\/\/asdevices.com\/#organization","name":"ASDevices","url":"https:\/\/asdevices.com\/","logo":{"@type":"ImageObject","inLanguage":"fr-FR","@id":"https:\/\/asdevices.com\/#\/schema\/logo\/image\/","url":"http:\/\/cmt.a7d.mywebsitetransfer.com\/wp-content\/uploads\/2021\/12\/asdevices_logo.png","contentUrl":"http:\/\/cmt.a7d.mywebsitetransfer.com\/wp-content\/uploads\/2021\/12\/asdevices_logo.png","width":370,"height":182,"caption":"ASDevices"},"image":{"@id":"https:\/\/asdevices.com\/#\/schema\/logo\/image\/"},"sameAs":["https:\/\/x.com\/as_devices","https:\/\/www.linkedin.com\/company\/asdevices\/mycompany\/?viewAsMember=true"]}]}},"_links":{"self":[{"href":"https:\/\/asdevices.com\/fr\/wp-json\/wp\/v2\/pages\/3418","targetHints":{"allow":["GET"]}}],"collection":[{"href":"https:\/\/asdevices.com\/fr\/wp-json\/wp\/v2\/pages"}],"about":[{"href":"https:\/\/asdevices.com\/fr\/wp-json\/wp\/v2\/types\/page"}],"author":[{"embeddable":true,"href":"https:\/\/asdevices.com\/fr\/wp-json\/wp\/v2\/users\/1"}],"replies":[{"embeddable":true,"href":"https:\/\/asdevices.com\/fr\/wp-json\/wp\/v2\/comments?post=3418"}],"version-history":[{"count":1,"href":"https:\/\/asdevices.com\/fr\/wp-json\/wp\/v2\/pages\/3418\/revisions"}],"predecessor-version":[{"id":3421,"href":"https:\/\/asdevices.com\/fr\/wp-json\/wp\/v2\/pages\/3418\/revisions\/3421"}],"wp:attachment":[{"href":"https:\/\/asdevices.com\/fr\/wp-json\/wp\/v2\/media?parent=3418"}],"curies":[{"name":"wp","href":"https:\/\/api.w.org\/{rel}","templated":true}]}}