{"id":3408,"date":"2021-11-25T19:59:11","date_gmt":"2021-11-25T19:59:11","guid":{"rendered":"https:\/\/asdevices.com\/products\/gc-valves\/"},"modified":"2025-01-31T19:56:12","modified_gmt":"2025-01-31T19:56:12","slug":"gc-valves","status":"publish","type":"page","link":"https:\/\/asdevices.com\/fr\/products\/gc-valves\/","title":{"rendered":"Vannes GC et HPLC"},"content":{"rendered":"<div class=\"bk-inter-hero \">\n    <div class=\"wrapper-s\">\n                    <span class=\"breadcrumbs\"><!-- Breadcrumb NavXT 7.4.1 -->\n<span property=\"itemListElement\" typeof=\"ListItem\"><a property=\"item\" typeof=\"WebPage\" title=\"Go to ASDevices.\" href=\"https:\/\/asdevices.com\/fr\/\" class=\"home\" ><span property=\"name\">ASDevices<\/span><\/a><meta property=\"position\" content=\"1\"><\/span> <i>&gt; <\/i><span property=\"itemListElement\" typeof=\"ListItem\"><a property=\"item\" typeof=\"WebPage\" title=\"Go to \u00c0 propos de nous.\" href=\"https:\/\/asdevices.com\/fr\/a-propos\/\" class=\"post post-page\" ><span property=\"name\">\u00c0 propos de nous<\/span><\/a><meta property=\"position\" content=\"2\"><\/span> <i>&gt; <\/i><span property=\"itemListElement\" typeof=\"ListItem\"><a property=\"item\" typeof=\"WebPage\" title=\"Go to Nos nouvelles.\" href=\"https:\/\/asdevices.com\/fr\/a-propos\/our-news\/\" class=\"post-root post post-post\" aria-current=\"page\"><span property=\"name\">Nos nouvelles<\/span><\/a><meta property=\"position\" content=\"3\"><\/span><\/span>\n                            <div class=\"image\">\n                                                                                        <img decoding=\"async\" src=\"https:\/\/asdevices.com\/wp-content\/uploads\/2025\/01\/GCValves720x700.png\" alt=\"\">\n                                                                        <\/div>\n                        <div class=\"content\">\n            <span class=\"sup-title\">Vannes GC et CLHP<\/span>            <h1>Con\u00e7ues pour la <strong>performance<\/strong> <\/h1>            <p>Depuis plus de 20 ans, nous repoussons les limites de l&rsquo;industrie en concevant les vannes les plus performantes, les plus durables et de la meilleure qualit\u00e9. Aujourd&rsquo;hui, nous proposons une gamme compl\u00e8te de vannes GC et CLHP, quelle que soit l&rsquo;application.<\/p>                    <\/div>\n            <\/div>\n<\/div>\n\n<div class=\"bk-grid-icons\">\n    <div class=\"wrapper-s\">\n        <h2>Pourquoi choisir nos <strong>vannes GC ?<\/strong><\/h2>                    <div class=\"grid\">\n                                    <div class=\"item\">\n                        <img decoding=\"async\" src=\"https:\/\/asdevices.com\/wp-content\/uploads\/2021\/12\/ico-quality.png\" alt=\"\">                        <span>Long\u00e9vit\u00e9<\/span>                                            <\/div>\n                                    <div class=\"item\">\n                        <img decoding=\"async\" src=\"https:\/\/asdevices.com\/wp-content\/uploads\/2021\/11\/quality.svg\" alt=\"\">                        <span>Haute qualit\u00e9<\/span>                                            <\/div>\n                                    <div class=\"item\">\n                        <img decoding=\"async\" src=\"https:\/\/asdevices.com\/wp-content\/uploads\/2021\/12\/CostEffective.png\" alt=\"\">                        <span>Rentables<\/span>                                            <\/div>\n                                    <div class=\"item\">\n                        <img decoding=\"async\" src=\"https:\/\/asdevices.com\/wp-content\/uploads\/2021\/11\/innovation.svg\" alt=\"\">                        <span>Innovantes<\/span>                                            <\/div>\n                            <\/div>\n            <\/div>\n<\/div>\n\n<div class=\"bk-prod-full-w\">\n    <div class=\"wrapper-s\">\n        <h2>Nos <strong>vannes<\/strong><\/h2>        <div class=\"grid\">\n                        <div class=\"item\">\n                                <div class=\"image\">\n                    <img decoding=\"async\" src=\"https:\/\/asdevices.com\/wp-content\/uploads\/2021\/12\/ppdv-1-580x380-1.png\" alt=\"\">\n                <\/div>\n                                <div class=\"content\">\n                    <h3 class=\"\">Vanne diaphragme \u00e0 purge puls\u00e9e (PPDV)<\/h3>\n                                        <div class=\"row\">\n                        <div class=\"cl\">\n                            <p>Cette derni\u00e8re innovation dans la technologie des vannes diaphragme utilise un gaz d&rsquo;actionnement pour purger le volume int\u00e9rieur de la vanne.<\/p>\n<ul>\n<li>La conception de la purge statique r\u00e9duit les co\u00fbts d&rsquo;exploitation et d&rsquo;int\u00e9gration<\/li>\n<li>Nouveau design de piston pour une dur\u00e9e de vie prolong\u00e9e<\/li>\n<li>Soulagement de la pression du stockage \u00e0 long terme<\/li>\n<li>Remplace n&rsquo;importe quelle vanne diaphragme<\/li>\n<\/ul>\n<br>\n                                                            <a href=\"https:\/\/asdevices.com\/fr\/produits\/purged-pulse-diaphragm-valve-ppdv\/\" class=\"btn\">En savoir plus<\/a>\n                                                    <\/div>\n                                            <\/div>\n                <\/div>\n            <\/div>\n                        <div class=\"item\">\n                                <div class=\"image\">\n                    <img decoding=\"async\" src=\"https:\/\/asdevices.com\/wp-content\/uploads\/2021\/11\/Component-1-3-500x380-1.png\" alt=\"\">\n                <\/div>\n                                <div class=\"content\">\n                    <h3 class=\"\">Vanne anti-usure HPLC<\/h3>\n                                        <div class=\"row\">\n                        <div class=\"cl\">\n                            <p>Le m\u00e9canisme de charge variable de cette vanne durable et performante lib\u00e8re la pression d&rsquo;\u00e9tanch\u00e9it\u00e9 lors de l&rsquo;actionnement, pour une dur\u00e9e de vie sans pr\u00e9c\u00e9dent.<\/p>\n<ul>\n<li>Dur\u00e9e de vie jusqu&rsquo;\u00e0 5 fois sup\u00e9rieure \u00e0 celle des autres technologies de vannes<\/li>\n<li>Meilleures performances et qualit\u00e9<\/li>\n<li>Technologie de pression d&rsquo;\u00e9tanch\u00e9it\u00e9 variable<\/li>\n<li>Pas de volume mort<\/li>\n<\/ul>\n<br>\n                                                            <a href=\"https:\/\/asdevices.com\/fr\/produits\/hplc-valve-wear-proof-valve\/\" class=\"btn\">En savoir plus<\/a>\n                                                    <\/div>\n                                            <\/div>\n                <\/div>\n            <\/div>\n                        <div class=\"item\">\n                                <div class=\"image\">\n                    <img decoding=\"async\" src=\"https:\/\/asdevices.com\/wp-content\/uploads\/2021\/11\/Component-1-1-500x380-1.png\" alt=\"\">\n                <\/div>\n                                <div class=\"content\">\n                    <h3 class=\"\">Vanne purg\u00e9e avec l\u00e8vres de scellement (PLSV)<\/h3>\n                                        <div class=\"row\">\n                        <div class=\"cl\">\n                            <p>Nos vannes purg\u00e9es avec l\u00e8vres de scellement, innovantes et uniques, offrent toute la simplicit\u00e9 des vannes rotatives coniques et durent plus longtemps que les vannes \u00e0 membrane.<\/p>\n<ul>\n<li>La technologie unique de purge \u00e9limine les fuites<\/li>\n<li>Longue dur\u00e9e de vie : Plus de 2 millions de man\u0153uvres<\/li>\n<li>Perte de charge constante<\/li>\n<li>Pas de volume mort<\/li>\n<\/ul>\n<br>\n                                                            <a href=\"https:\/\/asdevices.com\/fr\/produits\/gc-valves-purged-lip-sealing-valve-plsv\/\" class=\"btn\">En savoir plus<\/a>\n                                                    <\/div>\n                                            <\/div>\n                <\/div>\n            <\/div>\n                    <\/div>\n    <\/div>\n<\/div>\n\n<div class=\"bk-img-text-cta  \">\n    <div class=\"wrapper-s\">\n        <h2><strong>M\u00e9canisme<\/strong> r\u00e9sistant \u00e0 l&rsquo;usure<\/h2>        <div class=\"grid\">\n            <div class=\"item image\">\n                <img decoding=\"async\" src=\"https:\/\/asdevices.com\/wp-content\/uploads\/2021\/12\/Wearproof@1x.png\" alt=\"\">            <\/div>\n            <div class=\"item content\">\n                <p>Ce qui rend nos vannes GC et CLHP si uniques, c&rsquo;est qu&rsquo;elles utilisent un m\u00e9canisme d&rsquo;actionnement r\u00e9volutionnaire sans frottement &#8211; une technologie brevet\u00e9e permettant au profil de force de rel\u00e2cher la pression lors de l&rsquo;actionnement. Il en r\u00e9sulte qu&rsquo;une pression \u00e9lev\u00e9e peut \u00eatre utilis\u00e9e pour l&rsquo;\u00e9tanch\u00e9it\u00e9 et une pression plus faible pour la rotation, ce qui r\u00e9duit l&rsquo;usure de l&rsquo;insert et augmente sa dur\u00e9e de vie.<\/p>\n<p class=\"no-margin\"><strong>Key features:<\/strong><\/p>\n<ul>\n<li>La force d&rsquo;\u00e9tanch\u00e9it\u00e9 r\u00e9glable permet d&rsquo;adapter la vanne \u00e0 chaque application, en \u00e9vitant une force d&rsquo;\u00e9tanch\u00e9it\u00e9 excessive.<\/li>\n<li>Dur\u00e9e de vie extra-longue: plus de 2 millions d&rsquo;actionnements.<\/li>\n<li>Rotation r\u00e9guli\u00e8re, pas de CAM \u00e0 engrenage.<\/li>\n<\/ul>\n<p><a class=\"btn\" href=\"http:\/\/asdevices.com\/technologies\/wear-proof-actuation-mechanism\/\">En savoir plus<\/a><\/p>\n                            <\/div>\n        <\/div>\n    <\/div>\n<\/div>\n\n<div class=\"bk-banner-dark\">\n    <div class=\"wrapper-s\">\n        <h2>Parlez \u00e0 un expert<\/h2><p>Avec plus de 30 ans d&rsquo;exp\u00e9rience dans le domaine de la chromatographie en phase gazeuse, nos experts peuvent vous aider \u00e0 trouver la solution id\u00e9ale pour l&rsquo;analyse des gaz. Qu&rsquo;il s&rsquo;agisse de choisir les bons produits parmi notre vaste gamme d&rsquo;appareils ou de concevoir un produit sur mesure, nous travaillons en \u00e9troite collaboration avec nos clients pour r\u00e9pondre \u00e0 tous leurs besoins en mati\u00e8re de chromatographie en phase gazeuse.<\/p>\n<a class=\"btn\" target=\"\" href=\"https:\/\/www.asdevices.com\/talk-to-one-of-our-experts\/\">Contactez-nous<\/a>    <\/div>\n<\/div>","protected":false},"excerpt":{"rendered":"","protected":false},"author":1,"featured_media":3703,"parent":3358,"menu_order":0,"comment_status":"closed","ping_status":"closed","template":"","meta":{"_acf_changed":false,"inline_featured_image":false,"footnotes":""},"class_list":["post-3408","page","type-page","status-publish","has-post-thumbnail","hentry"],"acf":[],"yoast_head":"<!-- This site is optimized with the Yoast SEO plugin v26.4 - https:\/\/yoast.com\/wordpress\/plugins\/seo\/ -->\n<title>Vannes GC et HPLC - ASDevices<\/title>\n<meta name=\"description\" content=\"Vannes GC et CLHP, ultra pr\u00e9cises et robustes, r\u00e9sistantes \u00e0 l&#039;usure, pour l&#039;analyse des gaz industriels, de l&#039;hydrog\u00e8ne et autres gaz.\" \/>\n<meta name=\"robots\" content=\"index, follow, max-snippet:-1, max-image-preview:large, max-video-preview:-1\" \/>\n<link rel=\"canonical\" href=\"https:\/\/asdevices.com\/fr\/products\/gc-valves\/\" \/>\n<meta property=\"og:locale\" content=\"fr_FR\" \/>\n<meta property=\"og:type\" content=\"article\" \/>\n<meta property=\"og:title\" content=\"Vannes GC et HPLC - ASDevices\" \/>\n<meta property=\"og:description\" content=\"Vannes GC et CLHP, ultra pr\u00e9cises et robustes, r\u00e9sistantes \u00e0 l&#039;usure, pour l&#039;analyse des gaz industriels, de l&#039;hydrog\u00e8ne et autres gaz.\" \/>\n<meta property=\"og:url\" content=\"https:\/\/asdevices.com\/fr\/products\/gc-valves\/\" \/>\n<meta property=\"og:site_name\" content=\"ASDevices\" \/>\n<meta property=\"article:modified_time\" content=\"2025-01-31T19:56:12+00:00\" \/>\n<meta property=\"og:image\" content=\"https:\/\/asdevices.com\/wp-content\/uploads\/2024\/03\/hplv_valves-1.jpg\" \/>\n\t<meta property=\"og:image:width\" content=\"1360\" \/>\n\t<meta property=\"og:image:height\" content=\"1400\" \/>\n\t<meta property=\"og:image:type\" content=\"image\/jpeg\" \/>\n<meta name=\"twitter:card\" content=\"summary_large_image\" \/>\n<meta name=\"twitter:site\" content=\"@as_devices\" \/>\n<meta name=\"twitter:label1\" content=\"Dur\u00e9e de lecture estim\u00e9e\" \/>\n\t<meta name=\"twitter:data1\" content=\"1 minute\" \/>\n<script type=\"application\/ld+json\" class=\"yoast-schema-graph\">{\"@context\":\"https:\/\/schema.org\",\"@graph\":[{\"@type\":\"WebPage\",\"@id\":\"https:\/\/asdevices.com\/fr\/products\/gc-valves\/\",\"url\":\"https:\/\/asdevices.com\/fr\/products\/gc-valves\/\",\"name\":\"Vannes GC et HPLC - ASDevices\",\"isPartOf\":{\"@id\":\"https:\/\/asdevices.com\/#website\"},\"primaryImageOfPage\":{\"@id\":\"https:\/\/asdevices.com\/fr\/products\/gc-valves\/#primaryimage\"},\"image\":{\"@id\":\"https:\/\/asdevices.com\/fr\/products\/gc-valves\/#primaryimage\"},\"thumbnailUrl\":\"https:\/\/asdevices.com\/wp-content\/uploads\/2024\/03\/hplv_valves-1.jpg\",\"datePublished\":\"2021-11-25T19:59:11+00:00\",\"dateModified\":\"2025-01-31T19:56:12+00:00\",\"description\":\"Vannes GC et CLHP, ultra pr\u00e9cises et robustes, r\u00e9sistantes \u00e0 l'usure, pour l'analyse des gaz industriels, de l'hydrog\u00e8ne et autres gaz.\",\"breadcrumb\":{\"@id\":\"https:\/\/asdevices.com\/fr\/products\/gc-valves\/#breadcrumb\"},\"inLanguage\":\"fr-FR\",\"potentialAction\":[{\"@type\":\"ReadAction\",\"target\":[\"https:\/\/asdevices.com\/fr\/products\/gc-valves\/\"]}]},{\"@type\":\"ImageObject\",\"inLanguage\":\"fr-FR\",\"@id\":\"https:\/\/asdevices.com\/fr\/products\/gc-valves\/#primaryimage\",\"url\":\"https:\/\/asdevices.com\/wp-content\/uploads\/2024\/03\/hplv_valves-1.jpg\",\"contentUrl\":\"https:\/\/asdevices.com\/wp-content\/uploads\/2024\/03\/hplv_valves-1.jpg\",\"width\":1360,\"height\":1400},{\"@type\":\"BreadcrumbList\",\"@id\":\"https:\/\/asdevices.com\/fr\/products\/gc-valves\/#breadcrumb\",\"itemListElement\":[{\"@type\":\"ListItem\",\"position\":1,\"name\":\"Home\",\"item\":\"https:\/\/asdevices.com\/fr\/\"},{\"@type\":\"ListItem\",\"position\":2,\"name\":\"Produits\",\"item\":\"https:\/\/asdevices.com\/products\/\"},{\"@type\":\"ListItem\",\"position\":3,\"name\":\"Vannes GC et HPLC\"}]},{\"@type\":\"WebSite\",\"@id\":\"https:\/\/asdevices.com\/#website\",\"url\":\"https:\/\/asdevices.com\/\",\"name\":\"ASDevices\",\"description\":\"\",\"publisher\":{\"@id\":\"https:\/\/asdevices.com\/#organization\"},\"potentialAction\":[{\"@type\":\"SearchAction\",\"target\":{\"@type\":\"EntryPoint\",\"urlTemplate\":\"https:\/\/asdevices.com\/?s={search_term_string}\"},\"query-input\":{\"@type\":\"PropertyValueSpecification\",\"valueRequired\":true,\"valueName\":\"search_term_string\"}}],\"inLanguage\":\"fr-FR\"},{\"@type\":\"Organization\",\"@id\":\"https:\/\/asdevices.com\/#organization\",\"name\":\"ASDevices\",\"url\":\"https:\/\/asdevices.com\/\",\"logo\":{\"@type\":\"ImageObject\",\"inLanguage\":\"fr-FR\",\"@id\":\"https:\/\/asdevices.com\/#\/schema\/logo\/image\/\",\"url\":\"http:\/\/cmt.a7d.mywebsitetransfer.com\/wp-content\/uploads\/2021\/12\/asdevices_logo.png\",\"contentUrl\":\"http:\/\/cmt.a7d.mywebsitetransfer.com\/wp-content\/uploads\/2021\/12\/asdevices_logo.png\",\"width\":370,\"height\":182,\"caption\":\"ASDevices\"},\"image\":{\"@id\":\"https:\/\/asdevices.com\/#\/schema\/logo\/image\/\"},\"sameAs\":[\"https:\/\/x.com\/as_devices\",\"https:\/\/www.linkedin.com\/company\/asdevices\/mycompany\/?viewAsMember=true\"]}]}<\/script>\n<!-- \/ Yoast SEO plugin. -->","yoast_head_json":{"title":"Vannes GC et HPLC - ASDevices","description":"Vannes GC et CLHP, ultra pr\u00e9cises et robustes, r\u00e9sistantes \u00e0 l'usure, pour l'analyse des gaz industriels, de l'hydrog\u00e8ne et autres gaz.","robots":{"index":"index","follow":"follow","max-snippet":"max-snippet:-1","max-image-preview":"max-image-preview:large","max-video-preview":"max-video-preview:-1"},"canonical":"https:\/\/asdevices.com\/fr\/products\/gc-valves\/","og_locale":"fr_FR","og_type":"article","og_title":"Vannes GC et HPLC - ASDevices","og_description":"Vannes GC et CLHP, ultra pr\u00e9cises et robustes, r\u00e9sistantes \u00e0 l'usure, pour l'analyse des gaz industriels, de l'hydrog\u00e8ne et autres gaz.","og_url":"https:\/\/asdevices.com\/fr\/products\/gc-valves\/","og_site_name":"ASDevices","article_modified_time":"2025-01-31T19:56:12+00:00","og_image":[{"width":1360,"height":1400,"url":"https:\/\/asdevices.com\/wp-content\/uploads\/2024\/03\/hplv_valves-1.jpg","type":"image\/jpeg"}],"twitter_card":"summary_large_image","twitter_site":"@as_devices","twitter_misc":{"Dur\u00e9e de lecture estim\u00e9e":"1 minute"},"schema":{"@context":"https:\/\/schema.org","@graph":[{"@type":"WebPage","@id":"https:\/\/asdevices.com\/fr\/products\/gc-valves\/","url":"https:\/\/asdevices.com\/fr\/products\/gc-valves\/","name":"Vannes GC et HPLC - ASDevices","isPartOf":{"@id":"https:\/\/asdevices.com\/#website"},"primaryImageOfPage":{"@id":"https:\/\/asdevices.com\/fr\/products\/gc-valves\/#primaryimage"},"image":{"@id":"https:\/\/asdevices.com\/fr\/products\/gc-valves\/#primaryimage"},"thumbnailUrl":"https:\/\/asdevices.com\/wp-content\/uploads\/2024\/03\/hplv_valves-1.jpg","datePublished":"2021-11-25T19:59:11+00:00","dateModified":"2025-01-31T19:56:12+00:00","description":"Vannes GC et CLHP, ultra pr\u00e9cises et robustes, r\u00e9sistantes \u00e0 l'usure, pour l'analyse des gaz industriels, de l'hydrog\u00e8ne et autres gaz.","breadcrumb":{"@id":"https:\/\/asdevices.com\/fr\/products\/gc-valves\/#breadcrumb"},"inLanguage":"fr-FR","potentialAction":[{"@type":"ReadAction","target":["https:\/\/asdevices.com\/fr\/products\/gc-valves\/"]}]},{"@type":"ImageObject","inLanguage":"fr-FR","@id":"https:\/\/asdevices.com\/fr\/products\/gc-valves\/#primaryimage","url":"https:\/\/asdevices.com\/wp-content\/uploads\/2024\/03\/hplv_valves-1.jpg","contentUrl":"https:\/\/asdevices.com\/wp-content\/uploads\/2024\/03\/hplv_valves-1.jpg","width":1360,"height":1400},{"@type":"BreadcrumbList","@id":"https:\/\/asdevices.com\/fr\/products\/gc-valves\/#breadcrumb","itemListElement":[{"@type":"ListItem","position":1,"name":"Home","item":"https:\/\/asdevices.com\/fr\/"},{"@type":"ListItem","position":2,"name":"Produits","item":"https:\/\/asdevices.com\/products\/"},{"@type":"ListItem","position":3,"name":"Vannes GC et HPLC"}]},{"@type":"WebSite","@id":"https:\/\/asdevices.com\/#website","url":"https:\/\/asdevices.com\/","name":"ASDevices","description":"","publisher":{"@id":"https:\/\/asdevices.com\/#organization"},"potentialAction":[{"@type":"SearchAction","target":{"@type":"EntryPoint","urlTemplate":"https:\/\/asdevices.com\/?s={search_term_string}"},"query-input":{"@type":"PropertyValueSpecification","valueRequired":true,"valueName":"search_term_string"}}],"inLanguage":"fr-FR"},{"@type":"Organization","@id":"https:\/\/asdevices.com\/#organization","name":"ASDevices","url":"https:\/\/asdevices.com\/","logo":{"@type":"ImageObject","inLanguage":"fr-FR","@id":"https:\/\/asdevices.com\/#\/schema\/logo\/image\/","url":"http:\/\/cmt.a7d.mywebsitetransfer.com\/wp-content\/uploads\/2021\/12\/asdevices_logo.png","contentUrl":"http:\/\/cmt.a7d.mywebsitetransfer.com\/wp-content\/uploads\/2021\/12\/asdevices_logo.png","width":370,"height":182,"caption":"ASDevices"},"image":{"@id":"https:\/\/asdevices.com\/#\/schema\/logo\/image\/"},"sameAs":["https:\/\/x.com\/as_devices","https:\/\/www.linkedin.com\/company\/asdevices\/mycompany\/?viewAsMember=true"]}]}},"_links":{"self":[{"href":"https:\/\/asdevices.com\/fr\/wp-json\/wp\/v2\/pages\/3408","targetHints":{"allow":["GET"]}}],"collection":[{"href":"https:\/\/asdevices.com\/fr\/wp-json\/wp\/v2\/pages"}],"about":[{"href":"https:\/\/asdevices.com\/fr\/wp-json\/wp\/v2\/types\/page"}],"author":[{"embeddable":true,"href":"https:\/\/asdevices.com\/fr\/wp-json\/wp\/v2\/users\/1"}],"replies":[{"embeddable":true,"href":"https:\/\/asdevices.com\/fr\/wp-json\/wp\/v2\/comments?post=3408"}],"version-history":[{"count":6,"href":"https:\/\/asdevices.com\/fr\/wp-json\/wp\/v2\/pages\/3408\/revisions"}],"predecessor-version":[{"id":4336,"href":"https:\/\/asdevices.com\/fr\/wp-json\/wp\/v2\/pages\/3408\/revisions\/4336"}],"up":[{"embeddable":true,"href":"https:\/\/asdevices.com\/fr\/wp-json\/wp\/v2\/pages\/3358"}],"wp:featuredmedia":[{"embeddable":true,"href":"https:\/\/asdevices.com\/fr\/wp-json\/wp\/v2\/media\/3703"}],"wp:attachment":[{"href":"https:\/\/asdevices.com\/fr\/wp-json\/wp\/v2\/media?parent=3408"}],"curies":[{"name":"wp","href":"https:\/\/api.w.org\/{rel}","templated":true}]}}