{"id":3394,"date":"2021-11-25T19:47:48","date_gmt":"2021-11-25T19:47:48","guid":{"rendered":"https:\/\/asdevices.com\/onlinesolutions\/"},"modified":"2026-03-19T13:54:24","modified_gmt":"2026-03-19T13:54:24","slug":"onlinesolutions","status":"publish","type":"page","link":"https:\/\/asdevices.com\/fr\/onlinesolutions\/","title":{"rendered":"Solutions en continu"},"content":{"rendered":"<div class=\"bk-inter-hero \">\n    <div class=\"wrapper-s\">\n                    <span class=\"breadcrumbs\"><!-- Breadcrumb NavXT 7.4.1 -->\n<span property=\"itemListElement\" typeof=\"ListItem\"><a property=\"item\" typeof=\"WebPage\" title=\"Go to ASDevices.\" href=\"https:\/\/asdevices.com\/fr\/\" class=\"home\" ><span property=\"name\">ASDevices<\/span><\/a><meta property=\"position\" content=\"1\"><\/span> <i>&gt; <\/i><span property=\"itemListElement\" typeof=\"ListItem\"><a property=\"item\" typeof=\"WebPage\" title=\"Go to \u00c0 propos de nous.\" href=\"https:\/\/asdevices.com\/fr\/a-propos\/\" class=\"post post-page\" ><span property=\"name\">\u00c0 propos de nous<\/span><\/a><meta property=\"position\" content=\"2\"><\/span> <i>&gt; <\/i><span property=\"itemListElement\" typeof=\"ListItem\"><a property=\"item\" typeof=\"WebPage\" title=\"Go to Nos nouvelles.\" href=\"https:\/\/asdevices.com\/fr\/a-propos\/our-news\/\" class=\"post-root post post-post\" aria-current=\"page\"><span property=\"name\">Nos nouvelles<\/span><\/a><meta property=\"position\" content=\"3\"><\/span><\/span>\n                            <div class=\"image\">\n                                                                                        <img decoding=\"async\" src=\"https:\/\/asdevices.com\/wp-content\/uploads\/2021\/12\/hero@1x.png\" alt=\"\">\n                                                                        <\/div>\n                        <div class=\"content\">\n            <span class=\"sup-title\">SOLUTIONS CGA CL\u00c9S EN MAIN<\/span>            <h1>Des innovations expertes tout-en-un <strong>pour tous les besoins<\/strong> <\/h1>            <p>Utilisant uniquement nos produits innovants de la plateforme d&rsquo;analyse GC en ligne, notre solution cl\u00e9s en main d&rsquo;analyse des gaz en continu est compacte, sans jamais compromettre la robustesse ou la performance. <\/p>                    <\/div>\n            <\/div>\n<\/div>\n\n<div class=\"bk-grid-icons\">\n    <div class=\"wrapper-s\">\n        <h2>Pourquoi choisir <strong>nos solutions en continu?<\/strong><\/h2>                    <div class=\"grid\">\n                                    <div class=\"item\">\n                        <img decoding=\"async\" src=\"https:\/\/asdevices.com\/wp-content\/uploads\/2021\/11\/lowMaintenance.png\" alt=\"\">                        <span>Peu d&rsquo;entretien<\/span>                                            <\/div>\n                                    <div class=\"item\">\n                        <img decoding=\"async\" src=\"https:\/\/asdevices.com\/wp-content\/uploads\/2021\/11\/continuousoperation.svg\" alt=\"\">                        <span>Fonctionnement en continu 24\/7<\/span>                                            <\/div>\n                                    <div class=\"item\">\n                        <img decoding=\"async\" src=\"https:\/\/asdevices.com\/wp-content\/uploads\/2021\/11\/quality.svg\" alt=\"\">                        <span>Qualit\u00e9 sup\u00e9rieure<\/span>                                            <\/div>\n                                    <div class=\"item\">\n                        <img decoding=\"async\" src=\"https:\/\/asdevices.com\/wp-content\/uploads\/2021\/11\/plugandplay.svg\" alt=\"\">                        <span>Pr\u00eat \u00e0 l&#8217;emploi, facile \u00e0 utiliser<\/span>                                            <\/div>\n                            <\/div>\n            <\/div>\n<\/div>\n\n<div class=\"bk-prod-full-w\">\n    <div class=\"wrapper-s\">\n        <h2>Nos solutions cl\u00e9s en main <strong>d&rsquo;analyse en continu<\/strong><\/h2>        <div class=\"grid\">\n                        <div class=\"item\">\n                                <div class=\"image\">\n                    <img decoding=\"async\" src=\"https:\/\/asdevices.com\/wp-content\/uploads\/2021\/11\/online_sol.jpg\" alt=\"\">\n                <\/div>\n                                <div class=\"content\">\n                    <h3 class=\"has-sub\">N<sub>2<\/sub>Sense<\/h3>\n                                            <span class=\"sub-title\">La solution la plus stable et la plus compacte<\/span>\n                                        <div class=\"row\">\n                        <div class=\"cl\">\n                            <p>Bas\u00e9 sur notre technologie de d\u00e9tection par d\u00e9charge plasma am\u00e9lior\u00e9e (Epd) et sur un algorithme de compensation spectrale exclusif, le N<sub>2<\/sub>Sense offre les meilleures performances dans le plus petit bo\u00eetier.<\/p>\n<br>\n                                                            <a href=\"https:\/\/asdevices.com\/fr\/solutionsenligne\/n2sense\/\" class=\"btn\">En savoir plus<\/a>\n                                                    <\/div>\n                                                    <div class=\"column\">\n                                <strong>Applications typiques<\/strong>\n                                <ul>\n<li>N<sub>2<\/sub> in Ar<\/li>\n<li>N<sub>2<\/sub> in He<\/li>\n<\/ul>\n                            <\/div>\n                                            <\/div>\n                <\/div>\n            <\/div>\n                        <div class=\"item\">\n                                <div class=\"image\">\n                    <img decoding=\"async\" src=\"https:\/\/asdevices.com\/wp-content\/uploads\/2026\/03\/KA021-580x380.png\" alt=\"\">\n                <\/div>\n                                <div class=\"content\">\n                    <h3 class=\"\">KA021X<\/h3>\n                                        <div class=\"row\">\n                        <div class=\"cl\">\n                            <p>Gr\u00e2ce \u00e0 notre technologie de d\u00e9tection eFID et \u00e0 nos \u00e9lectrom\u00e8tres haut de gamme eSense, le HCSense offre les meilleures performances dans un format ultra-compact.<\/p>\n<br>\n                                                            <a href=\"https:\/\/asdevices.com\/fr\/solutionsenligne\/ka021x\/\" class=\"btn\">En savoir plus<\/a>\n                                                    <\/div>\n                                                    <div class=\"column\">\n                                <strong>Applications typiques<\/strong>\n                                <ul>\n<li>THC dans l&rsquo;oxyg\u00e8ne liquide<\/li>\n<li>THC dans l&rsquo;argon, l&rsquo;h\u00e9lium, l&rsquo;azote, l&rsquo;hydrog\u00e8ne<\/li>\n<li>THC dans le CO\u2082<\/li>\n<\/ul>\n                            <\/div>\n                                            <\/div>\n                <\/div>\n            <\/div>\n                        <div class=\"item\">\n                                <div class=\"image\">\n                    <img decoding=\"async\" src=\"https:\/\/asdevices.com\/wp-content\/uploads\/2026\/03\/KA021-580x380.png\" alt=\"\">\n                <\/div>\n                                <div class=\"content\">\n                    <h3 class=\"\">KA022X<\/h3>\n                                        <div class=\"row\">\n                        <div class=\"cl\">\n                            <p>Gr\u00e2ce \u00e0 son capteur paramagn\u00e9tique de haute qualit\u00e9, l&rsquo;analyseur KA022X offre d&rsquo;excellentes performances pour la surveillance de votre processus.<\/p>\n<br>\n                                                            <a href=\"https:\/\/asdevices.com\/fr\/solutionsenligne\/ka022x\/\" class=\"btn\">En savoir plus<\/a>\n                                                    <\/div>\n                                                    <div class=\"column\">\n                                <strong>Applications typiques<\/strong>\n                                <ul>\n<li>Mesure du pourcentage d&rsquo;oxyg\u00e8ne<\/li>\n<\/ul>\n                            <\/div>\n                                            <\/div>\n                <\/div>\n            <\/div>\n                        <div class=\"item\">\n                                <div class=\"image\">\n                    <img decoding=\"async\" src=\"https:\/\/asdevices.com\/wp-content\/uploads\/2026\/03\/KA34X-series-2-580x380.png\" alt=\"\">\n                <\/div>\n                                <div class=\"content\">\n                    <h3 class=\"\">KA034X<\/h3>\n                                        <div class=\"row\">\n                        <div class=\"cl\">\n                            <p>Notre analyseur d&rsquo;oxyg\u00e8ne \u00e0 l&rsquo;\u00e9tat d&rsquo;ultra-traces offre une <strong style=\"display: initial;\">stabilit\u00e9, une pr\u00e9cision et une disponibilit\u00e9 exceptionnelles aux niveaux de d\u00e9tection<\/strong> les plus bas, tout en r\u00e9duisant au minimum la maintenance et les interventions de l&rsquo;op\u00e9rateur. <strong style=\"display: initial;\">Le r\u00e9approvisionnement automatis\u00e9<\/strong> en \u00e9lectrolyte permet d&rsquo;effectuer des mesures fiables \u00e0 l&rsquo;\u00e9chelle des ppb sur de longues p\u00e9riodes, garantissant ainsi le fonctionnement ininterrompu des processus continus. Ces performances sont rendues possibles par un capteur coulom\u00e9trique \u00e0 cathode purg\u00e9e et \u00e0 \u00e9puisement nul, en instance de brevet. Pour garantir une confiance totale dans chaque mesure, un syst\u00e8me de dilution \u00e0 orifice sonique int\u00e9gr\u00e9 en option assure un \u00e9talonnage r\u00e9el au niveau des traces, \u00e9liminant les erreurs d&rsquo;extrapolation au niveau des ppm et fournissant un \u00e9talonnage pr\u00e9cis directement \u00e0 quelques ppb seulement.<\/p>\n<br>\n                                                            <a href=\"https:\/\/asdevices.com\/fr\/solutionsenligne\/ka034x\/\" class=\"btn\">En savoir plus<\/a>\n                                                    <\/div>\n                                                    <div class=\"column\">\n                                <strong>Applications typiques<\/strong>\n                                <ul>\n<li>Contr\u00f4le qualit\u00e9 des gaz destin\u00e9s \u00e0 l&rsquo;industrie \u00e9lectronique<\/li>\n<li>Contr\u00f4le qualit\u00e9 des gaz de qualit\u00e9 UHP<\/li>\n<li>S\u00e9paration de l&rsquo;air<\/li>\n<li>Puret\u00e9 de l&rsquo;hydrog\u00e8ne<\/li>\n<li>Puret\u00e9 de l&rsquo;h\u00e9lium<\/li>\n<li>Centre de mise en bouteille<\/li>\n<\/ul>\n                            <\/div>\n                                            <\/div>\n                <\/div>\n            <\/div>\n                    <\/div>\n    <\/div>\n<\/div>\n\n<div class=\"bk-banner-dark\">\n    <div class=\"wrapper-s\">\n        <h2>Don\u2019t see your application here?<\/h2><p>We are driven by innovation. We always like to work with our customers when they have a new challenge. All our technologies were designed for a purpose, meeting new challenges. If you can\u2019t find an analytical solution, contact one of our experts.<\/p>\n<a class=\"btn\" target=\"\" href=\"http:\/\/asdevices.com\/contact\/\">Contact us<\/a>    <\/div>\n<\/div>\n\n<div class=\"bk-img-text-cta  \">\n    <div class=\"wrapper-s\">\n        <h2><strong>Epd sensing<\/strong> technology<\/h2>        <div class=\"grid\">\n            <div class=\"item image\">\n                <img decoding=\"async\" src=\"https:\/\/asdevices.com\/wp-content\/uploads\/2021\/12\/EPD.png\" alt=\"\">            <\/div>\n            <div class=\"item content\">\n                <p>With unsurpassed sensitivity and stability thanks to a proprietary spectral compensation algorithm, our enhanced plasma discharge\u00a0(Epd) technology brings a new level of performance to this application. What\u2019s more, its metal plasma cell design withstands high pressure and is not susceptible to breakage like quartz cell design is.<\/p>\n<p class=\"no-margin\"><strong>Key features:<\/strong><\/p>\n<ul>\n<li>Plasma stabilization and electron injection electrodes<\/li>\n<li>Highly robust metal plasma discharge<\/li>\n<li>Spectral compensation technology<\/li>\n<li>Differential wavelength measurement<\/li>\n<\/ul>\n                <a class=\"btn\" target=\"\" href=\"http:\/\/asdevices.com\/gc-solutions\/\">LEARN MORE ABOUT EPD<\/a>            <\/div>\n        <\/div>\n    <\/div>\n<\/div>","protected":false},"excerpt":{"rendered":"","protected":false},"author":1,"featured_media":3330,"parent":0,"menu_order":0,"comment_status":"closed","ping_status":"closed","template":"","meta":{"_acf_changed":false,"inline_featured_image":false,"footnotes":""},"class_list":["post-3394","page","type-page","status-publish","has-post-thumbnail","hentry"],"acf":[],"yoast_head":"<!-- This site is optimized with the Yoast SEO plugin v26.4 - https:\/\/yoast.com\/wordpress\/plugins\/seo\/ -->\n<title>Solutions en continu - ASDevices<\/title>\n<meta name=\"description\" content=\"Online continuous gas analysis solutions for hydrogen purity, nitrogen in argon or helium, Trace oxygen quality control, THC and many more.\" \/>\n<meta name=\"robots\" content=\"index, follow, max-snippet:-1, max-image-preview:large, max-video-preview:-1\" \/>\n<link rel=\"canonical\" href=\"https:\/\/asdevices.com\/fr\/onlinesolutions\/\" \/>\n<meta property=\"og:locale\" content=\"fr_FR\" \/>\n<meta property=\"og:type\" content=\"article\" \/>\n<meta property=\"og:title\" content=\"Solutions en continu - ASDevices\" \/>\n<meta property=\"og:description\" content=\"Online continuous gas analysis solutions for hydrogen purity, nitrogen in argon or helium, Trace oxygen quality control, THC and many more.\" \/>\n<meta property=\"og:url\" content=\"https:\/\/asdevices.com\/fr\/onlinesolutions\/\" \/>\n<meta property=\"og:site_name\" content=\"ASDevices\" \/>\n<meta property=\"article:modified_time\" content=\"2026-03-19T13:54:24+00:00\" \/>\n<meta property=\"og:image\" content=\"https:\/\/asdevices.com\/wp-content\/uploads\/2023\/05\/Capture-decran-le-2023-05-10-a-12.01.58.png\" \/>\n\t<meta property=\"og:image:width\" content=\"1414\" \/>\n\t<meta property=\"og:image:height\" content=\"864\" \/>\n\t<meta property=\"og:image:type\" content=\"image\/png\" \/>\n<meta name=\"twitter:card\" content=\"summary_large_image\" \/>\n<meta name=\"twitter:site\" content=\"@as_devices\" \/>\n<meta name=\"twitter:label1\" content=\"Dur\u00e9e de lecture estim\u00e9e\" \/>\n\t<meta name=\"twitter:data1\" content=\"1 minute\" \/>\n<script type=\"application\/ld+json\" class=\"yoast-schema-graph\">{\"@context\":\"https:\/\/schema.org\",\"@graph\":[{\"@type\":\"WebPage\",\"@id\":\"https:\/\/asdevices.com\/fr\/onlinesolutions\/\",\"url\":\"https:\/\/asdevices.com\/fr\/onlinesolutions\/\",\"name\":\"Solutions en continu - ASDevices\",\"isPartOf\":{\"@id\":\"https:\/\/asdevices.com\/#website\"},\"primaryImageOfPage\":{\"@id\":\"https:\/\/asdevices.com\/fr\/onlinesolutions\/#primaryimage\"},\"image\":{\"@id\":\"https:\/\/asdevices.com\/fr\/onlinesolutions\/#primaryimage\"},\"thumbnailUrl\":\"https:\/\/asdevices.com\/wp-content\/uploads\/2023\/05\/Capture-decran-le-2023-05-10-a-12.01.58.png\",\"datePublished\":\"2021-11-25T19:47:48+00:00\",\"dateModified\":\"2026-03-19T13:54:24+00:00\",\"description\":\"Online continuous gas analysis solutions for hydrogen purity, nitrogen in argon or helium, Trace oxygen quality control, THC and many more.\",\"breadcrumb\":{\"@id\":\"https:\/\/asdevices.com\/fr\/onlinesolutions\/#breadcrumb\"},\"inLanguage\":\"fr-FR\",\"potentialAction\":[{\"@type\":\"ReadAction\",\"target\":[\"https:\/\/asdevices.com\/fr\/onlinesolutions\/\"]}]},{\"@type\":\"ImageObject\",\"inLanguage\":\"fr-FR\",\"@id\":\"https:\/\/asdevices.com\/fr\/onlinesolutions\/#primaryimage\",\"url\":\"https:\/\/asdevices.com\/wp-content\/uploads\/2023\/05\/Capture-decran-le-2023-05-10-a-12.01.58.png\",\"contentUrl\":\"https:\/\/asdevices.com\/wp-content\/uploads\/2023\/05\/Capture-decran-le-2023-05-10-a-12.01.58.png\",\"width\":1414,\"height\":864},{\"@type\":\"BreadcrumbList\",\"@id\":\"https:\/\/asdevices.com\/fr\/onlinesolutions\/#breadcrumb\",\"itemListElement\":[{\"@type\":\"ListItem\",\"position\":1,\"name\":\"Home\",\"item\":\"https:\/\/asdevices.com\/fr\/\"},{\"@type\":\"ListItem\",\"position\":2,\"name\":\"Solutions en continu\"}]},{\"@type\":\"WebSite\",\"@id\":\"https:\/\/asdevices.com\/#website\",\"url\":\"https:\/\/asdevices.com\/\",\"name\":\"ASDevices\",\"description\":\"\",\"publisher\":{\"@id\":\"https:\/\/asdevices.com\/#organization\"},\"potentialAction\":[{\"@type\":\"SearchAction\",\"target\":{\"@type\":\"EntryPoint\",\"urlTemplate\":\"https:\/\/asdevices.com\/?s={search_term_string}\"},\"query-input\":{\"@type\":\"PropertyValueSpecification\",\"valueRequired\":true,\"valueName\":\"search_term_string\"}}],\"inLanguage\":\"fr-FR\"},{\"@type\":\"Organization\",\"@id\":\"https:\/\/asdevices.com\/#organization\",\"name\":\"ASDevices\",\"url\":\"https:\/\/asdevices.com\/\",\"logo\":{\"@type\":\"ImageObject\",\"inLanguage\":\"fr-FR\",\"@id\":\"https:\/\/asdevices.com\/#\/schema\/logo\/image\/\",\"url\":\"http:\/\/cmt.a7d.mywebsitetransfer.com\/wp-content\/uploads\/2021\/12\/asdevices_logo.png\",\"contentUrl\":\"http:\/\/cmt.a7d.mywebsitetransfer.com\/wp-content\/uploads\/2021\/12\/asdevices_logo.png\",\"width\":370,\"height\":182,\"caption\":\"ASDevices\"},\"image\":{\"@id\":\"https:\/\/asdevices.com\/#\/schema\/logo\/image\/\"},\"sameAs\":[\"https:\/\/x.com\/as_devices\",\"https:\/\/www.linkedin.com\/company\/asdevices\/mycompany\/?viewAsMember=true\"]}]}<\/script>\n<!-- \/ Yoast SEO plugin. -->","yoast_head_json":{"title":"Solutions en continu - ASDevices","description":"Online continuous gas analysis solutions for hydrogen purity, nitrogen in argon or helium, Trace oxygen quality control, THC and many more.","robots":{"index":"index","follow":"follow","max-snippet":"max-snippet:-1","max-image-preview":"max-image-preview:large","max-video-preview":"max-video-preview:-1"},"canonical":"https:\/\/asdevices.com\/fr\/onlinesolutions\/","og_locale":"fr_FR","og_type":"article","og_title":"Solutions en continu - ASDevices","og_description":"Online continuous gas analysis solutions for hydrogen purity, nitrogen in argon or helium, Trace oxygen quality control, THC and many more.","og_url":"https:\/\/asdevices.com\/fr\/onlinesolutions\/","og_site_name":"ASDevices","article_modified_time":"2026-03-19T13:54:24+00:00","og_image":[{"width":1414,"height":864,"url":"https:\/\/asdevices.com\/wp-content\/uploads\/2023\/05\/Capture-decran-le-2023-05-10-a-12.01.58.png","type":"image\/png"}],"twitter_card":"summary_large_image","twitter_site":"@as_devices","twitter_misc":{"Dur\u00e9e de lecture estim\u00e9e":"1 minute"},"schema":{"@context":"https:\/\/schema.org","@graph":[{"@type":"WebPage","@id":"https:\/\/asdevices.com\/fr\/onlinesolutions\/","url":"https:\/\/asdevices.com\/fr\/onlinesolutions\/","name":"Solutions en continu - ASDevices","isPartOf":{"@id":"https:\/\/asdevices.com\/#website"},"primaryImageOfPage":{"@id":"https:\/\/asdevices.com\/fr\/onlinesolutions\/#primaryimage"},"image":{"@id":"https:\/\/asdevices.com\/fr\/onlinesolutions\/#primaryimage"},"thumbnailUrl":"https:\/\/asdevices.com\/wp-content\/uploads\/2023\/05\/Capture-decran-le-2023-05-10-a-12.01.58.png","datePublished":"2021-11-25T19:47:48+00:00","dateModified":"2026-03-19T13:54:24+00:00","description":"Online continuous gas analysis solutions for hydrogen purity, nitrogen in argon or helium, Trace oxygen quality control, THC and many more.","breadcrumb":{"@id":"https:\/\/asdevices.com\/fr\/onlinesolutions\/#breadcrumb"},"inLanguage":"fr-FR","potentialAction":[{"@type":"ReadAction","target":["https:\/\/asdevices.com\/fr\/onlinesolutions\/"]}]},{"@type":"ImageObject","inLanguage":"fr-FR","@id":"https:\/\/asdevices.com\/fr\/onlinesolutions\/#primaryimage","url":"https:\/\/asdevices.com\/wp-content\/uploads\/2023\/05\/Capture-decran-le-2023-05-10-a-12.01.58.png","contentUrl":"https:\/\/asdevices.com\/wp-content\/uploads\/2023\/05\/Capture-decran-le-2023-05-10-a-12.01.58.png","width":1414,"height":864},{"@type":"BreadcrumbList","@id":"https:\/\/asdevices.com\/fr\/onlinesolutions\/#breadcrumb","itemListElement":[{"@type":"ListItem","position":1,"name":"Home","item":"https:\/\/asdevices.com\/fr\/"},{"@type":"ListItem","position":2,"name":"Solutions en continu"}]},{"@type":"WebSite","@id":"https:\/\/asdevices.com\/#website","url":"https:\/\/asdevices.com\/","name":"ASDevices","description":"","publisher":{"@id":"https:\/\/asdevices.com\/#organization"},"potentialAction":[{"@type":"SearchAction","target":{"@type":"EntryPoint","urlTemplate":"https:\/\/asdevices.com\/?s={search_term_string}"},"query-input":{"@type":"PropertyValueSpecification","valueRequired":true,"valueName":"search_term_string"}}],"inLanguage":"fr-FR"},{"@type":"Organization","@id":"https:\/\/asdevices.com\/#organization","name":"ASDevices","url":"https:\/\/asdevices.com\/","logo":{"@type":"ImageObject","inLanguage":"fr-FR","@id":"https:\/\/asdevices.com\/#\/schema\/logo\/image\/","url":"http:\/\/cmt.a7d.mywebsitetransfer.com\/wp-content\/uploads\/2021\/12\/asdevices_logo.png","contentUrl":"http:\/\/cmt.a7d.mywebsitetransfer.com\/wp-content\/uploads\/2021\/12\/asdevices_logo.png","width":370,"height":182,"caption":"ASDevices"},"image":{"@id":"https:\/\/asdevices.com\/#\/schema\/logo\/image\/"},"sameAs":["https:\/\/x.com\/as_devices","https:\/\/www.linkedin.com\/company\/asdevices\/mycompany\/?viewAsMember=true"]}]}},"_links":{"self":[{"href":"https:\/\/asdevices.com\/fr\/wp-json\/wp\/v2\/pages\/3394","targetHints":{"allow":["GET"]}}],"collection":[{"href":"https:\/\/asdevices.com\/fr\/wp-json\/wp\/v2\/pages"}],"about":[{"href":"https:\/\/asdevices.com\/fr\/wp-json\/wp\/v2\/types\/page"}],"author":[{"embeddable":true,"href":"https:\/\/asdevices.com\/fr\/wp-json\/wp\/v2\/users\/1"}],"replies":[{"embeddable":true,"href":"https:\/\/asdevices.com\/fr\/wp-json\/wp\/v2\/comments?post=3394"}],"version-history":[{"count":4,"href":"https:\/\/asdevices.com\/fr\/wp-json\/wp\/v2\/pages\/3394\/revisions"}],"predecessor-version":[{"id":4521,"href":"https:\/\/asdevices.com\/fr\/wp-json\/wp\/v2\/pages\/3394\/revisions\/4521"}],"wp:featuredmedia":[{"embeddable":true,"href":"https:\/\/asdevices.com\/fr\/wp-json\/wp\/v2\/media\/3330"}],"wp:attachment":[{"href":"https:\/\/asdevices.com\/fr\/wp-json\/wp\/v2\/media?parent=3394"}],"curies":[{"name":"wp","href":"https:\/\/api.w.org\/{rel}","templated":true}]}}