{"id":3387,"date":"2021-11-25T19:47:36","date_gmt":"2021-11-25T19:47:36","guid":{"rendered":"https:\/\/asdevices.com\/gcsolutions\/"},"modified":"2024-01-19T19:56:05","modified_gmt":"2024-01-19T19:56:05","slug":"gcsolutions","status":"publish","type":"page","link":"https:\/\/asdevices.com\/fr\/gcsolutions\/","title":{"rendered":"Solutions GC cl\u00e9s en main"},"content":{"rendered":"<div class=\"bk-inter-hero \">\n    <div class=\"wrapper-s\">\n                    <span class=\"breadcrumbs\"><!-- Breadcrumb NavXT 7.4.1 -->\n<span property=\"itemListElement\" typeof=\"ListItem\"><a property=\"item\" typeof=\"WebPage\" title=\"Go to ASDevices.\" href=\"https:\/\/asdevices.com\/fr\/\" class=\"home\" ><span property=\"name\">ASDevices<\/span><\/a><meta property=\"position\" content=\"1\"><\/span> <i>&gt; <\/i><span property=\"itemListElement\" typeof=\"ListItem\"><a property=\"item\" typeof=\"WebPage\" title=\"Go to \u00c0 propos de nous.\" href=\"https:\/\/asdevices.com\/fr\/a-propos\/\" class=\"post post-page\" ><span property=\"name\">\u00c0 propos de nous<\/span><\/a><meta property=\"position\" content=\"2\"><\/span> <i>&gt; <\/i><span property=\"itemListElement\" typeof=\"ListItem\"><a property=\"item\" typeof=\"WebPage\" title=\"Go to Nos nouvelles.\" href=\"https:\/\/asdevices.com\/fr\/a-propos\/our-news\/\" class=\"post-root post post-post\" aria-current=\"page\"><span property=\"name\">Nos nouvelles<\/span><\/a><meta property=\"position\" content=\"3\"><\/span><\/span>\n                            <div class=\"image\">\n                                                                                        <img decoding=\"async\" src=\"https:\/\/asdevices.com\/wp-content\/uploads\/2021\/11\/Turnkeysolution@1x.png\" alt=\"\">\n                                                                        <\/div>\n                        <div class=\"content\">\n            <span class=\"sup-title\">SOLUTIONS GC CL\u00c9S EN MAIN<\/span>            <h1>Des innovations expertes <strong>cl\u00e9s en main<\/strong> <\/h1>            <p>Chez ASDevices, nous savons qu&rsquo;une taille unique convient rarement \u00e0 tous. Gr\u00e2ce \u00e0 notre gamme de produits GC innovants, chacune de nos solutions cl\u00e9s en main a \u00e9t\u00e9 con\u00e7ue pour une industrie et une application sp\u00e9cifiques. Notre r\u00e9seau de partenaires experts peut vous proposer des solutions chromatographiques ou personnalis\u00e9es en fonction de vos besoins sp\u00e9cifiques.<\/p>                    <\/div>\n        <a href=\"#goto\" class=\"goto\"><\/a>    <\/div>\n<\/div>\n\n<div class=\"bk-grid-icons\">\n    <div class=\"wrapper-s\">\n        <h2>Pourquoi choisir <strong>nos solutions ?<\/strong><\/h2>                    <div class=\"grid\">\n                                    <div class=\"item\">\n                        <img decoding=\"async\" src=\"https:\/\/asdevices.com\/wp-content\/uploads\/2021\/11\/lowMaintenance.png\" alt=\"\">                        <span>Peu d&rsquo;entretien<\/span>                                            <\/div>\n                                    <div class=\"item\">\n                        <img decoding=\"async\" src=\"https:\/\/asdevices.com\/wp-content\/uploads\/2021\/11\/continuousoperation.svg\" alt=\"\">                        <span>Fonctionnement continu 24\/7<\/span>                                            <\/div>\n                                    <div class=\"item\">\n                        <img decoding=\"async\" src=\"https:\/\/asdevices.com\/wp-content\/uploads\/2021\/11\/quality.svg\" alt=\"\">                        <span>Qualit\u00e9 sup\u00e9rieure<\/span>                                            <\/div>\n                                    <div class=\"item\">\n                        <img decoding=\"async\" src=\"https:\/\/asdevices.com\/wp-content\/uploads\/2021\/11\/plugandplay.svg\" alt=\"\">                        <span>Pr\u00eat \u00e0 l&#8217;emploi, facile \u00e0 utiliser<\/span>                                            <\/div>\n                            <\/div>\n            <\/div>\n<\/div>\n\n<div class=\"bk-prod-full-w\">\n    <div class=\"wrapper-s\">\n        <h2>Nos solutions <strong>GC cl\u00e9s en main<\/strong><\/h2>        <div class=\"grid\">\n                        <div class=\"item\">\n                                <div class=\"image\">\n                    <img decoding=\"async\" src=\"https:\/\/asdevices.com\/wp-content\/uploads\/2021\/11\/ka5000-1-580x380.jpg\" alt=\"\">\n                <\/div>\n                                <div class=\"content\">\n                    <h3 class=\"has-sub\">KA5000plus<\/h3>\n                                            <span class=\"sub-title\"><\/span>\n                                        <div class=\"row\">\n                        <div class=\"cl\">\n                            <p>Bas\u00e9 sur la plateforme mini GCSense, cet analyseur de proc\u00e9d\u00e9s d&rsquo;entr\u00e9e de gamme rentable est destin\u00e9 aux applications n\u00e9cessitant un maximum de 2 vannes chromatographiques et 1 d\u00e9tecteur.<\/p>\n<br>\n                                                            <a href=\"https:\/\/asdevices.com\/fr\/solutionsgc\/ka5000plus\/\" class=\"btn\">En savoir plus<\/a>\n                                                    <\/div>\n                                                    <div class=\"column\">\n                                <strong>Applications typiques<\/strong>\n                                <ul>\n<li>Puret\u00e9 de l&rsquo;argon<\/li>\n<li>Argon brut<\/li>\n<li>Puret\u00e9 de l&rsquo;h\u00e9lium<\/li>\n<\/ul>\n                            <\/div>\n                                            <\/div>\n                <\/div>\n            <\/div>\n                        <div class=\"item\">\n                                <div class=\"image\">\n                    <img decoding=\"async\" src=\"https:\/\/asdevices.com\/wp-content\/uploads\/2021\/11\/GCSense_KA6000_r_IMG4746-Main-Menu-Generic-sans-fond-1-580x380.png\" alt=\"\">\n                <\/div>\n                                <div class=\"content\">\n                    <h3 class=\"has-sub\">KA6000plus<\/h3>\n                                            <span class=\"sub-title\"><\/span>\n                                        <div class=\"row\">\n                        <div class=\"cl\">\n                            <p>Bas\u00e9e sur la plateforme GCSense, la s\u00e9rie KA6000 est con\u00e7ue pour des applications de complexit\u00e9 moyenne avec jusqu&rsquo;\u00e0 5 vannes et jusqu&rsquo;\u00e0 2 d\u00e9tecteurs.<\/p>\n<br>\n                                                            <a href=\"https:\/\/asdevices.com\/fr\/solutionsgc\/ka6000plus\/\" class=\"btn\">En savoir plus<\/a>\n                                                    <\/div>\n                                                    <div class=\"column\">\n                                <strong>Applications typiques<\/strong>\n                                <ul>\n<li>C<sub>1<\/sub> \u2013 C<sub>4 <\/sub>et N<sub>2<\/sub>O dans l&rsquo;O<sub>2<\/sub><\/li>\n<li>Puret\u00e9 de l&rsquo;oxyg\u00e8ne (O<sub>2<\/sub>)<\/li>\n<li>Puret\u00e9 de l&rsquo;azote (N<sub>2<\/sub>)<\/li>\n<\/ul>\n                            <\/div>\n                                            <\/div>\n                <\/div>\n            <\/div>\n                        <div class=\"item\">\n                                <div class=\"image\">\n                    <img decoding=\"async\" src=\"https:\/\/asdevices.com\/wp-content\/uploads\/2021\/11\/GCSolutions.jpg\" alt=\"\">\n                <\/div>\n                                <div class=\"content\">\n                    <h3 class=\"has-sub\">KA8000plus<\/h3>\n                                            <span class=\"sub-title\"><\/span>\n                                        <div class=\"row\">\n                        <div class=\"cl\">\n                            <p>Cette s\u00e9rie est bas\u00e9e sur la plateforme iMOv et dispose d&rsquo;un four modulaire pour 6 vannes GC, 2 d\u00e9tecteurs et plusieurs canaux chromatographiques parall\u00e8les.<\/p>\n<br>\n                                                            <a href=\"https:\/\/asdevices.com\/fr\/solutionsgc\/ka8000plus\/\" class=\"btn\">En savoir plus<\/a>\n                                                    <\/div>\n                                                    <div class=\"column\">\n                                <strong>Applications typiques<\/strong>\n                                <ul>\n<li>Trace de gaz permanent dans les gaz en vrac<\/li>\n<li>Puret\u00e9 du Xe \/ Kr<\/li>\n<li>Soufre dans l&rsquo;air<\/li>\n<li>BTEX dans l&rsquo;air<\/li>\n<li>Gaz \u00e0 effet de serre<\/li>\n<li>Gaz \u00e9lectronique en vrac (\u00e9galement avec support argon)<\/li>\n<li>Puret\u00e9 de H2<\/li>\n<li>Analyse des gaz dissous (DGA)<\/li>\n<li>Puret\u00e9 de l&rsquo;oxyg\u00e8ne<\/li>\n<li>Co<sub>2\u00a0<\/sub>de qualit\u00e9 alimentaire<\/li>\n<\/ul>\n                            <\/div>\n                                            <\/div>\n                <\/div>\n            <\/div>\n                    <\/div>\n    <\/div>\n<\/div>\n\n<div class=\"bk-banner-dark\">\n    <div class=\"wrapper-s\">\n        <h2>Vous ne trouvez pas votre application?<\/h2><p>Nous sommes motiv\u00e9s par l&rsquo;innovation. Nous aimons toujours travailler avec nos clients lorsqu&rsquo;ils ont un nouveau d\u00e9fi \u00e0 relever. Toutes nos technologies ont \u00e9t\u00e9 con\u00e7ues dans un but pr\u00e9cis : relever de nouveaux d\u00e9fis. Si vous ne trouvez pas de solution analytique, contactez l&rsquo;un de nos experts.<\/p>\n<a class=\"btn\" target=\"\" href=\"http:\/\/asdevices.com\/contact\/\">Parlez \u00e0 un expert<\/a>    <\/div>\n<\/div>\n\n<div class=\"bk-img-text-cta  \">\n    <div class=\"wrapper-s\">\n        <h2>Nos d\u00e9tecteurs<\/h2>        <div class=\"grid\">\n            <div class=\"item image\">\n                <img decoding=\"async\" src=\"https:\/\/asdevices.com\/wp-content\/uploads\/2021\/12\/our_detectors.jpg\" alt=\"\">            <\/div>\n            <div class=\"item content\">\n                <p>Des traditionnels d\u00e9tecteurs \u00e0 ionisation de flamme (FID) et d\u00e9tecteurs \u00e0 conductivit\u00e9 thermique (TCD) \u00e0 notre d\u00e9tecteur innovant \u00e0 d\u00e9charge plasma am\u00e9lior\u00e9e (SePdd), toutes nos solutions de pointe sont bas\u00e9es sur les technologies de d\u00e9tection d&rsquo;ASDevices et con\u00e7ues pour vous offrir les meilleures performances possibles.<\/p>\n<p class=\"no-margin\"><strong>Caract\u00e9ristiques:<\/strong><\/p>\n<ul>\n<li>L&rsquo;\u00e9lectrode compos\u00e9e unique, en instance de brevet, r\u00e9siste \u00e0 des temp\u00e9ratures \u00e9lev\u00e9es, \u00e0 une pression \u00e9lev\u00e9e et \u00e0 une pression sub-atmosph\u00e9rique.<\/li>\n<li>Stabilisation du plasma et \u00e9lectrodes d&rsquo;injection d&rsquo;\u00e9lectrons<\/li>\n<li>Sensibilit\u00e9 jusqu&rsquo;\u00e0 ppt<\/li>\n<li>Gaz porteur d&rsquo;argon, d&rsquo;h\u00e9lium ou d&rsquo;azote<\/li>\n<li>\u00c9lectrom\u00e8tre de haute qualit\u00e9 \u00e0 faible d\u00e9rive et \u00e0 faible bruit<\/li>\n<\/ul>\n                            <\/div>\n        <\/div>\n    <\/div>\n<\/div>\n\n<div class=\"bk-img-text-cta invert \">\n    <div class=\"wrapper-s\">\n        <h2><strong>Vanne d&rsquo;\u00e9tanch\u00e9it\u00e9<\/strong>  \u00e0 l\u00e8vres purg\u00e9es (PLSV)<\/h2>        <div class=\"grid\">\n            <div class=\"item image\">\n                <img decoding=\"async\" src=\"https:\/\/asdevices.com\/wp-content\/uploads\/2021\/12\/purged_lip.jpg\" alt=\"\">            <\/div>\n            <div class=\"item content\">\n                <p>La vanne la plus fiable du march\u00e9, la PLSV offre la simplicit\u00e9 d&rsquo;une vanne conique rotative et une dur\u00e9e de vie sup\u00e9rieure \u00e0 celle d&rsquo;une vanne \u00e0 membrane. Son syst\u00e8me de purge innovant ainsi que la surface d&rsquo;\u00e9tanch\u00e9it\u00e9 r\u00e9duite de son insert (qui remplace le rotor traditionnel) rendent impossible le d\u00e9veloppement d&rsquo;une fuite transversale.<\/p>\n<p class=\"no-margin\"><strong>Caract\u00e9ristiques :<\/strong><\/p>\n<ul>\n<li>La technologie unique de purge en instance de brevet \u00e9limine les fuites.<\/li>\n<li>Dur\u00e9e de vie 3x plus longue que les autres technologies<\/li>\n<li>Perte de charge constante: Pas de changement dans la plage de temp\u00e9rature et la dur\u00e9e de vie<\/li>\n<li>Pas de volume mort : La voie d&rsquo;\u00e9coulement interne ne contient pas de volume non balay\u00e9<\/li>\n<\/ul>\n                <a class=\"btn\" target=\"\" href=\"http:\/\/asdevices.com\/products\/gc-valves-purged-lip-sealing-valve-plsv\/\">EN SAVOIR PLUS<\/a>            <\/div>\n        <\/div>\n    <\/div>\n<\/div>\n\n<div class=\"bk-img-text-cta  \">\n    <div class=\"wrapper-s\">\n        <h2>Design <strong>industriel<\/strong><\/h2>        <div class=\"grid\">\n            <div class=\"item image\">\n                <img decoding=\"async\" src=\"https:\/\/asdevices.com\/wp-content\/uploads\/2021\/11\/industrial_design.jpg\" alt=\"\">            <\/div>\n            <div class=\"item content\">\n                <p>Nos solutions d&rsquo;analyse GC sont essentielles au bon fonctionnement d&rsquo;un grand nombre de processus. C&rsquo;est pourquoi nous fixons des normes tr\u00e8s strictes pour tous nos produits, en veillant \u00e0 ce qu&rsquo;ils soient durables, fiables, op\u00e9rationnels 24 heures sur 24 et 7 jours sur 7, et con\u00e7us pour \u00eatre utilis\u00e9s dans les environnements les plus difficiles.<\/p>\n<p class=\"no-margin\"><strong>Caract\u00e9ristiques :<\/strong><\/p>\n<ul>\n<li>Conforme \u00e0 la norme IEC-61010<\/li>\n<li>Conforme \u00e0 la norme CE<\/li>\n<li>Conforme \u00e0 la norme ROHS<\/li>\n<li>Bas\u00e9 sur des composants de qualit\u00e9 industrielle<\/li>\n<\/ul>\n                            <\/div>\n        <\/div>\n    <\/div>\n<\/div>\n\n<div class=\"bk-img-text-cta invert \">\n    <div class=\"wrapper-s\">\n        <h2>Un \u00e9cosyst\u00e8me <strong>complet<\/strong><\/h2>        <div class=\"grid\">\n            <div class=\"item image\">\n                <img decoding=\"async\" src=\"https:\/\/asdevices.com\/wp-content\/uploads\/2021\/12\/ecosystem.jpg\" alt=\"\">            <\/div>\n            <div class=\"item content\">\n                <p>Nos solutions analytiques de pointe sont con\u00e7ues pour fonctionner en harmonie avec notre s\u00e9lection d&rsquo;accessoires &#8211; tels que notre concentrateur d&rsquo;\u00e9chantillons ou nos purificateurs &#8211; afin d&rsquo;am\u00e9liorer les performances, tout en vous simplifiant la vie.<\/p>\n                            <\/div>\n        <\/div>\n    <\/div>\n<\/div>","protected":false},"excerpt":{"rendered":"","protected":false},"author":1,"featured_media":612,"parent":0,"menu_order":0,"comment_status":"closed","ping_status":"closed","template":"","meta":{"_acf_changed":false,"inline_featured_image":false,"footnotes":""},"class_list":["post-3387","page","type-page","status-publish","has-post-thumbnail","hentry"],"acf":[],"yoast_head":"<!-- This site is optimized with the Yoast SEO plugin v26.4 - https:\/\/yoast.com\/wordpress\/plugins\/seo\/ -->\n<title>Solutions GC cl\u00e9s en main - ASDevices<\/title>\n<meta name=\"description\" content=\"Instruments d&#039;analyse de gaz, pr\u00e9cis et robustes, pour les semi-conducteurs, la puret\u00e9 de l&#039;hydrog\u00e8ne et de nombreux autres gaz industriels.\" \/>\n<meta name=\"robots\" content=\"index, follow, max-snippet:-1, max-image-preview:large, max-video-preview:-1\" \/>\n<link rel=\"canonical\" href=\"https:\/\/asdevices.com\/gcsolutions\/\" \/>\n<meta property=\"og:locale\" content=\"fr_FR\" \/>\n<meta property=\"og:type\" content=\"article\" \/>\n<meta property=\"og:title\" content=\"Solutions GC cl\u00e9s en main - ASDevices\" \/>\n<meta property=\"og:description\" content=\"Instruments d&#039;analyse de gaz, pr\u00e9cis et robustes, pour les semi-conducteurs, la puret\u00e9 de l&#039;hydrog\u00e8ne et de nombreux autres gaz industriels.\" \/>\n<meta property=\"og:url\" content=\"https:\/\/asdevices.com\/gcsolutions\/\" \/>\n<meta property=\"og:site_name\" content=\"ASDevices\" \/>\n<meta property=\"article:modified_time\" content=\"2024-01-19T19:56:05+00:00\" \/>\n<meta property=\"og:image\" content=\"https:\/\/asdevices.com\/wp-content\/uploads\/2021\/11\/Family@1x.png\" \/>\n\t<meta property=\"og:image:width\" content=\"669\" \/>\n\t<meta property=\"og:image:height\" content=\"447\" \/>\n\t<meta property=\"og:image:type\" content=\"image\/png\" \/>\n<meta name=\"twitter:card\" content=\"summary_large_image\" \/>\n<meta name=\"twitter:site\" content=\"@as_devices\" \/>\n<script type=\"application\/ld+json\" class=\"yoast-schema-graph\">{\"@context\":\"https:\/\/schema.org\",\"@graph\":[{\"@type\":\"WebPage\",\"@id\":\"https:\/\/asdevices.com\/gcsolutions\/\",\"url\":\"https:\/\/asdevices.com\/gcsolutions\/\",\"name\":\"Solutions GC cl\u00e9s en main - ASDevices\",\"isPartOf\":{\"@id\":\"https:\/\/asdevices.com\/#website\"},\"primaryImageOfPage\":{\"@id\":\"https:\/\/asdevices.com\/gcsolutions\/#primaryimage\"},\"image\":{\"@id\":\"https:\/\/asdevices.com\/gcsolutions\/#primaryimage\"},\"thumbnailUrl\":\"https:\/\/asdevices.com\/wp-content\/uploads\/2021\/11\/Family@1x.png\",\"datePublished\":\"2021-11-25T19:47:36+00:00\",\"dateModified\":\"2024-01-19T19:56:05+00:00\",\"description\":\"Instruments d'analyse de gaz, pr\u00e9cis et robustes, pour les semi-conducteurs, la puret\u00e9 de l'hydrog\u00e8ne et de nombreux autres gaz industriels.\",\"breadcrumb\":{\"@id\":\"https:\/\/asdevices.com\/gcsolutions\/#breadcrumb\"},\"inLanguage\":\"fr-FR\",\"potentialAction\":[{\"@type\":\"ReadAction\",\"target\":[\"https:\/\/asdevices.com\/gcsolutions\/\"]}]},{\"@type\":\"ImageObject\",\"inLanguage\":\"fr-FR\",\"@id\":\"https:\/\/asdevices.com\/gcsolutions\/#primaryimage\",\"url\":\"https:\/\/asdevices.com\/wp-content\/uploads\/2021\/11\/Family@1x.png\",\"contentUrl\":\"https:\/\/asdevices.com\/wp-content\/uploads\/2021\/11\/Family@1x.png\",\"width\":669,\"height\":447},{\"@type\":\"BreadcrumbList\",\"@id\":\"https:\/\/asdevices.com\/gcsolutions\/#breadcrumb\",\"itemListElement\":[{\"@type\":\"ListItem\",\"position\":1,\"name\":\"Home\",\"item\":\"https:\/\/asdevices.com\/fr\/\"},{\"@type\":\"ListItem\",\"position\":2,\"name\":\"Solutions GC cl\u00e9s en main\"}]},{\"@type\":\"WebSite\",\"@id\":\"https:\/\/asdevices.com\/#website\",\"url\":\"https:\/\/asdevices.com\/\",\"name\":\"ASDevices\",\"description\":\"\",\"publisher\":{\"@id\":\"https:\/\/asdevices.com\/#organization\"},\"potentialAction\":[{\"@type\":\"SearchAction\",\"target\":{\"@type\":\"EntryPoint\",\"urlTemplate\":\"https:\/\/asdevices.com\/?s={search_term_string}\"},\"query-input\":{\"@type\":\"PropertyValueSpecification\",\"valueRequired\":true,\"valueName\":\"search_term_string\"}}],\"inLanguage\":\"fr-FR\"},{\"@type\":\"Organization\",\"@id\":\"https:\/\/asdevices.com\/#organization\",\"name\":\"ASDevices\",\"url\":\"https:\/\/asdevices.com\/\",\"logo\":{\"@type\":\"ImageObject\",\"inLanguage\":\"fr-FR\",\"@id\":\"https:\/\/asdevices.com\/#\/schema\/logo\/image\/\",\"url\":\"http:\/\/cmt.a7d.mywebsitetransfer.com\/wp-content\/uploads\/2021\/12\/asdevices_logo.png\",\"contentUrl\":\"http:\/\/cmt.a7d.mywebsitetransfer.com\/wp-content\/uploads\/2021\/12\/asdevices_logo.png\",\"width\":370,\"height\":182,\"caption\":\"ASDevices\"},\"image\":{\"@id\":\"https:\/\/asdevices.com\/#\/schema\/logo\/image\/\"},\"sameAs\":[\"https:\/\/x.com\/as_devices\",\"https:\/\/www.linkedin.com\/company\/asdevices\/mycompany\/?viewAsMember=true\"]}]}<\/script>\n<!-- \/ Yoast SEO plugin. -->","yoast_head_json":{"title":"Solutions GC cl\u00e9s en main - ASDevices","description":"Instruments d'analyse de gaz, pr\u00e9cis et robustes, pour les semi-conducteurs, la puret\u00e9 de l'hydrog\u00e8ne et de nombreux autres gaz industriels.","robots":{"index":"index","follow":"follow","max-snippet":"max-snippet:-1","max-image-preview":"max-image-preview:large","max-video-preview":"max-video-preview:-1"},"canonical":"https:\/\/asdevices.com\/gcsolutions\/","og_locale":"fr_FR","og_type":"article","og_title":"Solutions GC cl\u00e9s en main - ASDevices","og_description":"Instruments d'analyse de gaz, pr\u00e9cis et robustes, pour les semi-conducteurs, la puret\u00e9 de l'hydrog\u00e8ne et de nombreux autres gaz industriels.","og_url":"https:\/\/asdevices.com\/gcsolutions\/","og_site_name":"ASDevices","article_modified_time":"2024-01-19T19:56:05+00:00","og_image":[{"width":669,"height":447,"url":"https:\/\/asdevices.com\/wp-content\/uploads\/2021\/11\/Family@1x.png","type":"image\/png"}],"twitter_card":"summary_large_image","twitter_site":"@as_devices","schema":{"@context":"https:\/\/schema.org","@graph":[{"@type":"WebPage","@id":"https:\/\/asdevices.com\/gcsolutions\/","url":"https:\/\/asdevices.com\/gcsolutions\/","name":"Solutions GC cl\u00e9s en main - ASDevices","isPartOf":{"@id":"https:\/\/asdevices.com\/#website"},"primaryImageOfPage":{"@id":"https:\/\/asdevices.com\/gcsolutions\/#primaryimage"},"image":{"@id":"https:\/\/asdevices.com\/gcsolutions\/#primaryimage"},"thumbnailUrl":"https:\/\/asdevices.com\/wp-content\/uploads\/2021\/11\/Family@1x.png","datePublished":"2021-11-25T19:47:36+00:00","dateModified":"2024-01-19T19:56:05+00:00","description":"Instruments d'analyse de gaz, pr\u00e9cis et robustes, pour les semi-conducteurs, la puret\u00e9 de l'hydrog\u00e8ne et de nombreux autres gaz industriels.","breadcrumb":{"@id":"https:\/\/asdevices.com\/gcsolutions\/#breadcrumb"},"inLanguage":"fr-FR","potentialAction":[{"@type":"ReadAction","target":["https:\/\/asdevices.com\/gcsolutions\/"]}]},{"@type":"ImageObject","inLanguage":"fr-FR","@id":"https:\/\/asdevices.com\/gcsolutions\/#primaryimage","url":"https:\/\/asdevices.com\/wp-content\/uploads\/2021\/11\/Family@1x.png","contentUrl":"https:\/\/asdevices.com\/wp-content\/uploads\/2021\/11\/Family@1x.png","width":669,"height":447},{"@type":"BreadcrumbList","@id":"https:\/\/asdevices.com\/gcsolutions\/#breadcrumb","itemListElement":[{"@type":"ListItem","position":1,"name":"Home","item":"https:\/\/asdevices.com\/fr\/"},{"@type":"ListItem","position":2,"name":"Solutions GC cl\u00e9s en main"}]},{"@type":"WebSite","@id":"https:\/\/asdevices.com\/#website","url":"https:\/\/asdevices.com\/","name":"ASDevices","description":"","publisher":{"@id":"https:\/\/asdevices.com\/#organization"},"potentialAction":[{"@type":"SearchAction","target":{"@type":"EntryPoint","urlTemplate":"https:\/\/asdevices.com\/?s={search_term_string}"},"query-input":{"@type":"PropertyValueSpecification","valueRequired":true,"valueName":"search_term_string"}}],"inLanguage":"fr-FR"},{"@type":"Organization","@id":"https:\/\/asdevices.com\/#organization","name":"ASDevices","url":"https:\/\/asdevices.com\/","logo":{"@type":"ImageObject","inLanguage":"fr-FR","@id":"https:\/\/asdevices.com\/#\/schema\/logo\/image\/","url":"http:\/\/cmt.a7d.mywebsitetransfer.com\/wp-content\/uploads\/2021\/12\/asdevices_logo.png","contentUrl":"http:\/\/cmt.a7d.mywebsitetransfer.com\/wp-content\/uploads\/2021\/12\/asdevices_logo.png","width":370,"height":182,"caption":"ASDevices"},"image":{"@id":"https:\/\/asdevices.com\/#\/schema\/logo\/image\/"},"sameAs":["https:\/\/x.com\/as_devices","https:\/\/www.linkedin.com\/company\/asdevices\/mycompany\/?viewAsMember=true"]}]}},"_links":{"self":[{"href":"https:\/\/asdevices.com\/fr\/wp-json\/wp\/v2\/pages\/3387","targetHints":{"allow":["GET"]}}],"collection":[{"href":"https:\/\/asdevices.com\/fr\/wp-json\/wp\/v2\/pages"}],"about":[{"href":"https:\/\/asdevices.com\/fr\/wp-json\/wp\/v2\/types\/page"}],"author":[{"embeddable":true,"href":"https:\/\/asdevices.com\/fr\/wp-json\/wp\/v2\/users\/1"}],"replies":[{"embeddable":true,"href":"https:\/\/asdevices.com\/fr\/wp-json\/wp\/v2\/comments?post=3387"}],"version-history":[{"count":5,"href":"https:\/\/asdevices.com\/fr\/wp-json\/wp\/v2\/pages\/3387\/revisions"}],"predecessor-version":[{"id":3400,"href":"https:\/\/asdevices.com\/fr\/wp-json\/wp\/v2\/pages\/3387\/revisions\/3400"}],"wp:featuredmedia":[{"embeddable":true,"href":"https:\/\/asdevices.com\/fr\/wp-json\/wp\/v2\/media\/612"}],"wp:attachment":[{"href":"https:\/\/asdevices.com\/fr\/wp-json\/wp\/v2\/media?parent=3387"}],"curies":[{"name":"wp","href":"https:\/\/api.w.org\/{rel}","templated":true}]}}