{"id":3364,"date":"2021-11-04T13:30:50","date_gmt":"2021-11-04T13:30:50","guid":{"rendered":"https:\/\/asdevices.com\/about-us\/"},"modified":"2024-10-02T13:12:06","modified_gmt":"2024-10-02T13:12:06","slug":"a-propos","status":"publish","type":"page","link":"https:\/\/asdevices.com\/fr\/a-propos\/","title":{"rendered":"\u00c0 propos de nous"},"content":{"rendered":"<div class=\"bk-inter-hero \">\n    <div class=\"wrapper-s\">\n                    <span class=\"breadcrumbs\"><!-- Breadcrumb NavXT 7.4.1 -->\n<span property=\"itemListElement\" typeof=\"ListItem\"><a property=\"item\" typeof=\"WebPage\" title=\"Go to ASDevices.\" href=\"https:\/\/asdevices.com\/fr\/\" class=\"home\" ><span property=\"name\">ASDevices<\/span><\/a><meta property=\"position\" content=\"1\"><\/span> <i>&gt; <\/i><span property=\"itemListElement\" typeof=\"ListItem\"><a property=\"item\" typeof=\"WebPage\" title=\"Go to \u00c0 propos de nous.\" href=\"https:\/\/asdevices.com\/fr\/a-propos\/\" class=\"post post-page\" ><span property=\"name\">\u00c0 propos de nous<\/span><\/a><meta property=\"position\" content=\"2\"><\/span> <i>&gt; <\/i><span property=\"itemListElement\" typeof=\"ListItem\"><a property=\"item\" typeof=\"WebPage\" title=\"Go to Nos nouvelles.\" href=\"https:\/\/asdevices.com\/fr\/a-propos\/our-news\/\" class=\"post-root post post-post\" aria-current=\"page\"><span property=\"name\">Nos nouvelles<\/span><\/a><meta property=\"position\" content=\"3\"><\/span><\/span>\n                            <div class=\"image\">\n                                                                                        <img decoding=\"async\" src=\"https:\/\/asdevices.com\/wp-content\/uploads\/2021\/12\/about_header.png\" alt=\"\">\n                                                                        <\/div>\n                        <div class=\"content\">\n            <span class=\"sup-title\">\u00c0 propos de nous<\/span>            <h1>Des innovations <strong>en continu<\/strong> <\/h1>            <p><p>Chez ASDevices, nous nous mettons toujours au d\u00e9fi de concevoir une technologie d&rsquo;analyse des gaz meilleure, plus intelligente et plus rentable pour vous aider \u00e0 optimiser vos processus.<p>\r\n<\/p>Vous recherchez une solution analytique cl\u00e9 en main ? Notre \u00e9quipe d&rsquo;experts en construira une sur mesure et l&rsquo;int\u00e9grera pour vous. \u00c0 la recherche de composants et d&rsquo;accessoires d&rsquo;analyse de gaz de haute qualit\u00e9 pour construire votre propre solution ? Nous offrons une gamme compl\u00e8te de produits de chromatographie en phase gazeuse, des conseils et une assistance pour vous aider \u00e0 le faire vous-m\u00eame. Obtenez une tranquillit\u00e9 d&rsquo;esprit, peu importe votre secteur d&rsquo;activit\u00e9.<\/p><\/p>                    <\/div>\n            <\/div>\n<\/div>\n\n<div class=\"bk-center-text\">\n    <div class=\"wrapper-ss\">\n        <p><span class=\"sup-title\">NOTRE RAISON D&rsquo;\u00caTRE<\/span><\/p>\n<h2>Faire progresser la chromatographie en phase gazeuse et l&rsquo;analyse des gaz<\/h2>\n<p>Une obsession sans faille pour la R&amp;D. Une passion pour l&rsquo;innovation. Le plaisir de d\u00e9passer les attentes. Depuis trois d\u00e9cennies, nous sommes anim\u00e9s par le d\u00e9sir d&rsquo;am\u00e9liorer les choses dans le monde des gaz de proc\u00e9d\u00e9s et de laboratoire. Il en r\u00e9sulte de nombreuses technologies r\u00e9volutionnaires (166 brevets et ce n&rsquo;est pas fini !), des solutions in\u00e9dites et une exp\u00e9rience client in\u00e9gal\u00e9e.<\/p>\n    <\/div>\n<\/div>\n\n<div class=\"bk-center-text\">\n    <div class=\"wrapper-ss\">\n        <p><span class=\"sup-title\">LES AVANTAGES POUR VOUS ?<\/span><\/p>\n<h2>En un mot : <strong>r\u00e9sultats<\/strong>.<\/h2>\n<div class=\"wrapper blocks\">\n<div class=\"info-block\">\n<div class=\"item\">\n<p><strong>Besoin de quelque chose qui n&rsquo;existe pas ?<\/strong>Fantastique ! Nous aimons relever les d\u00e9fis.<\/p>\n<\/div>\n<div class=\"item\">\n<p><strong>Incertain de ce dont vous avez besoin ?<\/strong>Super ! Nous allons trouver une solutions ensemble.<\/p>\n<\/div>\n<div class=\"item\">\n<p><strong>Vous aimeriez nous consulter ?<\/strong>Aucun probl\u00e8me ! Nous mettons nos experts et notre savoir-faire \u00e0 votre disposition pour vous aider \u00e0 atteindre vos objectifs.<\/p>\n<\/div>\n<\/div>\n<p><strong>En r\u00e9sum\u00e9, nous nous effor\u00e7ons de vous faciliter la t\u00e2che.<\/strong><\/p>\n<\/div>\n    <\/div>\n<\/div>\n\n<div class=\"bk-center-text\">\n    <div class=\"wrapper-ss\">\n        <p><span class=\"sup-title\">COMMENT NOUS SOMMES N\u00c9S<\/span><\/p>\n<h2>La technologie existante n&rsquo;\u00e9tait pas \u00e0 la hauteur<\/h2>\n<p>Tout a commenc\u00e9 au d\u00e9but des ann\u00e9es 90, lorsque notre PDG Yves Gamache a travaill\u00e9 dans une usine de s\u00e9paration d&rsquo;air. Lorsqu&rsquo;il a constat\u00e9 les limites des analyseurs de gaz existants, il a eu l&rsquo;impulsion de cr\u00e9er quelque chose de mieux, et le premier analyseur num\u00e9rique de traces de N2 \u00e9tait n\u00e9. Il a rapidement form\u00e9 une soci\u00e9t\u00e9 avec Andr\u00e9 Fortier, puis Andr\u00e9 Lamontagne, et Frank Zhu s&rsquo;est joint \u00e0 l&rsquo;\u00e9quipe au fur et \u00e0 mesure que les activit\u00e9s se sont \u00e9tendues \u00e0 l&rsquo;\u00e9chelle mondiale. Au fil des ans, l&rsquo;\u00e9quipe a r\u00e9volutionn\u00e9 l&rsquo;industrie en am\u00e9liorant d&rsquo;innombrables technologies et en inventant et brevetant 180 nouvelles id\u00e9es&#8230; \u00e0 ce jour.<\/p>\n<p><a class=\"btn\" href=\"\/about-us\/our-story\/\">Lire toute notre histoire<\/a><\/p>\n    <\/div>\n<\/div>\n\n<div class=\"bk-team\">\n    <div class=\"team-banner\">Voici les innovateurs, les ing\u00e9nieurs et les pionniers<\/div>                        <div class=\"bk-img-text-cta team \">\n                <div class=\"wrapper-s\">\n                    <div class=\"grid\">\n                        <div class=\"item image\"><img decoding=\"async\" src=\"https:\/\/asdevices.com\/wp-content\/uploads\/2021\/12\/YGamache.png\" alt=\"\"><\/div>                        <div class=\"item content\">\n                            <h3>Yves Gamache<\/h3>\n<p>Pr\u00e9sident et directeur g\u00e9n\u00e9ral de l&rsquo;innovation<\/p>\n<p>Yves Gamache se passionne depuis longtemps pour l&rsquo;instrumentation, l&rsquo;automatisation et le contr\u00f4le des processus analytiques. Au cours d&rsquo;une carri\u00e8re consacr\u00e9e au d\u00e9veloppement et \u00e0 l&rsquo;am\u00e9lioration des technologies, il est devenu un expert et un pionnier de renomm\u00e9e mondiale dans le domaine de la chromatographie en phase gazeuse, avec 166 brevets distincts portant sur plus de 30 sujets diff\u00e9rents. Parmi ses principales r\u00e9alisations, on peut citer le d\u00e9veloppement du premier d\u00e9tecteur d&rsquo;\u00e9mission plasma (PED) qui est devenu une norme industrielle mondiale dans le domaine de la s\u00e9paration de l&rsquo;air, utilis\u00e9 pour mesurer la puret\u00e9 de l&rsquo;argon. Cette technologie est actuellement appliqu\u00e9e pour prot\u00e9ger les aimants du grand collisionneur de hadrons en Suisse.<\/p>\n<p><a href=\"https:\/\/www.linkedin.com\/in\/yves-gamache-a4269a27\/\" target=\"_blank\" rel=\"noopener\">En savoir plus sur Yves Gamache (Profil LinkedIn)<\/a><\/p>\n                        <\/div>\n                    <\/div>\n                <\/div>\n            <\/div>\n                    <div class=\"bk-img-text-cta team invert\">\n                <div class=\"wrapper-s\">\n                    <div class=\"grid\">\n                        <div class=\"item image\"><img decoding=\"async\" src=\"https:\/\/asdevices.com\/wp-content\/uploads\/2021\/12\/Group-149.png\" alt=\"\"><\/div>                        <div class=\"item content\">\n                            <h3>Andr\u00e9 Lamontagne, Ing., EMBA<\/h3>\n<p>Pr\u00e9sident<\/p>\n<p>Chef d&rsquo;entreprise chevronn\u00e9, Andr\u00e9 Lamontagne est reconnu pour sa capacit\u00e9 \u00e0 mettre en \u0153uvre des strat\u00e9gies novatrices en combinant ses comp\u00e9tences analytiques et son sens des affaires. Avec 20 ans d&rsquo;exp\u00e9rience en analytique et une expertise reconnue mondialement en chromatographie en phase gazeuse, il est l&rsquo;auteur de quatre brevets dans le domaine de l&rsquo;analyse des gaz et de quatre autres dans le secteur de la sant\u00e9. En 2014, il a \u00e9t\u00e9 l&rsquo;une des 100 personnes admises \u00e0 l&rsquo;EMBA de la Harvard Business School, sur 800 candidats. Il a cofond\u00e9 Spira Innovation apr\u00e8s avoir dirig\u00e9 les activit\u00e9s de R&amp;D de Contr\u00f4le Analytique et de Servomex.<\/p>\n<p><a href=\"https:\/\/www.linkedin.com\/in\/andre-lamontagne-b41a7235\/\" target=\"_blank\" rel=\"noopener\"> En savoir plus sur Andr\u00e9 Lamontagne (Profil LinkedIn)<\/a><\/p>\n                        <\/div>\n                    <\/div>\n                <\/div>\n            <\/div>\n                    <div class=\"bk-img-text-cta team \">\n                <div class=\"wrapper-s\">\n                    <div class=\"grid\">\n                        <div class=\"item image\"><img decoding=\"async\" src=\"https:\/\/asdevices.com\/wp-content\/uploads\/2021\/12\/Group-150.png\" alt=\"\"><\/div>                        <div class=\"item content\">\n                            <h3>Frank Zhu<\/h3>\n<p>V.-P. ventes mondiales<\/p>\n<p>En tant que chef d&rsquo;entreprise chevronn\u00e9 dans le secteur de l&rsquo;analyse des gaz, Frank Zhu poss\u00e8de une solide formation en sciences des mat\u00e9riaux et en ing\u00e9nierie, ainsi qu&rsquo;un MBA de l&rsquo;universit\u00e9 de Tongji \u00e0 Shanghai. Il est \u00e9galement dipl\u00f4m\u00e9 du programme de leadership ex\u00e9cutif de la Harvard Business School. Au cours des postes qu&rsquo;il a occup\u00e9s chez GE Consumer &amp; Industrial et Servomex, M. Zhu a obtenu d&rsquo;excellents r\u00e9sultats dans les domaines de la vente et du marketing, tout en d\u00e9veloppant une vision strat\u00e9gique globale.<\/p>\n<p><a href=\"https:\/\/www.linkedin.com\/in\/frank-zhu-9382b01\/\" target=\"_blank\" rel=\"noopener\"> En savoir plus sur Frank Zhu (Profil LinkedIn)<\/a><\/p>\n                        <\/div>\n                    <\/div>\n                <\/div>\n            <\/div>\n            <\/div>\n\n<div class=\"bk-center-text\">\n    <div class=\"wrapper-ss\">\n        <p><img loading=\"lazy\" decoding=\"async\" class=\"alignnone size-full wp-image-800\" src=\"http:\/\/asdevices.com\/wp-content\/uploads\/2021\/12\/patents.png\" alt=\"\" width=\"269\" height=\"169\" \/><br \/>\n<span class=\"sup-title\">NOS BREVETS<\/span><\/p>\n<h2>Am\u00e9liorer les choses<\/h2>\n<p>Chez ASDevices, le \u00ab\u00a0suffisamment bon\u00a0\u00bb n&rsquo;est jamais tout \u00e0 fait suffisant &#8211; c&rsquo;est ce qui nous am\u00e8ne \u00e0 repenser et \u00e0 affiner sans cesse, jusqu&rsquo;\u00e0 ce que, de temps en temps, nous cr\u00e9ions quelque chose de compl\u00e8tement nouveau.<\/p>\n<div class=\"wrapper\">\n<div class=\"grid\">\n<div class=\"item first\"><i>18<\/i>BREVETS<\/div>\n<div class=\"item\">D\u00c9TECTION DE GAZ<\/div>\n<div class=\"item\">TRAITEMENT DU SIGNAL<\/div>\n<div class=\"item\">VANNES ET RACCORDS<\/div>\n<div class=\"item\">PURIFICATION DES GAZ<\/div>\n<div class=\"item\">ET PLUS\u2026<\/div>\n<\/div>\n<p><a class=\"btn\" href=\"\/about-us\/our-patents\/\">VOIR TOUS NOS BREVETS<\/a><\/p>\n<p>&nbsp;<\/p>\n<\/div>\n    <\/div>\n<\/div>\n\n<div class=\"bk-banner-dark\">\n    <div class=\"wrapper-s\">\n        <h2>Nos partenaires distributeurs<\/h2><p>Vous pensez \u00eatre l&rsquo;un d&rsquo;entre nous ? Si vous cherchez \u00e0 vous d\u00e9velopper et \u00e0 r\u00e9inventer la roue, nous aimerions canaliser votre \u00e9nergie.<\/p>\n<a class=\"btn\" target=\"\" href=\"http:\/\/asdevices.com\/channel-partners\/\">JOIGNEZ NOTRE \u00c9QUIPE DE PARTENAIRES<\/a>    <\/div>\n<\/div>\n\n<div class=\"bk-grid-news\">\n    <div class=\"wrapper-s\">\n        <h2>Nouvelles<\/h2>\n        <div class=\"grid\">                    <div class=\"item\">\n                        <a href=\"https:\/\/asdevices.com\/fr\/asdevices-presents-paper-at-analyzer-tech-conference-2024\/\"><img decoding=\"async\" src=\"https:\/\/asdevices.com\/wp-content\/uploads\/2024\/03\/Hydrogen-Hero-Complete-580x380.png\" alt=\"\"><\/a>                        <div class=\"info\">\n                            <span>Article<\/span> &#8211; avril 15, 2024                        <\/div>\n                        <p>ASDevices pr\u00e9sente un article \u00e0 la conf\u00e9rence Analyzer Tech 2024<\/p>\n                        <strong><i class=\"icon-arrow_right\"><\/i> <a href=\"https:\/\/asdevices.com\/fr\/asdevices-presents-paper-at-analyzer-tech-conference-2024\/\">Lire<\/a><\/strong>\n                    <\/div>\n                                    <div class=\"item\">\n                        <a href=\"https:\/\/asdevices.com\/fr\/curious-about-getting-faster-gc-analysis-and-unprecedented-reliability\/\"><img decoding=\"async\" src=\"https:\/\/asdevices.com\/wp-content\/uploads\/2024\/04\/Capture-decran-le-2024-04-11-a-16.50.10-580x380.png\" alt=\"\"><\/a>                        <div class=\"info\">\n                            <span>Article<\/span> &#8211; avril 11, 2024                        <\/div>\n                        <p>Vous cherchez \u00e0 obtenir une analyse GC plus rapide et une fiabilit\u00e9 sans pr\u00e9c\u00e9dent ?<\/p>\n                        <strong><i class=\"icon-arrow_right\"><\/i> <a href=\"https:\/\/asdevices.com\/fr\/curious-about-getting-faster-gc-analysis-and-unprecedented-reliability\/\">Lire<\/a><\/strong>\n                    <\/div>\n                                    <div class=\"item\">\n                        <a href=\"https:\/\/asdevices.com\/fr\/patent-granted-for-asdevices-purged-lip-sealing-valves\/\"><img decoding=\"async\" src=\"https:\/\/asdevices.com\/wp-content\/uploads\/2024\/02\/ASDevices-Valves-MS-580x380.png\" alt=\"\"><\/a>                        <div class=\"info\">\n                            <span>Press release | <\/span> &#8211; f\u00e9vrier 20, 2024                        <\/div>\n                        <p>Brevet octroy\u00e9 pour les vannes  purg\u00e9es avec l\u00e8vres de scellement (PLSV)<\/p>\n                        <strong><i class=\"icon-arrow_right\"><\/i> <a href=\"https:\/\/asdevices.com\/fr\/patent-granted-for-asdevices-purged-lip-sealing-valves\/\">Lire<\/a><\/strong>\n                    <\/div>\n                <\/div>        <a href=\"https:\/\/asdevices.com\/fr\/a-propos\/our-news\/\" class=\"btn\">Voir toutes les nouvelles<\/a>\n\n    <\/div>\n<\/div>","protected":false},"excerpt":{"rendered":"","protected":false},"author":1,"featured_media":1923,"parent":0,"menu_order":0,"comment_status":"closed","ping_status":"closed","template":"","meta":{"_acf_changed":false,"inline_featured_image":false,"footnotes":""},"class_list":["post-3364","page","type-page","status-publish","has-post-thumbnail","hentry"],"acf":[],"yoast_head":"<!-- This site is optimized with the Yoast SEO plugin v26.4 - https:\/\/yoast.com\/wordpress\/plugins\/seo\/ -->\n<title>\u00c0 propos de nous - ASDevices<\/title>\n<meta name=\"description\" content=\"ASDevices is an international leader in gas analysis instruments for semiconductor, hydrogen purity and other industrial gas analysis.\" \/>\n<meta name=\"robots\" content=\"index, follow, max-snippet:-1, max-image-preview:large, max-video-preview:-1\" \/>\n<link rel=\"canonical\" href=\"https:\/\/asdevices.com\/fr\/a-propos\/\" \/>\n<meta property=\"og:locale\" content=\"fr_FR\" \/>\n<meta property=\"og:type\" content=\"article\" \/>\n<meta property=\"og:title\" content=\"\u00c0 propos de nous - ASDevices\" \/>\n<meta property=\"og:description\" content=\"ASDevices is an international leader in gas analysis instruments for semiconductor, hydrogen purity and other industrial gas analysis.\" \/>\n<meta property=\"og:url\" content=\"https:\/\/asdevices.com\/fr\/a-propos\/\" \/>\n<meta property=\"og:site_name\" content=\"ASDevices\" \/>\n<meta property=\"article:modified_time\" content=\"2024-10-02T13:12:06+00:00\" \/>\n<meta property=\"og:image\" content=\"https:\/\/asdevices.com\/wp-content\/uploads\/2021\/12\/ogimage.jpg\" \/>\n\t<meta property=\"og:image:width\" content=\"1200\" \/>\n\t<meta property=\"og:image:height\" content=\"630\" \/>\n\t<meta property=\"og:image:type\" content=\"image\/jpeg\" \/>\n<meta name=\"twitter:card\" content=\"summary_large_image\" \/>\n<meta name=\"twitter:site\" content=\"@as_devices\" \/>\n<meta name=\"twitter:label1\" content=\"Dur\u00e9e de lecture estim\u00e9e\" \/>\n\t<meta name=\"twitter:data1\" content=\"1 minute\" \/>\n<script type=\"application\/ld+json\" class=\"yoast-schema-graph\">{\"@context\":\"https:\/\/schema.org\",\"@graph\":[{\"@type\":\"WebPage\",\"@id\":\"https:\/\/asdevices.com\/fr\/a-propos\/\",\"url\":\"https:\/\/asdevices.com\/fr\/a-propos\/\",\"name\":\"\u00c0 propos de nous - ASDevices\",\"isPartOf\":{\"@id\":\"https:\/\/asdevices.com\/#website\"},\"primaryImageOfPage\":{\"@id\":\"https:\/\/asdevices.com\/fr\/a-propos\/#primaryimage\"},\"image\":{\"@id\":\"https:\/\/asdevices.com\/fr\/a-propos\/#primaryimage\"},\"thumbnailUrl\":\"https:\/\/asdevices.com\/wp-content\/uploads\/2021\/12\/ogimage.jpg\",\"datePublished\":\"2021-11-04T13:30:50+00:00\",\"dateModified\":\"2024-10-02T13:12:06+00:00\",\"description\":\"ASDevices is an international leader in gas analysis instruments for semiconductor, hydrogen purity and other industrial gas analysis.\",\"breadcrumb\":{\"@id\":\"https:\/\/asdevices.com\/fr\/a-propos\/#breadcrumb\"},\"inLanguage\":\"fr-FR\",\"potentialAction\":[{\"@type\":\"ReadAction\",\"target\":[\"https:\/\/asdevices.com\/fr\/a-propos\/\"]}]},{\"@type\":\"ImageObject\",\"inLanguage\":\"fr-FR\",\"@id\":\"https:\/\/asdevices.com\/fr\/a-propos\/#primaryimage\",\"url\":\"https:\/\/asdevices.com\/wp-content\/uploads\/2021\/12\/ogimage.jpg\",\"contentUrl\":\"https:\/\/asdevices.com\/wp-content\/uploads\/2021\/12\/ogimage.jpg\",\"width\":1200,\"height\":630},{\"@type\":\"BreadcrumbList\",\"@id\":\"https:\/\/asdevices.com\/fr\/a-propos\/#breadcrumb\",\"itemListElement\":[{\"@type\":\"ListItem\",\"position\":1,\"name\":\"Home\",\"item\":\"https:\/\/asdevices.com\/fr\/\"},{\"@type\":\"ListItem\",\"position\":2,\"name\":\"\u00c0 propos de nous\"}]},{\"@type\":\"WebSite\",\"@id\":\"https:\/\/asdevices.com\/#website\",\"url\":\"https:\/\/asdevices.com\/\",\"name\":\"ASDevices\",\"description\":\"\",\"publisher\":{\"@id\":\"https:\/\/asdevices.com\/#organization\"},\"potentialAction\":[{\"@type\":\"SearchAction\",\"target\":{\"@type\":\"EntryPoint\",\"urlTemplate\":\"https:\/\/asdevices.com\/?s={search_term_string}\"},\"query-input\":{\"@type\":\"PropertyValueSpecification\",\"valueRequired\":true,\"valueName\":\"search_term_string\"}}],\"inLanguage\":\"fr-FR\"},{\"@type\":\"Organization\",\"@id\":\"https:\/\/asdevices.com\/#organization\",\"name\":\"ASDevices\",\"url\":\"https:\/\/asdevices.com\/\",\"logo\":{\"@type\":\"ImageObject\",\"inLanguage\":\"fr-FR\",\"@id\":\"https:\/\/asdevices.com\/#\/schema\/logo\/image\/\",\"url\":\"http:\/\/cmt.a7d.mywebsitetransfer.com\/wp-content\/uploads\/2021\/12\/asdevices_logo.png\",\"contentUrl\":\"http:\/\/cmt.a7d.mywebsitetransfer.com\/wp-content\/uploads\/2021\/12\/asdevices_logo.png\",\"width\":370,\"height\":182,\"caption\":\"ASDevices\"},\"image\":{\"@id\":\"https:\/\/asdevices.com\/#\/schema\/logo\/image\/\"},\"sameAs\":[\"https:\/\/x.com\/as_devices\",\"https:\/\/www.linkedin.com\/company\/asdevices\/mycompany\/?viewAsMember=true\"]}]}<\/script>\n<!-- \/ Yoast SEO plugin. -->","yoast_head_json":{"title":"\u00c0 propos de nous - ASDevices","description":"ASDevices is an international leader in gas analysis instruments for semiconductor, hydrogen purity and other industrial gas analysis.","robots":{"index":"index","follow":"follow","max-snippet":"max-snippet:-1","max-image-preview":"max-image-preview:large","max-video-preview":"max-video-preview:-1"},"canonical":"https:\/\/asdevices.com\/fr\/a-propos\/","og_locale":"fr_FR","og_type":"article","og_title":"\u00c0 propos de nous - ASDevices","og_description":"ASDevices is an international leader in gas analysis instruments for semiconductor, hydrogen purity and other industrial gas analysis.","og_url":"https:\/\/asdevices.com\/fr\/a-propos\/","og_site_name":"ASDevices","article_modified_time":"2024-10-02T13:12:06+00:00","og_image":[{"width":1200,"height":630,"url":"https:\/\/asdevices.com\/wp-content\/uploads\/2021\/12\/ogimage.jpg","type":"image\/jpeg"}],"twitter_card":"summary_large_image","twitter_site":"@as_devices","twitter_misc":{"Dur\u00e9e de lecture estim\u00e9e":"1 minute"},"schema":{"@context":"https:\/\/schema.org","@graph":[{"@type":"WebPage","@id":"https:\/\/asdevices.com\/fr\/a-propos\/","url":"https:\/\/asdevices.com\/fr\/a-propos\/","name":"\u00c0 propos de nous - ASDevices","isPartOf":{"@id":"https:\/\/asdevices.com\/#website"},"primaryImageOfPage":{"@id":"https:\/\/asdevices.com\/fr\/a-propos\/#primaryimage"},"image":{"@id":"https:\/\/asdevices.com\/fr\/a-propos\/#primaryimage"},"thumbnailUrl":"https:\/\/asdevices.com\/wp-content\/uploads\/2021\/12\/ogimage.jpg","datePublished":"2021-11-04T13:30:50+00:00","dateModified":"2024-10-02T13:12:06+00:00","description":"ASDevices is an international leader in gas analysis instruments for semiconductor, hydrogen purity and other industrial gas analysis.","breadcrumb":{"@id":"https:\/\/asdevices.com\/fr\/a-propos\/#breadcrumb"},"inLanguage":"fr-FR","potentialAction":[{"@type":"ReadAction","target":["https:\/\/asdevices.com\/fr\/a-propos\/"]}]},{"@type":"ImageObject","inLanguage":"fr-FR","@id":"https:\/\/asdevices.com\/fr\/a-propos\/#primaryimage","url":"https:\/\/asdevices.com\/wp-content\/uploads\/2021\/12\/ogimage.jpg","contentUrl":"https:\/\/asdevices.com\/wp-content\/uploads\/2021\/12\/ogimage.jpg","width":1200,"height":630},{"@type":"BreadcrumbList","@id":"https:\/\/asdevices.com\/fr\/a-propos\/#breadcrumb","itemListElement":[{"@type":"ListItem","position":1,"name":"Home","item":"https:\/\/asdevices.com\/fr\/"},{"@type":"ListItem","position":2,"name":"\u00c0 propos de nous"}]},{"@type":"WebSite","@id":"https:\/\/asdevices.com\/#website","url":"https:\/\/asdevices.com\/","name":"ASDevices","description":"","publisher":{"@id":"https:\/\/asdevices.com\/#organization"},"potentialAction":[{"@type":"SearchAction","target":{"@type":"EntryPoint","urlTemplate":"https:\/\/asdevices.com\/?s={search_term_string}"},"query-input":{"@type":"PropertyValueSpecification","valueRequired":true,"valueName":"search_term_string"}}],"inLanguage":"fr-FR"},{"@type":"Organization","@id":"https:\/\/asdevices.com\/#organization","name":"ASDevices","url":"https:\/\/asdevices.com\/","logo":{"@type":"ImageObject","inLanguage":"fr-FR","@id":"https:\/\/asdevices.com\/#\/schema\/logo\/image\/","url":"http:\/\/cmt.a7d.mywebsitetransfer.com\/wp-content\/uploads\/2021\/12\/asdevices_logo.png","contentUrl":"http:\/\/cmt.a7d.mywebsitetransfer.com\/wp-content\/uploads\/2021\/12\/asdevices_logo.png","width":370,"height":182,"caption":"ASDevices"},"image":{"@id":"https:\/\/asdevices.com\/#\/schema\/logo\/image\/"},"sameAs":["https:\/\/x.com\/as_devices","https:\/\/www.linkedin.com\/company\/asdevices\/mycompany\/?viewAsMember=true"]}]}},"_links":{"self":[{"href":"https:\/\/asdevices.com\/fr\/wp-json\/wp\/v2\/pages\/3364","targetHints":{"allow":["GET"]}}],"collection":[{"href":"https:\/\/asdevices.com\/fr\/wp-json\/wp\/v2\/pages"}],"about":[{"href":"https:\/\/asdevices.com\/fr\/wp-json\/wp\/v2\/types\/page"}],"author":[{"embeddable":true,"href":"https:\/\/asdevices.com\/fr\/wp-json\/wp\/v2\/users\/1"}],"replies":[{"embeddable":true,"href":"https:\/\/asdevices.com\/fr\/wp-json\/wp\/v2\/comments?post=3364"}],"version-history":[{"count":7,"href":"https:\/\/asdevices.com\/fr\/wp-json\/wp\/v2\/pages\/3364\/revisions"}],"predecessor-version":[{"id":4259,"href":"https:\/\/asdevices.com\/fr\/wp-json\/wp\/v2\/pages\/3364\/revisions\/4259"}],"wp:featuredmedia":[{"embeddable":true,"href":"https:\/\/asdevices.com\/fr\/wp-json\/wp\/v2\/media\/1923"}],"wp:attachment":[{"href":"https:\/\/asdevices.com\/fr\/wp-json\/wp\/v2\/media?parent=3364"}],"curies":[{"name":"wp","href":"https:\/\/api.w.org\/{rel}","templated":true}]}}