{"id":3358,"date":"2021-11-04T15:29:55","date_gmt":"2021-11-04T15:29:55","guid":{"rendered":"https:\/\/asdevices.com\/products\/"},"modified":"2024-01-19T19:57:30","modified_gmt":"2024-01-19T19:57:30","slug":"products","status":"publish","type":"page","link":"https:\/\/asdevices.com\/fr\/products\/","title":{"rendered":"Produits"},"content":{"rendered":"\n<p><\/p>\n\n\n<div class=\"bk-inter-hero \">\n    <div class=\"wrapper-s\">\n                    <span class=\"breadcrumbs\"><!-- Breadcrumb NavXT 7.4.1 -->\n<span property=\"itemListElement\" typeof=\"ListItem\"><a property=\"item\" typeof=\"WebPage\" title=\"Go to ASDevices.\" href=\"https:\/\/asdevices.com\/fr\/\" class=\"home\" ><span property=\"name\">ASDevices<\/span><\/a><meta property=\"position\" content=\"1\"><\/span> <i>&gt; <\/i><span property=\"itemListElement\" typeof=\"ListItem\"><a property=\"item\" typeof=\"WebPage\" title=\"Go to \u00c0 propos de nous.\" href=\"https:\/\/asdevices.com\/fr\/a-propos\/\" class=\"post post-page\" ><span property=\"name\">\u00c0 propos de nous<\/span><\/a><meta property=\"position\" content=\"2\"><\/span> <i>&gt; <\/i><span property=\"itemListElement\" typeof=\"ListItem\"><a property=\"item\" typeof=\"WebPage\" title=\"Go to Nos nouvelles.\" href=\"https:\/\/asdevices.com\/fr\/a-propos\/our-news\/\" class=\"post-root post post-post\" aria-current=\"page\"><span property=\"name\">Nos nouvelles<\/span><\/a><meta property=\"position\" content=\"3\"><\/span><\/span>\n                            <div class=\"image\">\n                                                                                        <img decoding=\"async\" src=\"https:\/\/asdevices.com\/wp-content\/uploads\/2021\/11\/Family@1x.png\" alt=\"\">\n                                                                        <\/div>\n                        <div class=\"content\">\n            <span class=\"sup-title\">Produits<\/span>            <h1>D\u00e9veloppez des <strong>applications GC<\/strong> avec les blocs modulaires innovants d&rsquo;ASDevices <\/h1>            <p>Concevez la solution dont vous avez besoin gr\u00e2ce \u00e0 vaste gamme de composantes et de modules de GC de haute qualit\u00e9. Tous nos produits peuvent \u00eatre int\u00e9gr\u00e9s dans n&rsquo;importe quelle plateforme GC tierce. Choisissez l&rsquo;une de nos plateformes GC innovantes, avec son puissant logiciel ASDSense et ses fonctions de traitement du signal.<\/p>                    <\/div>\n        <a href=\".bk-grid-icons\" class=\"goto\"><\/a>    <\/div>\n<\/div>\n\n<div class=\"bk-grid-icons\">\n    <div class=\"wrapper-s\">\n        <h2>Pourquoi <strong>choisir<\/strong> nos produits?<\/h2>                    <div class=\"grid\">\n                                    <div class=\"item\">\n                        <img decoding=\"async\" src=\"https:\/\/asdevices.com\/wp-content\/uploads\/2021\/11\/plugandplay.svg\" alt=\"\">                        <span>Pr\u00eat \u00e0 l&#8217;emploi<\/span>                        <p>Compatible avec toutes les plateformes GC<\/p>                    <\/div>\n                                    <div class=\"item\">\n                        <img decoding=\"async\" src=\"https:\/\/asdevices.com\/wp-content\/uploads\/2021\/11\/robust-1.svg\" alt=\"\">                        <span>Plus robustes<\/span>                        <p>Con\u00e7u et soutenu par des experts<\/p>                    <\/div>\n                                    <div class=\"item\">\n                        <img decoding=\"async\" src=\"https:\/\/asdevices.com\/wp-content\/uploads\/2021\/11\/performance.svg\" alt=\"\">                        <span>Haute performance<\/span>                        <p>Des r\u00e9sultats pr\u00e9cis et reproductibles<\/p>                    <\/div>\n                                    <div class=\"item\">\n                        <img decoding=\"async\" src=\"https:\/\/asdevices.com\/wp-content\/uploads\/2021\/11\/quality.svg\" alt=\"\">                        <span>Qualit\u00e9 et durabilit\u00e9<\/span>                        <p>Faible co\u00fbt d&rsquo;entretien<\/p>                    <\/div>\n                            <\/div>\n            <\/div>\n<\/div>\n\n<div class=\"bk-grid-components\">\n    <div class=\"wrapper-s\">\n        <h2><strong>Composants GC<\/strong> pour chaque application<\/h2>        <p>Notre gamme compl\u00e8te de composants GC innovants et de haute qualit\u00e9 a \u00e9t\u00e9 con\u00e7ue pour am\u00e9liorer les performances et la durabilit\u00e9 de votre solution. De plus, tous nos composants ont \u00e9t\u00e9 optimis\u00e9s pour fonctionner avec notre \u00e9cosyst\u00e8me de produits ou pour \u00eatre int\u00e9gr\u00e9s dans des produits tiers.<\/p>                <div class=\"grid\">\n            <a class=\"item\" href=\"https:\/\/asdevices.com\/fr\/categorie-produit\/detecteurs\/\">\n                    <img decoding=\"async\" src=\"https:\/\/asdevices.com\/wp-content\/uploads\/2021\/10\/SePdd-604px-396px-580x380.png\" alt=\"https:\/\/asdevices.com\/wp-content\/uploads\/2021\/10\/SePdd-604px-396px.png\"><span>D\u00e9tecteurs<\/span>\n                <\/a><\/li><a class=\"item\" href=\"https:\/\/asdevices.com\/fr\/categorie-produit\/plateformes-gc\/\">\n                    <img decoding=\"async\" src=\"https:\/\/asdevices.com\/wp-content\/uploads\/2021\/11\/web_IMG9204-580x380.jpg\" alt=\"https:\/\/asdevices.com\/wp-content\/uploads\/2021\/11\/web_IMG9204.jpg\"><span>Plateformes GC<\/span>\n                <\/a><\/li><a class=\"item\" href=\"https:\/\/asdevices.com\/fr\/categorie-produit\/gc-valves-fr\/\">\n                    <img decoding=\"async\" src=\"https:\/\/asdevices.com\/wp-content\/uploads\/2021\/11\/web_IMG9232-580x380.jpg\" alt=\"https:\/\/asdevices.com\/wp-content\/uploads\/2021\/11\/web_IMG9232.jpg\"><span>Vannes GC et HPLC<\/span>\n                <\/a><\/li><a class=\"item\" href=\"https:\/\/asdevices.com\/fr\/categorie-produit\/colonnes-gc\/\">\n                    <img decoding=\"async\" src=\"https:\/\/asdevices.com\/wp-content\/uploads\/2021\/11\/web_IMG0045-580x380.jpg\" alt=\"https:\/\/asdevices.com\/wp-content\/uploads\/2021\/11\/web_IMG0045.jpg\"><span>Colonnes GC<\/span>\n                <\/a><\/li><a class=\"item\" href=\"https:\/\/asdevices.com\/fr\/categorie-produit\/accesoires-de-support\/\">\n                    <img decoding=\"async\" src=\"https:\/\/asdevices.com\/wp-content\/uploads\/2021\/11\/GasCalibrationSystem_r_IMG5180-interface-580x380.jpg\" alt=\"https:\/\/asdevices.com\/wp-content\/uploads\/2021\/11\/GasCalibrationSystem_r_IMG5180-interface.jpg\"><span>Accesoires de support<\/span>\n                <\/a><\/li><a class=\"item\" href=\"https:\/\/asdevices.com\/fr\/categorie-produit\/tubes-et-raccords\/\">\n                    <img decoding=\"async\" src=\"https:\/\/asdevices.com\/wp-content\/uploads\/2021\/12\/web_IMG9242-580x380.jpg\" alt=\"https:\/\/asdevices.com\/wp-content\/uploads\/2021\/12\/web_IMG9242.jpg\"><span>Tubes et raccords<\/span>\n                <\/a><\/li><a class=\"item\" href=\"https:\/\/asdevices.com\/fr\/categorie-produit\/purifiers-fr\/\">\n                    <img decoding=\"async\" src=\"https:\/\/asdevices.com\/wp-content\/uploads\/2021\/11\/web_IMG0074-580x380.jpg\" alt=\"https:\/\/asdevices.com\/wp-content\/uploads\/2021\/11\/web_IMG0074.jpg\"><span>Purificateurs<\/span>\n                <\/a><\/li><a class=\"item\" href=\"https:\/\/asdevices.com\/fr\/categorie-produit\/products-under-development-fr\/\">\n                    <img decoding=\"async\" src=\"https:\/\/asdevices.com\/wp-content\/uploads\/2021\/11\/FePID_r-580x380.jpg\" alt=\"https:\/\/asdevices.com\/wp-content\/uploads\/2021\/11\/FePID_r.jpg\"><span>Produits en d\u00e9veloppement<\/span>\n                <\/a><\/li>        <\/div>\n                <p><strong>Vous ne trouvez pas ?<\/strong> <a href=\"http:\/\/asdevices.com\/talk-to-one-of-our-experts\/\">Mettez-nous au d\u00e9fi !<\/a><\/p>            <\/div>\n<\/div>\n\n<div class=\"bk-banner-light\">\n    <div class=\"wrapper-s\">\n        <h2>Produits en d\u00e9veloppement<\/h2><p>Chez ASDevices, nous red\u00e9finissons constamment l&rsquo;industrie du GC. Chaque jour, notre \u00e9quipe d&rsquo;ing\u00e9nieurs, de chimistes et de scientifiques hautement qualifi\u00e9s se consacre au d\u00e9veloppement de nouveaux produits, au test et \u00e0 l&rsquo;am\u00e9lioration des produits existants, pour aller plus loin et mieux r\u00e9pondre \u00e0 vos besoins en mati\u00e8re d&rsquo;analyse des gaz.<\/p>\n<a class=\"btn\" target=\"\" href=\"https:\/\/asdevices.com\/products\/category\/products-under-development\/\">Voir nos produits en d\u00e9veloppement<\/a>    <\/div>\n<\/div>\n\n<div class=\"bk-column-dots\" style=\"padding-bottom:0\">\n    <div class=\"wrapper-s\">\n        <img decoding=\"async\" src=\"https:\/\/asdevices.com\/wp-content\/uploads\/2021\/12\/rackmount-1.jpg\" alt=\"\">        <h2>Plateformes <strong>GC<\/strong> pr\u00eates \u00e0 l&#8217;emploi pour une plus grande facilit\u00e9 d&rsquo;utilisation<\/h2>        <div class=\"row\">\n<div class=\"column first\">\n<p>Nous avons con\u00e7u toutes nos plates-formes d&rsquo;analyse GC innovantes avec la m\u00eame philosophie : les rendre robustes, modulaires et, surtout, faciles \u00e0 utiliser. Elles sont toutes pr\u00eates \u00e0 l&#8217;emploi &#8211; il vous suffit de s\u00e9lectionner la plateforme dont vous avez besoin en fonction des exigences de votre application gazi\u00e8re et de commencer.<\/p>\n<\/div>\n<div class=\"column\">\n<p><strong>Pour tous vos besoins GC<\/strong><\/p>\n<ul>\n<li>Analyse de gaz de proc\u00e9d\u00e9s<\/li>\n<li>Analyse de gaz en laboratoire<\/li>\n<\/ul>\n<\/div>\n<\/div>\n        <a class=\"btn\" target=\"\" href=\"http:\/\/asdevices.com\/products\/category\/gc-platforms\/\">Comparez nos plateformes<\/a>    <\/div>\n<\/div>\n\n<div class=\"bk-banner-dark\">\n    <div class=\"wrapper-s\">\n        <h2>Parlez \u00e0 un expert<\/h2><p>Avec plus de 30 ans d&rsquo;exp\u00e9rience dans le domaine de la chromatographie en phase gazeuse, nos experts peuvent vous aider \u00e0 trouver la solution id\u00e9ale pour l&rsquo;analyse des gaz. Qu&rsquo;il s&rsquo;agisse de choisir les bons produits parmi notre vaste gamme d&rsquo;appareils ou de concevoir un produit sur mesure, nous travaillons en \u00e9troite collaboration avec nos clients pour r\u00e9pondre \u00e0 tous leurs besoins en mati\u00e8re de chromatographie en phase gazeuse.<\/p>\n<a class=\"btn\" target=\"\" href=\"https:\/\/www.asdevices.com\/talk-to-one-of-our-experts\/\">Contactez-nous<\/a>    <\/div>\n<\/div>","protected":false},"excerpt":{"rendered":"","protected":false},"author":1,"featured_media":612,"parent":0,"menu_order":0,"comment_status":"closed","ping_status":"closed","template":"","meta":{"_acf_changed":false,"inline_featured_image":false,"footnotes":""},"class_list":["post-3358","page","type-page","status-publish","has-post-thumbnail","hentry"],"acf":[],"yoast_head":"<!-- This site is optimized with the Yoast SEO plugin v26.4 - https:\/\/yoast.com\/wordpress\/plugins\/seo\/ -->\n<title>Produits - ASDevices<\/title>\n<meta name=\"description\" content=\"Instruments robustes et pr\u00e9cis d&#039;analyse des gaz pour les semi-conducteurs, la puret\u00e9 de l&#039;hydrog\u00e8ne et de nombreux autres gaz industriels.\" \/>\n<meta name=\"robots\" content=\"index, follow, max-snippet:-1, max-image-preview:large, max-video-preview:-1\" \/>\n<link rel=\"canonical\" href=\"https:\/\/asdevices.com\/products\/\" \/>\n<meta property=\"og:locale\" content=\"fr_FR\" \/>\n<meta property=\"og:type\" content=\"article\" \/>\n<meta property=\"og:title\" content=\"Produits - ASDevices\" \/>\n<meta property=\"og:description\" content=\"Instruments robustes et pr\u00e9cis d&#039;analyse des gaz pour les semi-conducteurs, la puret\u00e9 de l&#039;hydrog\u00e8ne et de nombreux autres gaz industriels.\" \/>\n<meta property=\"og:url\" content=\"https:\/\/asdevices.com\/products\/\" \/>\n<meta property=\"og:site_name\" content=\"ASDevices\" \/>\n<meta property=\"article:modified_time\" content=\"2024-01-19T19:57:30+00:00\" \/>\n<meta property=\"og:image\" content=\"https:\/\/asdevices.com\/wp-content\/uploads\/2021\/11\/Family@1x.png\" \/>\n\t<meta property=\"og:image:width\" content=\"669\" \/>\n\t<meta property=\"og:image:height\" content=\"447\" \/>\n\t<meta property=\"og:image:type\" content=\"image\/png\" \/>\n<meta name=\"twitter:card\" content=\"summary_large_image\" \/>\n<meta name=\"twitter:site\" content=\"@as_devices\" \/>\n<script type=\"application\/ld+json\" class=\"yoast-schema-graph\">{\"@context\":\"https:\/\/schema.org\",\"@graph\":[{\"@type\":\"WebPage\",\"@id\":\"https:\/\/asdevices.com\/products\/\",\"url\":\"https:\/\/asdevices.com\/products\/\",\"name\":\"Produits - ASDevices\",\"isPartOf\":{\"@id\":\"https:\/\/asdevices.com\/#website\"},\"primaryImageOfPage\":{\"@id\":\"https:\/\/asdevices.com\/products\/#primaryimage\"},\"image\":{\"@id\":\"https:\/\/asdevices.com\/products\/#primaryimage\"},\"thumbnailUrl\":\"https:\/\/asdevices.com\/wp-content\/uploads\/2021\/11\/Family@1x.png\",\"datePublished\":\"2021-11-04T15:29:55+00:00\",\"dateModified\":\"2024-01-19T19:57:30+00:00\",\"description\":\"Instruments robustes et pr\u00e9cis d'analyse des gaz pour les semi-conducteurs, la puret\u00e9 de l'hydrog\u00e8ne et de nombreux autres gaz industriels.\",\"breadcrumb\":{\"@id\":\"https:\/\/asdevices.com\/products\/#breadcrumb\"},\"inLanguage\":\"fr-FR\",\"potentialAction\":[{\"@type\":\"ReadAction\",\"target\":[\"https:\/\/asdevices.com\/products\/\"]}]},{\"@type\":\"ImageObject\",\"inLanguage\":\"fr-FR\",\"@id\":\"https:\/\/asdevices.com\/products\/#primaryimage\",\"url\":\"https:\/\/asdevices.com\/wp-content\/uploads\/2021\/11\/Family@1x.png\",\"contentUrl\":\"https:\/\/asdevices.com\/wp-content\/uploads\/2021\/11\/Family@1x.png\",\"width\":669,\"height\":447},{\"@type\":\"BreadcrumbList\",\"@id\":\"https:\/\/asdevices.com\/products\/#breadcrumb\",\"itemListElement\":[{\"@type\":\"ListItem\",\"position\":1,\"name\":\"Home\",\"item\":\"https:\/\/asdevices.com\/fr\/\"},{\"@type\":\"ListItem\",\"position\":2,\"name\":\"Produits\"}]},{\"@type\":\"WebSite\",\"@id\":\"https:\/\/asdevices.com\/#website\",\"url\":\"https:\/\/asdevices.com\/\",\"name\":\"ASDevices\",\"description\":\"\",\"publisher\":{\"@id\":\"https:\/\/asdevices.com\/#organization\"},\"potentialAction\":[{\"@type\":\"SearchAction\",\"target\":{\"@type\":\"EntryPoint\",\"urlTemplate\":\"https:\/\/asdevices.com\/?s={search_term_string}\"},\"query-input\":{\"@type\":\"PropertyValueSpecification\",\"valueRequired\":true,\"valueName\":\"search_term_string\"}}],\"inLanguage\":\"fr-FR\"},{\"@type\":\"Organization\",\"@id\":\"https:\/\/asdevices.com\/#organization\",\"name\":\"ASDevices\",\"url\":\"https:\/\/asdevices.com\/\",\"logo\":{\"@type\":\"ImageObject\",\"inLanguage\":\"fr-FR\",\"@id\":\"https:\/\/asdevices.com\/#\/schema\/logo\/image\/\",\"url\":\"http:\/\/cmt.a7d.mywebsitetransfer.com\/wp-content\/uploads\/2021\/12\/asdevices_logo.png\",\"contentUrl\":\"http:\/\/cmt.a7d.mywebsitetransfer.com\/wp-content\/uploads\/2021\/12\/asdevices_logo.png\",\"width\":370,\"height\":182,\"caption\":\"ASDevices\"},\"image\":{\"@id\":\"https:\/\/asdevices.com\/#\/schema\/logo\/image\/\"},\"sameAs\":[\"https:\/\/x.com\/as_devices\",\"https:\/\/www.linkedin.com\/company\/asdevices\/mycompany\/?viewAsMember=true\"]}]}<\/script>\n<!-- \/ Yoast SEO plugin. -->","yoast_head_json":{"title":"Produits - ASDevices","description":"Instruments robustes et pr\u00e9cis d'analyse des gaz pour les semi-conducteurs, la puret\u00e9 de l'hydrog\u00e8ne et de nombreux autres gaz industriels.","robots":{"index":"index","follow":"follow","max-snippet":"max-snippet:-1","max-image-preview":"max-image-preview:large","max-video-preview":"max-video-preview:-1"},"canonical":"https:\/\/asdevices.com\/products\/","og_locale":"fr_FR","og_type":"article","og_title":"Produits - ASDevices","og_description":"Instruments robustes et pr\u00e9cis d'analyse des gaz pour les semi-conducteurs, la puret\u00e9 de l'hydrog\u00e8ne et de nombreux autres gaz industriels.","og_url":"https:\/\/asdevices.com\/products\/","og_site_name":"ASDevices","article_modified_time":"2024-01-19T19:57:30+00:00","og_image":[{"width":669,"height":447,"url":"https:\/\/asdevices.com\/wp-content\/uploads\/2021\/11\/Family@1x.png","type":"image\/png"}],"twitter_card":"summary_large_image","twitter_site":"@as_devices","schema":{"@context":"https:\/\/schema.org","@graph":[{"@type":"WebPage","@id":"https:\/\/asdevices.com\/products\/","url":"https:\/\/asdevices.com\/products\/","name":"Produits - ASDevices","isPartOf":{"@id":"https:\/\/asdevices.com\/#website"},"primaryImageOfPage":{"@id":"https:\/\/asdevices.com\/products\/#primaryimage"},"image":{"@id":"https:\/\/asdevices.com\/products\/#primaryimage"},"thumbnailUrl":"https:\/\/asdevices.com\/wp-content\/uploads\/2021\/11\/Family@1x.png","datePublished":"2021-11-04T15:29:55+00:00","dateModified":"2024-01-19T19:57:30+00:00","description":"Instruments robustes et pr\u00e9cis d'analyse des gaz pour les semi-conducteurs, la puret\u00e9 de l'hydrog\u00e8ne et de nombreux autres gaz industriels.","breadcrumb":{"@id":"https:\/\/asdevices.com\/products\/#breadcrumb"},"inLanguage":"fr-FR","potentialAction":[{"@type":"ReadAction","target":["https:\/\/asdevices.com\/products\/"]}]},{"@type":"ImageObject","inLanguage":"fr-FR","@id":"https:\/\/asdevices.com\/products\/#primaryimage","url":"https:\/\/asdevices.com\/wp-content\/uploads\/2021\/11\/Family@1x.png","contentUrl":"https:\/\/asdevices.com\/wp-content\/uploads\/2021\/11\/Family@1x.png","width":669,"height":447},{"@type":"BreadcrumbList","@id":"https:\/\/asdevices.com\/products\/#breadcrumb","itemListElement":[{"@type":"ListItem","position":1,"name":"Home","item":"https:\/\/asdevices.com\/fr\/"},{"@type":"ListItem","position":2,"name":"Produits"}]},{"@type":"WebSite","@id":"https:\/\/asdevices.com\/#website","url":"https:\/\/asdevices.com\/","name":"ASDevices","description":"","publisher":{"@id":"https:\/\/asdevices.com\/#organization"},"potentialAction":[{"@type":"SearchAction","target":{"@type":"EntryPoint","urlTemplate":"https:\/\/asdevices.com\/?s={search_term_string}"},"query-input":{"@type":"PropertyValueSpecification","valueRequired":true,"valueName":"search_term_string"}}],"inLanguage":"fr-FR"},{"@type":"Organization","@id":"https:\/\/asdevices.com\/#organization","name":"ASDevices","url":"https:\/\/asdevices.com\/","logo":{"@type":"ImageObject","inLanguage":"fr-FR","@id":"https:\/\/asdevices.com\/#\/schema\/logo\/image\/","url":"http:\/\/cmt.a7d.mywebsitetransfer.com\/wp-content\/uploads\/2021\/12\/asdevices_logo.png","contentUrl":"http:\/\/cmt.a7d.mywebsitetransfer.com\/wp-content\/uploads\/2021\/12\/asdevices_logo.png","width":370,"height":182,"caption":"ASDevices"},"image":{"@id":"https:\/\/asdevices.com\/#\/schema\/logo\/image\/"},"sameAs":["https:\/\/x.com\/as_devices","https:\/\/www.linkedin.com\/company\/asdevices\/mycompany\/?viewAsMember=true"]}]}},"_links":{"self":[{"href":"https:\/\/asdevices.com\/fr\/wp-json\/wp\/v2\/pages\/3358","targetHints":{"allow":["GET"]}}],"collection":[{"href":"https:\/\/asdevices.com\/fr\/wp-json\/wp\/v2\/pages"}],"about":[{"href":"https:\/\/asdevices.com\/fr\/wp-json\/wp\/v2\/types\/page"}],"author":[{"embeddable":true,"href":"https:\/\/asdevices.com\/fr\/wp-json\/wp\/v2\/users\/1"}],"replies":[{"embeddable":true,"href":"https:\/\/asdevices.com\/fr\/wp-json\/wp\/v2\/comments?post=3358"}],"version-history":[{"count":3,"href":"https:\/\/asdevices.com\/fr\/wp-json\/wp\/v2\/pages\/3358\/revisions"}],"predecessor-version":[{"id":3362,"href":"https:\/\/asdevices.com\/fr\/wp-json\/wp\/v2\/pages\/3358\/revisions\/3362"}],"wp:featuredmedia":[{"embeddable":true,"href":"https:\/\/asdevices.com\/fr\/wp-json\/wp\/v2\/media\/612"}],"wp:attachment":[{"href":"https:\/\/asdevices.com\/fr\/wp-json\/wp\/v2\/media?parent=3358"}],"curies":[{"name":"wp","href":"https:\/\/api.w.org\/{rel}","templated":true}]}}